{"id":7275,"date":"2016-05-12T16:15:56","date_gmt":"2016-05-12T14:15:56","guid":{"rendered":"https:\/\/agriturismolagiara.it\/comment-se-rendre-2\/"},"modified":"2025-05-05T17:56:52","modified_gmt":"2025-05-05T15:56:52","slug":"comment-se-rendre-2","status":"publish","type":"page","link":"https:\/\/www.agriturismolagiara.it\/fr\/comment-se-rendre-2\/","title":{"rendered":"Comment se Rendre"},"content":{"rendered":"\t\t<div data-elementor-type=\"wp-page\" data-elementor-id=\"7275\" class=\"elementor elementor-7275 elementor-5365\" data-elementor-post-type=\"page\">\n\t\t\t\t<div class=\"elementor-element elementor-element-4c336a5 e-con-full e-flex e-con e-parent\" data-id=\"4c336a5\" data-element_type=\"container\" data-e-type=\"container\" data-settings=\"{&quot;background_background&quot;:&quot;classic&quot;}\">\n\t\t<div class=\"elementor-element elementor-element-2094d3d e-flex e-con-boxed e-con e-child\" data-id=\"2094d3d\" data-element_type=\"container\" data-e-type=\"container\">\n\t\t\t\t\t<div class=\"e-con-inner\">\n\t\t\t\t<div class=\"elementor-element elementor-element-4a1639d elementor-widget elementor-widget-text-editor\" data-id=\"4a1639d\" data-element_type=\"widget\" data-e-type=\"widget\" data-widget_type=\"text-editor.default\">\n\t\t\t\t<div class=\"elementor-widget-container\">\n\t\t\t\t\t\t\t\t\t<h1 class=\"sc_title sc_title_center\" style=\"text-align: center;\">FERME AGRICOLE<\/h1><p style=\"text-align: center; font-size: 11px; font-weight: 500; letter-spacing: 2px;\">Le r\u00eave&#8230; devenu&#8230; r\u00e9alit\u00e9.<\/p><p>Au cours de ces ann\u00e9es, j&rsquo;ai entam\u00e9 avec ma famille un voyage difficile mais merveilleux !<br>La philosophie qui nous pousse \u00e0 aller de l&rsquo;avant pas \u00e0 pas, c&rsquo;est l&rsquo;amour&#8230; l&rsquo;amour de la nature, l&rsquo;amour des animaux, l&rsquo;amour des autres, l&rsquo;amour de soi, l&rsquo;amour de la vie&#8230;<br>C&rsquo;est pourquoi vous trouverez autour de vous LA VRAIE NATURE dont nous souhaitons faire partie, en toute discr\u00e9tion&#8230; Marcher dans les plates-bandes du potager, parmi les oliviers, les arbres fruitiers, les animaux, c&rsquo;est fantastique&#8230; Tout cohabite en harmonie et en \u00e9quilibre&#8230;<br>Notre chemin est encore long&#8230; mais, en vivant au milieu de la nature, j&rsquo;ai appris \u00e0 \u00eatre patiente, \u00e0 m&rsquo;arr\u00eater pour observer&#8230; \u00e0 respecter&#8230; \u00e0 respirer&#8230; \u00e0 \u00e9couter&#8230; \u00e0 m&rsquo;\u00e9mouvoir comme quand j&rsquo;\u00e9tais petite&#8230; \u00bb<\/p><p>La Giara est un domaine d&rsquo;environ 7 hectares, une petite entreprise qui, comme par le pass\u00e9, cherche \u00e0 \u00eatre autosuffisante.<br>Dans nos potagers cultiv\u00e9s selon une m\u00e9thode synergique naturelle, les plantes vivent en harmonie.<br>La terre est respect\u00e9e, la patience est r\u00e9compens\u00e9e<br>Nous exp\u00e9rimentons la m\u00e9thode Fukuoka pour semer du bl\u00e9, de l&rsquo;\u00e9peautre et du ma\u00efs sur sol nu.<br>Nous semons le bl\u00e9 dur du SENATORE CAPPELLI ;<br>Nous participons \u00e0 la r\u00e9cup\u00e9ration du GRANO ANTICO BIANCO (bl\u00e9 blanc ancien) des vall\u00e9es de Suvero dans le Val di Vara.<br>Nous semons le bl\u00e9 tendre de la vari\u00e9t\u00e9 FRASSINETTO.<br>Une production mod\u00e9r\u00e9e d&rsquo;huile d&rsquo;olive extra vierge peut \u00eatre d\u00e9gust\u00e9e par les h\u00f4tes.<br>La production de fruits locaux augmente dans l&rsquo;entreprise, pour la transformation en d\u00e9licieuses confitures qui seront servies au petit-d\u00e9jeuner.<\/p>\t\t\t\t\t\t\t\t<\/div>\n\t\t\t\t<\/div>\n\t\t\t\t\t<\/div>\n\t\t\t\t<\/div>\n\t\t\t\t<\/div>\n\t\t<div class=\"elementor-element elementor-element-3b6198c e-flex e-con-boxed e-con e-parent\" data-id=\"3b6198c\" data-element_type=\"container\" data-e-type=\"container\">\n\t\t\t\t\t<div class=\"e-con-inner\">\n\t\t<div class=\"elementor-element elementor-element-a33277c e-con-full e-flex e-con e-child\" data-id=\"a33277c\" data-element_type=\"container\" data-e-type=\"container\">\n\t\t\t\t<div class=\"elementor-element elementor-element-f342732 elementor-widget elementor-widget-text-editor\" data-id=\"f342732\" data-element_type=\"widget\" data-e-type=\"widget\" data-widget_type=\"text-editor.default\">\n\t\t\t\t<div class=\"elementor-widget-container\">\n\t\t\t\t\t\t\t\t\t<p>C&rsquo;est ici que se rencontrent la force patiente de la terre et le travail de mains habiles, c&rsquo;est ici que na\u00eet ce lien unique qui unit le paysage et la cuisine ; une identit\u00e9 aussi forte que cette terre, un territoire frontalier, rude et difficile \u00e0 oublier.<\/p><p>Ils semblent \u00eatre de simples platitudes, des r\u00e9miniscences d&rsquo;un monde rural aujourd&rsquo;hui disparu, mais le d\u00e9sir croissant et g\u00e9n\u00e9ralis\u00e9 d&rsquo;un mode de vie de plus en plus \u00ab\u00a0biologique\u00a0\u00bb rappelle un certain pass\u00e9 dont il faut se souvenir.<\/p>\t\t\t\t\t\t\t\t<\/div>\n\t\t\t\t<\/div>\n\t\t\t\t<\/div>\n\t\t\t\t\t<\/div>\n\t\t\t\t<\/div>\n\t\t\t\t<\/div>\n\t\t","protected":false},"excerpt":{"rendered":"<p>FERME AGRICOLE Le r\u00eave&#8230; devenu&#8230; r\u00e9alit\u00e9. Au cours de ces ann\u00e9es, j&rsquo;ai entam\u00e9 avec ma famille un voyage difficile mais merveilleux !La philosophie qui nous pousse \u00e0 aller de l&rsquo;avant pas \u00e0 pas, c&rsquo;est l&rsquo;amour&#8230; l&rsquo;amour de la nature, l&rsquo;amour des animaux, l&rsquo;amour des autres, l&rsquo;amour de soi, l&rsquo;amour de la vie&#8230;C&rsquo;est pourquoi vous trouverez [&hellip;]<\/p>\n","protected":false},"author":1,"featured_media":0,"parent":0,"menu_order":0,"comment_status":"closed","ping_status":"open","template":"","meta":{"footnotes":""},"class_list":["post-7275","page","type-page","status-publish","hentry"],"yoast_head":"<!-- This site is optimized with the Yoast SEO plugin v27.0 - https:\/\/yoast.com\/product\/yoast-seo-wordpress\/ -->\n<title>[:it]Come Arrivare all&#039;Agriturismo La Giara[:en]How to reach Agriturismo La Giara[:de]Wie Uns Erreichen Agriturismo La Giara[:fr]Comment se rendre \u00e0 Agriturismo La Giara[:]<\/title>\n<meta name=\"description\" content=\"L&#039;Agriturismo La Giara se trouve \u00e0 Beverino, Via M. Federici, 15. N&#039;h\u00e9sitez pas \u00e0 nous contacter pour plus d&#039;informations. La ferme La Giara est situ\u00e9e \u00e0 Beverino, Via M. Federici, 15. N&#039;h\u00e9sitez pas \u00e0 nous contacter pour plus d&#039;informations. Das Bauernhaus La Giara liegt in Beverino, Via M. Federici, 15. N&#039;h\u00e9sitez pas \u00e0 nous contacter pour plus d&#039;informations. La Ferme La Giara est situ\u00e9e \u00e0 Beverino, Via M. Federici, 15. N&#039;h\u00e9sitez pas \u00e0 nous contacter pour plus d&#039;informations.\" \/>\n<meta name=\"robots\" content=\"index, follow, max-snippet:-1, max-image-preview:large, max-video-preview:-1\" \/>\n<link rel=\"canonical\" href=\"https:\/\/www.agriturismolagiara.it\/fr\/comment-se-rendre-2\/\" \/>\n<meta property=\"og:locale\" content=\"fr_FR\" \/>\n<meta property=\"og:type\" content=\"article\" \/>\n<meta property=\"og:title\" content=\"[:it]Come Arrivare all&#039;Agriturismo La Giara[:en]How to reach Agriturismo La Giara[:de]Wie Uns Erreichen Agriturismo La Giara[:fr]Comment se rendre \u00e0 Agriturismo La Giara[:]\" \/>\n<meta property=\"og:description\" content=\"L&#039;Agriturismo La Giara se trouve \u00e0 Beverino, Via M. Federici, 15. N&#039;h\u00e9sitez pas \u00e0 nous contacter pour plus d&#039;informations. La ferme La Giara est situ\u00e9e \u00e0 Beverino, Via M. Federici, 15. N&#039;h\u00e9sitez pas \u00e0 nous contacter pour plus d&#039;informations. Das Bauernhaus La Giara liegt in Beverino, Via M. Federici, 15. N&#039;h\u00e9sitez pas \u00e0 nous contacter pour plus d&#039;informations. La Ferme La Giara est situ\u00e9e \u00e0 Beverino, Via M. Federici, 15. N&#039;h\u00e9sitez pas \u00e0 nous contacter pour plus d&#039;informations.\" \/>\n<meta property=\"og:url\" content=\"https:\/\/www.agriturismolagiara.it\/fr\/comment-se-rendre-2\/\" \/>\n<meta property=\"og:site_name\" content=\"Agriturismo La Giara\" \/>\n<meta property=\"article:modified_time\" content=\"2025-05-05T15:56:52+00:00\" \/>\n<meta name=\"twitter:label1\" content=\"Dur\u00e9e de lecture estim\u00e9e\" \/>\n\t<meta name=\"twitter:data1\" content=\"2 minutes\" \/>\n<script type=\"application\/ld+json\" class=\"yoast-schema-graph\">{\"@context\":\"https:\/\/schema.org\",\"@graph\":[{\"@type\":\"WebPage\",\"@id\":\"https:\/\/www.agriturismolagiara.it\/fr\/comment-se-rendre-2\/\",\"url\":\"https:\/\/www.agriturismolagiara.it\/fr\/comment-se-rendre-2\/\",\"name\":\"[:it]Come Arrivare all'Agriturismo La Giara[:en]How to reach Agriturismo La Giara[:de]Wie Uns Erreichen Agriturismo La Giara[:fr]Comment se rendre \u00e0 Agriturismo La Giara[:]\",\"isPartOf\":{\"@id\":\"https:\/\/www.agriturismolagiara.it\/#website\"},\"datePublished\":\"2016-05-12T14:15:56+00:00\",\"dateModified\":\"2025-05-05T15:56:52+00:00\",\"description\":\"L'Agriturismo La Giara se trouve \u00e0 Beverino, Via M. Federici, 15. N'h\u00e9sitez pas \u00e0 nous contacter pour plus d'informations. La ferme La Giara est situ\u00e9e \u00e0 Beverino, Via M. Federici, 15. N'h\u00e9sitez pas \u00e0 nous contacter pour plus d'informations. Das Bauernhaus La Giara liegt in Beverino, Via M. Federici, 15. N'h\u00e9sitez pas \u00e0 nous contacter pour plus d'informations. La Ferme La Giara est situ\u00e9e \u00e0 Beverino, Via M. Federici, 15. N'h\u00e9sitez pas \u00e0 nous contacter pour plus d'informations.\",\"breadcrumb\":{\"@id\":\"https:\/\/www.agriturismolagiara.it\/fr\/comment-se-rendre-2\/#breadcrumb\"},\"inLanguage\":\"fr-FR\",\"potentialAction\":[{\"@type\":\"ReadAction\",\"target\":[\"https:\/\/www.agriturismolagiara.it\/fr\/comment-se-rendre-2\/\"]}]},{\"@type\":\"BreadcrumbList\",\"@id\":\"https:\/\/www.agriturismolagiara.it\/fr\/comment-se-rendre-2\/#breadcrumb\",\"itemListElement\":[{\"@type\":\"ListItem\",\"position\":1,\"name\":\"Home\",\"item\":\"https:\/\/www.agriturismolagiara.it\/fr\/page-daccueil\/\"},{\"@type\":\"ListItem\",\"position\":2,\"name\":\"Comment se Rendre\"}]},{\"@type\":\"WebSite\",\"@id\":\"https:\/\/www.agriturismolagiara.it\/#website\",\"url\":\"https:\/\/www.agriturismolagiara.it\/\",\"name\":\"Agriturismo La Giara\",\"description\":\"Qui si incontrano la paziente forza della terra e la fatica delle sapienti mani dell\u2019uomo, qui nasce quel legame unico che lega paesaggio e cucina.\",\"publisher\":{\"@id\":\"https:\/\/www.agriturismolagiara.it\/#organization\"},\"potentialAction\":[{\"@type\":\"SearchAction\",\"target\":{\"@type\":\"EntryPoint\",\"urlTemplate\":\"https:\/\/www.agriturismolagiara.it\/?s={search_term_string}\"},\"query-input\":{\"@type\":\"PropertyValueSpecification\",\"valueRequired\":true,\"valueName\":\"search_term_string\"}}],\"inLanguage\":\"fr-FR\"},{\"@type\":\"Organization\",\"@id\":\"https:\/\/www.agriturismolagiara.it\/#organization\",\"name\":\"Agriturismo La Giara\",\"url\":\"https:\/\/www.agriturismolagiara.it\/\",\"logo\":{\"@type\":\"ImageObject\",\"inLanguage\":\"fr-FR\",\"@id\":\"https:\/\/www.agriturismolagiara.it\/#\/schema\/logo\/image\/\",\"url\":\"https:\/\/www.agriturismolagiara.it\/wp-content\/uploads\/2025\/04\/logo.png\",\"contentUrl\":\"https:\/\/www.agriturismolagiara.it\/wp-content\/uploads\/2025\/04\/logo.png\",\"width\":208,\"height\":163,\"caption\":\"Agriturismo La Giara\"},\"image\":{\"@id\":\"https:\/\/www.agriturismolagiara.it\/#\/schema\/logo\/image\/\"}}]}<\/script>\n<!-- \/ Yoast SEO plugin. -->","yoast_head_json":{"title":"[:it]Come Arrivare all'Agriturismo La Giara[:en]How to reach Agriturismo La Giara[:de]Wie Uns Erreichen Agriturismo La Giara[:fr]Comment se rendre \u00e0 Agriturismo La Giara[:]","description":"L'Agriturismo La Giara se trouve \u00e0 Beverino, Via M. Federici, 15. N'h\u00e9sitez pas \u00e0 nous contacter pour plus d'informations. La ferme La Giara est situ\u00e9e \u00e0 Beverino, Via M. Federici, 15. N'h\u00e9sitez pas \u00e0 nous contacter pour plus d'informations. Das Bauernhaus La Giara liegt in Beverino, Via M. Federici, 15. N'h\u00e9sitez pas \u00e0 nous contacter pour plus d'informations. La Ferme La Giara est situ\u00e9e \u00e0 Beverino, Via M. Federici, 15. N'h\u00e9sitez pas \u00e0 nous contacter pour plus d'informations.","robots":{"index":"index","follow":"follow","max-snippet":"max-snippet:-1","max-image-preview":"max-image-preview:large","max-video-preview":"max-video-preview:-1"},"canonical":"https:\/\/www.agriturismolagiara.it\/fr\/comment-se-rendre-2\/","og_locale":"fr_FR","og_type":"article","og_title":"[:it]Come Arrivare all'Agriturismo La Giara[:en]How to reach Agriturismo La Giara[:de]Wie Uns Erreichen Agriturismo La Giara[:fr]Comment se rendre \u00e0 Agriturismo La Giara[:]","og_description":"L'Agriturismo La Giara se trouve \u00e0 Beverino, Via M. Federici, 15. N'h\u00e9sitez pas \u00e0 nous contacter pour plus d'informations. La ferme La Giara est situ\u00e9e \u00e0 Beverino, Via M. Federici, 15. N'h\u00e9sitez pas \u00e0 nous contacter pour plus d'informations. Das Bauernhaus La Giara liegt in Beverino, Via M. Federici, 15. N'h\u00e9sitez pas \u00e0 nous contacter pour plus d'informations. La Ferme La Giara est situ\u00e9e \u00e0 Beverino, Via M. Federici, 15. N'h\u00e9sitez pas \u00e0 nous contacter pour plus d'informations.","og_url":"https:\/\/www.agriturismolagiara.it\/fr\/comment-se-rendre-2\/","og_site_name":"Agriturismo La Giara","article_modified_time":"2025-05-05T15:56:52+00:00","twitter_misc":{"Dur\u00e9e de lecture estim\u00e9e":"2 minutes"},"schema":{"@context":"https:\/\/schema.org","@graph":[{"@type":"WebPage","@id":"https:\/\/www.agriturismolagiara.it\/fr\/comment-se-rendre-2\/","url":"https:\/\/www.agriturismolagiara.it\/fr\/comment-se-rendre-2\/","name":"[:it]Come Arrivare all'Agriturismo La Giara[:en]How to reach Agriturismo La Giara[:de]Wie Uns Erreichen Agriturismo La Giara[:fr]Comment se rendre \u00e0 Agriturismo La Giara[:]","isPartOf":{"@id":"https:\/\/www.agriturismolagiara.it\/#website"},"datePublished":"2016-05-12T14:15:56+00:00","dateModified":"2025-05-05T15:56:52+00:00","description":"L'Agriturismo La Giara se trouve \u00e0 Beverino, Via M. Federici, 15. N'h\u00e9sitez pas \u00e0 nous contacter pour plus d'informations. La ferme La Giara est situ\u00e9e \u00e0 Beverino, Via M. Federici, 15. N'h\u00e9sitez pas \u00e0 nous contacter pour plus d'informations. Das Bauernhaus La Giara liegt in Beverino, Via M. Federici, 15. N'h\u00e9sitez pas \u00e0 nous contacter pour plus d'informations. La Ferme La Giara est situ\u00e9e \u00e0 Beverino, Via M. Federici, 15. N'h\u00e9sitez pas \u00e0 nous contacter pour plus d'informations.","breadcrumb":{"@id":"https:\/\/www.agriturismolagiara.it\/fr\/comment-se-rendre-2\/#breadcrumb"},"inLanguage":"fr-FR","potentialAction":[{"@type":"ReadAction","target":["https:\/\/www.agriturismolagiara.it\/fr\/comment-se-rendre-2\/"]}]},{"@type":"BreadcrumbList","@id":"https:\/\/www.agriturismolagiara.it\/fr\/comment-se-rendre-2\/#breadcrumb","itemListElement":[{"@type":"ListItem","position":1,"name":"Home","item":"https:\/\/www.agriturismolagiara.it\/fr\/page-daccueil\/"},{"@type":"ListItem","position":2,"name":"Comment se Rendre"}]},{"@type":"WebSite","@id":"https:\/\/www.agriturismolagiara.it\/#website","url":"https:\/\/www.agriturismolagiara.it\/","name":"Agriturismo La Giara","description":"Qui si incontrano la paziente forza della terra e la fatica delle sapienti mani dell\u2019uomo, qui nasce quel legame unico che lega paesaggio e cucina.","publisher":{"@id":"https:\/\/www.agriturismolagiara.it\/#organization"},"potentialAction":[{"@type":"SearchAction","target":{"@type":"EntryPoint","urlTemplate":"https:\/\/www.agriturismolagiara.it\/?s={search_term_string}"},"query-input":{"@type":"PropertyValueSpecification","valueRequired":true,"valueName":"search_term_string"}}],"inLanguage":"fr-FR"},{"@type":"Organization","@id":"https:\/\/www.agriturismolagiara.it\/#organization","name":"Agriturismo La Giara","url":"https:\/\/www.agriturismolagiara.it\/","logo":{"@type":"ImageObject","inLanguage":"fr-FR","@id":"https:\/\/www.agriturismolagiara.it\/#\/schema\/logo\/image\/","url":"https:\/\/www.agriturismolagiara.it\/wp-content\/uploads\/2025\/04\/logo.png","contentUrl":"https:\/\/www.agriturismolagiara.it\/wp-content\/uploads\/2025\/04\/logo.png","width":208,"height":163,"caption":"Agriturismo La Giara"},"image":{"@id":"https:\/\/www.agriturismolagiara.it\/#\/schema\/logo\/image\/"}}]}},"_links":{"self":[{"href":"https:\/\/www.agriturismolagiara.it\/fr\/wp-json\/wp\/v2\/pages\/7275","targetHints":{"allow":["GET"]}}],"collection":[{"href":"https:\/\/www.agriturismolagiara.it\/fr\/wp-json\/wp\/v2\/pages"}],"about":[{"href":"https:\/\/www.agriturismolagiara.it\/fr\/wp-json\/wp\/v2\/types\/page"}],"author":[{"embeddable":true,"href":"https:\/\/www.agriturismolagiara.it\/fr\/wp-json\/wp\/v2\/users\/1"}],"replies":[{"embeddable":true,"href":"https:\/\/www.agriturismolagiara.it\/fr\/wp-json\/wp\/v2\/comments?post=7275"}],"version-history":[{"count":2,"href":"https:\/\/www.agriturismolagiara.it\/fr\/wp-json\/wp\/v2\/pages\/7275\/revisions"}],"predecessor-version":[{"id":7574,"href":"https:\/\/www.agriturismolagiara.it\/fr\/wp-json\/wp\/v2\/pages\/7275\/revisions\/7574"}],"wp:attachment":[{"href":"https:\/\/www.agriturismolagiara.it\/fr\/wp-json\/wp\/v2\/media?parent=7275"}],"curies":[{"name":"wp","href":"https:\/\/api.w.org\/{rel}","templated":true}]}}