{"id":7256,"date":"2015-03-05T10:48:41","date_gmt":"2015-03-05T09:48:41","guid":{"rendered":"https:\/\/agriturismolagiara.it\/territory\/"},"modified":"2025-04-23T18:15:14","modified_gmt":"2025-04-23T16:15:14","slug":"territory","status":"publish","type":"page","link":"https:\/\/www.agriturismolagiara.it\/fr\/territory\/","title":{"rendered":"Lieux"},"content":{"rendered":"\t\t<div data-elementor-type=\"wp-page\" data-elementor-id=\"7256\" class=\"elementor elementor-7256 elementor-4928\" data-elementor-post-type=\"page\">\n\t\t\t\t<div class=\"elementor-element elementor-element-1e60e967 e-con-full   e-flex e-con e-parent\" data-id=\"1e60e967\" data-element_type=\"container\" data-e-type=\"container\">\n\t\t<div class=\"elementor-element elementor-element-28e4ac9 e-con-full e-flex e-con e-child\" data-id=\"28e4ac9\" data-element_type=\"container\" data-e-type=\"container\" data-settings=\"{&quot;background_background&quot;:&quot;slideshow&quot;,&quot;background_slideshow_gallery&quot;:[{&quot;id&quot;:5696,&quot;url&quot;:&quot;https:\\\/\\\/agriturismolagiara.it\\\/wp-content\\\/uploads\\\/2023\\\/10\\\/slide-camere-02.jpg&quot;},{&quot;id&quot;:5238,&quot;url&quot;:&quot;https:\\\/\\\/agriturismolagiara.it\\\/wp-content\\\/uploads\\\/2015\\\/03\\\/territorio1.jpg&quot;},{&quot;id&quot;:5239,&quot;url&quot;:&quot;https:\\\/\\\/agriturismolagiara.it\\\/wp-content\\\/uploads\\\/2015\\\/03\\\/territorio2.jpg&quot;},{&quot;id&quot;:5188,&quot;url&quot;:&quot;https:\\\/\\\/agriturismolagiara.it\\\/wp-content\\\/uploads\\\/2015\\\/03\\\/territorio.jpg&quot;}],&quot;background_slideshow_loop&quot;:&quot;yes&quot;,&quot;background_slideshow_slide_duration&quot;:5000,&quot;background_slideshow_slide_transition&quot;:&quot;fade&quot;,&quot;background_slideshow_transition_duration&quot;:500}\">\n\t\t\t\t<div class=\"elementor-element elementor-element-626b1b1 elementor-widget elementor-widget-spacer\" data-id=\"626b1b1\" data-element_type=\"widget\" data-e-type=\"widget\" data-widget_type=\"spacer.default\">\n\t\t\t\t<div class=\"elementor-widget-container\">\n\t\t\t\t\t\t\t<div class=\"elementor-spacer\">\n\t\t\t<div class=\"elementor-spacer-inner\"><\/div>\n\t\t<\/div>\n\t\t\t\t\t\t<\/div>\n\t\t\t\t<\/div>\n\t\t\t\t<\/div>\n\t\t\t\t<\/div>\n\t\t<div class=\"elementor-element elementor-element-406c6a61   e-flex e-con-boxed e-con e-parent\" data-id=\"406c6a61\" data-element_type=\"container\" data-e-type=\"container\" data-settings=\"{&quot;background_background&quot;:&quot;classic&quot;}\">\n\t\t\t\t\t<div class=\"e-con-inner\">\n\t\t\t\t<div class=\"elementor-element elementor-element-7028d1a9 elementor-widget__width-inherit elementor-widget-mobile__width-inherit   elementor-widget elementor-widget-heading\" data-id=\"7028d1a9\" data-element_type=\"widget\" data-e-type=\"widget\" data-widget_type=\"heading.default\">\n\t\t\t\t<div class=\"elementor-widget-container\">\n\t\t\t\t\t<h4 class=\"elementor-heading-title elementor-size-default\">LIEUX<\/h4>\t\t\t\t<\/div>\n\t\t\t\t<\/div>\n\t\t\t\t<div class=\"elementor-element elementor-element-f93d0ca elementor-widget__width-inherit elementor-widget-mobile__width-inherit   elementor-widget elementor-widget-text-editor\" data-id=\"f93d0ca\" data-element_type=\"widget\" data-e-type=\"widget\" data-widget_type=\"text-editor.default\">\n\t\t\t\t<div class=\"elementor-widget-container\">\n\t\t\t\t\t\t\t\t\tLA BEAUT\u00c9 NATURELLE DE NOTRE R\u00c9GION\t\t\t\t\t\t\t\t<\/div>\n\t\t\t\t<\/div>\n\t\t<div class=\"elementor-element elementor-element-5b1f2d4f e-con-full   e-flex e-con e-child\" data-id=\"5b1f2d4f\" data-element_type=\"container\" data-e-type=\"container\">\n\t\t\t\t<div class=\"elementor-element elementor-element-322c2f3b elementor-widget__width-initial elementor-widget-mobile__width-inherit   elementor-widget elementor-widget-text-editor\" data-id=\"322c2f3b\" data-element_type=\"widget\" data-e-type=\"widget\" data-widget_type=\"text-editor.default\">\n\t\t\t\t<div class=\"elementor-widget-container\">\n\t\t\t\t\t\t\t\t\t<p>La position favorable de cet agritourisme permet au vacancier de rejoindre la <a href=\"https:\/\/www.agriturismolagiara.it\/i-dintorni\/\">Riviera di Levante<\/a> avec ses belles localit\u00e9s<a href=\"https:\/\/www.agriturismolagiara.it\/i-dintorni\/\">(Tellaro, Fiascherino, Lerici, S.Terenzo, La Spezia, Portovenere<\/a>) et les magnifiques<a href=\"https:\/\/www.agriturismolagiara.it\/cinque-terre\/\">\u00ab\u00a0Cinque Terre<\/a>\u00a0\u00bb avec ses villages accroch\u00e9s aux falaises surplombant la mer<br><a href=\"https:\/\/www.agriturismolagiara.it\/riomaggiore\/\">(Riomaggiore<\/a>, <a href=\"https:\/\/www.agriturismolagiara.it\/manarola\/\">Manarola<\/a>, <a href=\"https:\/\/www.agriturismolagiara.it\/corniglia\/\">Corniglia<\/a>, <a href=\"https:\/\/www.agriturismolagiara.it\/vernazza\/\">Vernazza<\/a> et <a href=\"https:\/\/www.agriturismolagiara.it\/monterosso\/\">Monterosso<\/a>).<br>En outre, pour le touriste qui aime faire du v\u00e9lo de montagne, cet endroit, et toute la r\u00e9gion de la \u00ab\u00a0Bassa e Alta Val di Vara\u00a0\u00bb, regorge d&rsquo;itin\u00e9raires confortables et paisibles qui permettent de d\u00e9couvrir l&rsquo;architecture ancienne, le paysage et le juste \u00e9quilibre entre l&rsquo;homme et la nature.<\/p><p> <\/p><p>Beverino dispose d&rsquo;un magnifique itin\u00e9raire appel\u00e9 \u00ab\u00a0up and down\u00a0\u00bb, compos\u00e9 de 3 parcours (4, 8 et 12 km) bien balis\u00e9s, qui traverse toute la belle vall\u00e9e du village, en passant par de petits bois, le long des rives de la rivi\u00e8re Vara et parmi les Carrugi, des villages restaur\u00e9s.  <a class=\"inited\" href=\"https:\/\/www.agriturismolagiara.it\/wp-content\/uploads\/2022\/04\/saliscendi_percorso_percorso-2012.jpg\" target=\"_blank\" rel=\"magnific noopener\" data-effect=\"mfp-zoom-in\">Cliquez ici pour voir la carte de l&rsquo;itin\u00e9raire  &gt;<\/a><\/p>\t\t\t\t\t\t\t\t<\/div>\n\t\t\t\t<\/div>\n\t\t\t\t<\/div>\n\t\t\t\t\t<\/div>\n\t\t\t\t<\/div>\n\t\t<div class=\"elementor-element elementor-element-7e611d42 e-con-full   e-flex e-con e-parent\" data-id=\"7e611d42\" data-element_type=\"container\" data-e-type=\"container\" data-settings=\"{&quot;background_background&quot;:&quot;classic&quot;}\">\n\t\t\t\t<div class=\"elementor-element elementor-element-217f96ac elementor-widget__width-inherit elementor-widget-mobile__width-inherit   elementor-widget elementor-widget-text-editor\" data-id=\"217f96ac\" data-element_type=\"widget\" data-e-type=\"widget\" data-widget_type=\"text-editor.default\">\n\t\t\t\t<div class=\"elementor-widget-container\">\n\t\t\t\t\t\t\t\t\t<h3>LA CINQUE TERRE ET SES MERVEILLEUX ENVIRONS<\/h3>\t\t\t\t\t\t\t\t<\/div>\n\t\t\t\t<\/div>\n\t\t<div class=\"elementor-element elementor-element-7e6e79f5   e-flex e-con-boxed e-con e-child\" data-id=\"7e6e79f5\" data-element_type=\"container\" data-e-type=\"container\">\n\t\t\t\t\t<div class=\"e-con-inner\">\n\t\t<div class=\"elementor-element elementor-element-3442c4e e-con-full   e-flex e-con e-child\" data-id=\"3442c4e\" data-element_type=\"container\" data-e-type=\"container\">\n\t\t\t\t<div class=\"elementor-element elementor-element-bfb60a1 elementor-widget__width-inherit elementor-widget-mobile__width-inherit   elementor-widget elementor-widget-text-editor\" data-id=\"bfb60a1\" data-element_type=\"widget\" data-e-type=\"widget\" data-widget_type=\"text-editor.default\">\n\t\t\t\t<div class=\"elementor-widget-container\">\n\t\t\t\t\t\t\t\t\tLes Cinque Terre\t\t\t\t\t\t\t\t<\/div>\n\t\t\t\t<\/div>\n\t\t\t\t<div class=\"elementor-element elementor-element-10466f3 elementor-widget__width-inherit elementor-widget-mobile__width-inherit   elementor-widget elementor-widget-image\" data-id=\"10466f3\" data-element_type=\"widget\" data-e-type=\"widget\" data-widget_type=\"image.default\">\n\t\t\t\t<div class=\"elementor-widget-container\">\n\t\t\t\t\t\t\t\t\t\t\t\t\t\t\t\t<a href=\"#ToPJb00k\">\n\t\t\t\t\t\t\t<img fetchpriority=\"high\" decoding=\"async\" width=\"800\" height=\"600\" src=\"https:\/\/www.agriturismolagiara.it\/wp-content\/uploads\/2025\/04\/cinque-terre.jpg\" class=\"attachment-full size-full wp-image-7208\" alt=\"\" srcset=\"https:\/\/www.agriturismolagiara.it\/wp-content\/uploads\/2025\/04\/cinque-terre.jpg 800w, https:\/\/www.agriturismolagiara.it\/wp-content\/uploads\/2025\/04\/cinque-terre-300x225.jpg 300w, https:\/\/www.agriturismolagiara.it\/wp-content\/uploads\/2025\/04\/cinque-terre-768x576.jpg 768w\" sizes=\"(max-width: 800px) 100vw, 800px\" \/>\t\t\t\t\t\t\t\t<\/a>\n\t\t\t\t\t\t\t\t\t\t\t\t\t\t\t<\/div>\n\t\t\t\t<\/div>\n\t\t\t\t<div class=\"elementor-element elementor-element-9478ec7 elementor-widget__width-inherit elementor-widget-mobile__width-inherit   elementor-widget elementor-widget-text-editor\" data-id=\"9478ec7\" data-element_type=\"widget\" data-e-type=\"widget\" data-widget_type=\"text-editor.default\">\n\t\t\t\t<div class=\"elementor-widget-container\">\n\t\t\t\t\t\t\t\t\t<p>Les Cinque Terre comprennent la bande c\u00f4ti\u00e8re qui s&rsquo;\u00e9tend de Punta Mesco, promontoire situ\u00e9 \u00e0 l&rsquo;ouest de Monterosso, \u00e0 Portovenere ; une bande de littoral entre la mer et la cr\u00eate montagneuse d&rsquo;environ 15 kilom\u00e8tres de long&#8230; <a href=\"https:\/\/www.agriturismolagiara.it\/cinque-terre\/\">Lire la suite&#8230;<\/a><\/p>\t\t\t\t\t\t\t\t<\/div>\n\t\t\t\t<\/div>\n\t\t\t\t<\/div>\n\t\t<div class=\"elementor-element elementor-element-6231abe e-con-full   e-flex e-con e-child\" data-id=\"6231abe\" data-element_type=\"container\" data-e-type=\"container\">\n\t\t\t\t<div class=\"elementor-element elementor-element-92d4f4d elementor-widget__width-inherit elementor-widget-mobile__width-inherit   elementor-widget elementor-widget-text-editor\" data-id=\"92d4f4d\" data-element_type=\"widget\" data-e-type=\"widget\" data-widget_type=\"text-editor.default\">\n\t\t\t\t<div class=\"elementor-widget-container\">\n\t\t\t\t\t\t\t\t\tEnvironnements\t\t\t\t\t\t\t\t<\/div>\n\t\t\t\t<\/div>\n\t\t\t\t<div class=\"elementor-element elementor-element-4617316 elementor-widget__width-inherit elementor-widget-mobile__width-inherit   elementor-widget elementor-widget-image\" data-id=\"4617316\" data-element_type=\"widget\" data-e-type=\"widget\" data-widget_type=\"image.default\">\n\t\t\t\t<div class=\"elementor-widget-container\">\n\t\t\t\t\t\t\t\t\t\t\t\t\t\t\t\t<a href=\"#ToPJb00k\">\n\t\t\t\t\t\t\t<img decoding=\"async\" width=\"800\" height=\"600\" src=\"https:\/\/www.agriturismolagiara.it\/wp-content\/uploads\/2025\/04\/brugnato.jpg\" class=\"attachment-full size-full wp-image-7211\" alt=\"\" srcset=\"https:\/\/www.agriturismolagiara.it\/wp-content\/uploads\/2025\/04\/brugnato.jpg 800w, https:\/\/www.agriturismolagiara.it\/wp-content\/uploads\/2025\/04\/brugnato-300x225.jpg 300w, https:\/\/www.agriturismolagiara.it\/wp-content\/uploads\/2025\/04\/brugnato-768x576.jpg 768w\" sizes=\"(max-width: 800px) 100vw, 800px\" \/>\t\t\t\t\t\t\t\t<\/a>\n\t\t\t\t\t\t\t\t\t\t\t\t\t\t\t<\/div>\n\t\t\t\t<\/div>\n\t\t\t\t<div class=\"elementor-element elementor-element-f031e44 elementor-widget__width-inherit elementor-widget-mobile__width-inherit   elementor-widget elementor-widget-text-editor\" data-id=\"f031e44\" data-element_type=\"widget\" data-e-type=\"widget\" data-widget_type=\"text-editor.default\">\n\t\t\t\t<div class=\"elementor-widget-container\">\n\t\t\t\t\t\t\t\t\t<p>&#8211; Val di Vara : vall\u00e9e biologique, villages ronds, communaut\u00e9 de montagne, etc&#8230;<br>&#8211; Alta Via dei Monti Liguri<a href=\"http:\/\/www.altaviadeimontiliguri.it\/portale\/\" target=\"_blank\" rel=\"nofollow noopener\">(Web<\/a>)<br>&#8211; Lunigiana et carri\u00e8res de marbre<a href=\"http:\/\/www.lunigiana.com\/\" target=\"_blank\" rel=\"nofollow noopener\">(Web<\/a>)<br>&#8211; Garfagnana<a href=\"http:\/\/www.garfagnana.it\/\" target=\"_blank\" rel=\"nofollow noopener\">(Web)<\/a><\/p>\t\t\t\t\t\t\t\t<\/div>\n\t\t\t\t<\/div>\n\t\t\t\t<\/div>\n\t\t\t\t\t<\/div>\n\t\t\t\t<\/div>\n\t\t\t\t<\/div>\n\t\t<div class=\"elementor-element elementor-element-45ee2002 e-con-full   e-flex e-con e-parent\" data-id=\"45ee2002\" data-element_type=\"container\" data-e-type=\"container\">\n\t\t\t\t<\/div>\n\t\t\t\t<\/div>\n\t\t","protected":false},"excerpt":{"rendered":"<p>LIEUX LA BEAUT\u00c9 NATURELLE DE NOTRE R\u00c9GION La position favorable de cet agritourisme permet au vacancier de rejoindre la Riviera di Levante avec ses belles localit\u00e9s(Tellaro, Fiascherino, Lerici, S.Terenzo, La Spezia, Portovenere) et les magnifiques\u00ab\u00a0Cinque Terre\u00a0\u00bb avec ses villages accroch\u00e9s aux falaises surplombant la mer(Riomaggiore, Manarola, Corniglia, Vernazza et Monterosso).En outre, pour le touriste qui [&hellip;]<\/p>\n","protected":false},"author":1,"featured_media":0,"parent":0,"menu_order":0,"comment_status":"closed","ping_status":"open","template":"","meta":{"footnotes":""},"class_list":["post-7256","page","type-page","status-publish","hentry"],"yoast_head":"<!-- This site is optimized with the Yoast SEO plugin v27.0 - https:\/\/yoast.com\/product\/yoast-seo-wordpress\/ -->\n<title>Lieux - Agriturismo La Giara<\/title>\n<meta name=\"robots\" content=\"index, follow, max-snippet:-1, max-image-preview:large, max-video-preview:-1\" \/>\n<link rel=\"canonical\" href=\"https:\/\/www.agriturismolagiara.it\/i-luoghi\/\" \/>\n<meta property=\"og:locale\" content=\"fr_FR\" \/>\n<meta property=\"og:type\" content=\"article\" \/>\n<meta property=\"og:title\" content=\"Lieux - Agriturismo La Giara\" \/>\n<meta property=\"og:description\" content=\"LIEUX LA BEAUT\u00c9 NATURELLE DE NOTRE R\u00c9GION La position favorable de cet agritourisme permet au vacancier de rejoindre la Riviera di Levante avec ses belles localit\u00e9s(Tellaro, Fiascherino, Lerici, S.Terenzo, La Spezia, Portovenere) et les magnifiques\u00ab\u00a0Cinque Terre\u00a0\u00bb avec ses villages accroch\u00e9s aux falaises surplombant la mer(Riomaggiore, Manarola, Corniglia, Vernazza et Monterosso).En outre, pour le touriste qui [&hellip;]\" \/>\n<meta property=\"og:url\" content=\"https:\/\/www.agriturismolagiara.it\/i-luoghi\/\" \/>\n<meta property=\"og:site_name\" content=\"Agriturismo La Giara\" \/>\n<meta property=\"article:modified_time\" content=\"2025-04-23T16:15:14+00:00\" \/>\n<meta property=\"og:image\" content=\"https:\/\/agriturismolagiara.it\/wp-content\/uploads\/2025\/04\/cinque-terre.jpg\" \/>\n<meta name=\"twitter:label1\" content=\"Dur\u00e9e de lecture estim\u00e9e\" \/>\n\t<meta name=\"twitter:data1\" content=\"1 minute\" \/>\n<script type=\"application\/ld+json\" class=\"yoast-schema-graph\">{\"@context\":\"https:\/\/schema.org\",\"@graph\":[{\"@type\":\"WebPage\",\"@id\":\"https:\/\/www.agriturismolagiara.it\/i-luoghi\/\",\"url\":\"https:\/\/www.agriturismolagiara.it\/i-luoghi\/\",\"name\":\"Lieux - Agriturismo La Giara\",\"isPartOf\":{\"@id\":\"https:\/\/www.agriturismolagiara.it\/#website\"},\"primaryImageOfPage\":{\"@id\":\"https:\/\/www.agriturismolagiara.it\/i-luoghi\/#primaryimage\"},\"image\":{\"@id\":\"https:\/\/www.agriturismolagiara.it\/i-luoghi\/#primaryimage\"},\"thumbnailUrl\":\"https:\/\/agriturismolagiara.it\/wp-content\/uploads\/2025\/04\/cinque-terre.jpg\",\"datePublished\":\"2015-03-05T09:48:41+00:00\",\"dateModified\":\"2025-04-23T16:15:14+00:00\",\"breadcrumb\":{\"@id\":\"https:\/\/www.agriturismolagiara.it\/i-luoghi\/#breadcrumb\"},\"inLanguage\":\"fr-FR\",\"potentialAction\":[{\"@type\":\"ReadAction\",\"target\":[\"https:\/\/www.agriturismolagiara.it\/i-luoghi\/\"]}]},{\"@type\":\"ImageObject\",\"inLanguage\":\"fr-FR\",\"@id\":\"https:\/\/www.agriturismolagiara.it\/i-luoghi\/#primaryimage\",\"url\":\"https:\/\/agriturismolagiara.it\/wp-content\/uploads\/2025\/04\/cinque-terre.jpg\",\"contentUrl\":\"https:\/\/agriturismolagiara.it\/wp-content\/uploads\/2025\/04\/cinque-terre.jpg\"},{\"@type\":\"BreadcrumbList\",\"@id\":\"https:\/\/www.agriturismolagiara.it\/i-luoghi\/#breadcrumb\",\"itemListElement\":[{\"@type\":\"ListItem\",\"position\":1,\"name\":\"Home\",\"item\":\"https:\/\/www.agriturismolagiara.it\/fr\/page-daccueil\/\"},{\"@type\":\"ListItem\",\"position\":2,\"name\":\"Lieux\"}]},{\"@type\":\"WebSite\",\"@id\":\"https:\/\/www.agriturismolagiara.it\/#website\",\"url\":\"https:\/\/www.agriturismolagiara.it\/\",\"name\":\"Agriturismo La Giara\",\"description\":\"Qui si incontrano la paziente forza della terra e la fatica delle sapienti mani dell\u2019uomo, qui nasce quel legame unico che lega paesaggio e cucina.\",\"publisher\":{\"@id\":\"https:\/\/www.agriturismolagiara.it\/#organization\"},\"potentialAction\":[{\"@type\":\"SearchAction\",\"target\":{\"@type\":\"EntryPoint\",\"urlTemplate\":\"https:\/\/www.agriturismolagiara.it\/?s={search_term_string}\"},\"query-input\":{\"@type\":\"PropertyValueSpecification\",\"valueRequired\":true,\"valueName\":\"search_term_string\"}}],\"inLanguage\":\"fr-FR\"},{\"@type\":\"Organization\",\"@id\":\"https:\/\/www.agriturismolagiara.it\/#organization\",\"name\":\"Agriturismo La Giara\",\"url\":\"https:\/\/www.agriturismolagiara.it\/\",\"logo\":{\"@type\":\"ImageObject\",\"inLanguage\":\"fr-FR\",\"@id\":\"https:\/\/www.agriturismolagiara.it\/#\/schema\/logo\/image\/\",\"url\":\"https:\/\/www.agriturismolagiara.it\/wp-content\/uploads\/2025\/04\/logo.png\",\"contentUrl\":\"https:\/\/www.agriturismolagiara.it\/wp-content\/uploads\/2025\/04\/logo.png\",\"width\":208,\"height\":163,\"caption\":\"Agriturismo La Giara\"},\"image\":{\"@id\":\"https:\/\/www.agriturismolagiara.it\/#\/schema\/logo\/image\/\"}}]}<\/script>\n<!-- \/ Yoast SEO plugin. -->","yoast_head_json":{"title":"Lieux - Agriturismo La Giara","robots":{"index":"index","follow":"follow","max-snippet":"max-snippet:-1","max-image-preview":"max-image-preview:large","max-video-preview":"max-video-preview:-1"},"canonical":"https:\/\/www.agriturismolagiara.it\/i-luoghi\/","og_locale":"fr_FR","og_type":"article","og_title":"Lieux - Agriturismo La Giara","og_description":"LIEUX LA BEAUT\u00c9 NATURELLE DE NOTRE R\u00c9GION La position favorable de cet agritourisme permet au vacancier de rejoindre la Riviera di Levante avec ses belles localit\u00e9s(Tellaro, Fiascherino, Lerici, S.Terenzo, La Spezia, Portovenere) et les magnifiques\u00ab\u00a0Cinque Terre\u00a0\u00bb avec ses villages accroch\u00e9s aux falaises surplombant la mer(Riomaggiore, Manarola, Corniglia, Vernazza et Monterosso).En outre, pour le touriste qui [&hellip;]","og_url":"https:\/\/www.agriturismolagiara.it\/i-luoghi\/","og_site_name":"Agriturismo La Giara","article_modified_time":"2025-04-23T16:15:14+00:00","og_image":[{"url":"https:\/\/agriturismolagiara.it\/wp-content\/uploads\/2025\/04\/cinque-terre.jpg","type":"","width":"","height":""}],"twitter_misc":{"Dur\u00e9e de lecture estim\u00e9e":"1 minute"},"schema":{"@context":"https:\/\/schema.org","@graph":[{"@type":"WebPage","@id":"https:\/\/www.agriturismolagiara.it\/i-luoghi\/","url":"https:\/\/www.agriturismolagiara.it\/i-luoghi\/","name":"Lieux - Agriturismo La Giara","isPartOf":{"@id":"https:\/\/www.agriturismolagiara.it\/#website"},"primaryImageOfPage":{"@id":"https:\/\/www.agriturismolagiara.it\/i-luoghi\/#primaryimage"},"image":{"@id":"https:\/\/www.agriturismolagiara.it\/i-luoghi\/#primaryimage"},"thumbnailUrl":"https:\/\/agriturismolagiara.it\/wp-content\/uploads\/2025\/04\/cinque-terre.jpg","datePublished":"2015-03-05T09:48:41+00:00","dateModified":"2025-04-23T16:15:14+00:00","breadcrumb":{"@id":"https:\/\/www.agriturismolagiara.it\/i-luoghi\/#breadcrumb"},"inLanguage":"fr-FR","potentialAction":[{"@type":"ReadAction","target":["https:\/\/www.agriturismolagiara.it\/i-luoghi\/"]}]},{"@type":"ImageObject","inLanguage":"fr-FR","@id":"https:\/\/www.agriturismolagiara.it\/i-luoghi\/#primaryimage","url":"https:\/\/agriturismolagiara.it\/wp-content\/uploads\/2025\/04\/cinque-terre.jpg","contentUrl":"https:\/\/agriturismolagiara.it\/wp-content\/uploads\/2025\/04\/cinque-terre.jpg"},{"@type":"BreadcrumbList","@id":"https:\/\/www.agriturismolagiara.it\/i-luoghi\/#breadcrumb","itemListElement":[{"@type":"ListItem","position":1,"name":"Home","item":"https:\/\/www.agriturismolagiara.it\/fr\/page-daccueil\/"},{"@type":"ListItem","position":2,"name":"Lieux"}]},{"@type":"WebSite","@id":"https:\/\/www.agriturismolagiara.it\/#website","url":"https:\/\/www.agriturismolagiara.it\/","name":"Agriturismo La Giara","description":"Qui si incontrano la paziente forza della terra e la fatica delle sapienti mani dell\u2019uomo, qui nasce quel legame unico che lega paesaggio e cucina.","publisher":{"@id":"https:\/\/www.agriturismolagiara.it\/#organization"},"potentialAction":[{"@type":"SearchAction","target":{"@type":"EntryPoint","urlTemplate":"https:\/\/www.agriturismolagiara.it\/?s={search_term_string}"},"query-input":{"@type":"PropertyValueSpecification","valueRequired":true,"valueName":"search_term_string"}}],"inLanguage":"fr-FR"},{"@type":"Organization","@id":"https:\/\/www.agriturismolagiara.it\/#organization","name":"Agriturismo La Giara","url":"https:\/\/www.agriturismolagiara.it\/","logo":{"@type":"ImageObject","inLanguage":"fr-FR","@id":"https:\/\/www.agriturismolagiara.it\/#\/schema\/logo\/image\/","url":"https:\/\/www.agriturismolagiara.it\/wp-content\/uploads\/2025\/04\/logo.png","contentUrl":"https:\/\/www.agriturismolagiara.it\/wp-content\/uploads\/2025\/04\/logo.png","width":208,"height":163,"caption":"Agriturismo La Giara"},"image":{"@id":"https:\/\/www.agriturismolagiara.it\/#\/schema\/logo\/image\/"}}]}},"_links":{"self":[{"href":"https:\/\/www.agriturismolagiara.it\/fr\/wp-json\/wp\/v2\/pages\/7256","targetHints":{"allow":["GET"]}}],"collection":[{"href":"https:\/\/www.agriturismolagiara.it\/fr\/wp-json\/wp\/v2\/pages"}],"about":[{"href":"https:\/\/www.agriturismolagiara.it\/fr\/wp-json\/wp\/v2\/types\/page"}],"author":[{"embeddable":true,"href":"https:\/\/www.agriturismolagiara.it\/fr\/wp-json\/wp\/v2\/users\/1"}],"replies":[{"embeddable":true,"href":"https:\/\/www.agriturismolagiara.it\/fr\/wp-json\/wp\/v2\/comments?post=7256"}],"version-history":[{"count":2,"href":"https:\/\/www.agriturismolagiara.it\/fr\/wp-json\/wp\/v2\/pages\/7256\/revisions"}],"predecessor-version":[{"id":7352,"href":"https:\/\/www.agriturismolagiara.it\/fr\/wp-json\/wp\/v2\/pages\/7256\/revisions\/7352"}],"wp:attachment":[{"href":"https:\/\/www.agriturismolagiara.it\/fr\/wp-json\/wp\/v2\/media?parent=7256"}],"curies":[{"name":"wp","href":"https:\/\/api.w.org\/{rel}","templated":true}]}}