{"id":7252,"date":"2015-03-05T10:47:03","date_gmt":"2015-03-05T09:47:03","guid":{"rendered":"https:\/\/agriturismolagiara.it\/products\/"},"modified":"2025-04-23T18:16:24","modified_gmt":"2025-04-23T16:16:24","slug":"products","status":"publish","type":"page","link":"https:\/\/www.agriturismolagiara.it\/fr\/products\/","title":{"rendered":"Produits"},"content":{"rendered":"\t\t<div data-elementor-type=\"wp-page\" data-elementor-id=\"7252\" class=\"elementor elementor-7252 elementor-4925\" data-elementor-post-type=\"page\">\n\t\t\t\t<div class=\"elementor-element elementor-element-355dc33 e-con-full e-flex e-con e-parent\" data-id=\"355dc33\" data-element_type=\"container\" data-e-type=\"container\" data-settings=\"{&quot;background_background&quot;:&quot;slideshow&quot;,&quot;background_slideshow_gallery&quot;:[{&quot;id&quot;:5540,&quot;url&quot;:&quot;https:\\\/\\\/agriturismolagiara.it\\\/wp-content\\\/uploads\\\/2019\\\/04\\\/prodotti-01.jpg&quot;},{&quot;id&quot;:5242,&quot;url&quot;:&quot;https:\\\/\\\/agriturismolagiara.it\\\/wp-content\\\/uploads\\\/2015\\\/03\\\/produzioni3.jpg&quot;},{&quot;id&quot;:5240,&quot;url&quot;:&quot;https:\\\/\\\/agriturismolagiara.it\\\/wp-content\\\/uploads\\\/2015\\\/03\\\/produzioni1.jpg&quot;},{&quot;id&quot;:5241,&quot;url&quot;:&quot;https:\\\/\\\/agriturismolagiara.it\\\/wp-content\\\/uploads\\\/2015\\\/03\\\/produzioni2.jpg&quot;},{&quot;id&quot;:5227,&quot;url&quot;:&quot;https:\\\/\\\/agriturismolagiara.it\\\/wp-content\\\/uploads\\\/2015\\\/03\\\/prodotti05.jpg&quot;}],&quot;background_slideshow_loop&quot;:&quot;yes&quot;,&quot;background_slideshow_slide_duration&quot;:5000,&quot;background_slideshow_slide_transition&quot;:&quot;fade&quot;,&quot;background_slideshow_transition_duration&quot;:500}\">\n\t\t\t\t<div class=\"elementor-element elementor-element-ba6bb52 elementor-widget elementor-widget-spacer\" data-id=\"ba6bb52\" data-element_type=\"widget\" data-e-type=\"widget\" data-widget_type=\"spacer.default\">\n\t\t\t\t<div class=\"elementor-widget-container\">\n\t\t\t\t\t\t\t<div class=\"elementor-spacer\">\n\t\t\t<div class=\"elementor-spacer-inner\"><\/div>\n\t\t<\/div>\n\t\t\t\t\t\t<\/div>\n\t\t\t\t<\/div>\n\t\t\t\t<\/div>\n\t\t<div class=\"elementor-element elementor-element-c6d77b   e-flex e-con-boxed e-con e-parent\" data-id=\"c6d77b\" data-element_type=\"container\" data-e-type=\"container\" data-settings=\"{&quot;background_background&quot;:&quot;classic&quot;}\">\n\t\t\t\t\t<div class=\"e-con-inner\">\n\t\t\t\t<div class=\"elementor-element elementor-element-5f297650 elementor-widget__width-inherit elementor-widget-mobile__width-inherit   elementor-widget elementor-widget-heading\" data-id=\"5f297650\" data-element_type=\"widget\" data-e-type=\"widget\" data-widget_type=\"heading.default\">\n\t\t\t\t<div class=\"elementor-widget-container\">\n\t\t\t\t\t<h4 class=\"elementor-heading-title elementor-size-default\">PRODUITS<\/h4>\t\t\t\t<\/div>\n\t\t\t\t<\/div>\n\t\t\t\t<div class=\"elementor-element elementor-element-48a11d2b elementor-widget__width-inherit elementor-widget-mobile__width-inherit   elementor-widget elementor-widget-text-editor\" data-id=\"48a11d2b\" data-element_type=\"widget\" data-e-type=\"widget\" data-widget_type=\"text-editor.default\">\n\t\t\t\t<div class=\"elementor-widget-container\">\n\t\t\t\t\t\t\t\t\tLES CARACT\u00c9RISTIQUES DE NOTRE FERME\t\t\t\t\t\t\t\t<\/div>\n\t\t\t\t<\/div>\n\t\t\t\t<div class=\"elementor-element elementor-element-26e2b78b elementor-widget__width-inherit elementor-widget-mobile__width-inherit   elementor-position-top elementor-widget elementor-widget-image-box\" data-id=\"26e2b78b\" data-element_type=\"widget\" data-e-type=\"widget\" data-widget_type=\"image-box.default\">\n\t\t\t\t<div class=\"elementor-widget-container\">\n\t\t\t\t\t<div class=\"elementor-image-box-wrapper\"><figure class=\"elementor-image-box-img\"><img fetchpriority=\"high\" decoding=\"async\" width=\"1240\" height=\"310\" src=\"https:\/\/www.agriturismolagiara.it\/wp-content\/uploads\/2025\/04\/prodotti1.jpg\" class=\"attachment-full size-full wp-image-6333\" alt=\"\" srcset=\"https:\/\/www.agriturismolagiara.it\/wp-content\/uploads\/2025\/04\/prodotti1.jpg 1240w, https:\/\/www.agriturismolagiara.it\/wp-content\/uploads\/2025\/04\/prodotti1-300x75.jpg 300w, https:\/\/www.agriturismolagiara.it\/wp-content\/uploads\/2025\/04\/prodotti1-1024x256.jpg 1024w, https:\/\/www.agriturismolagiara.it\/wp-content\/uploads\/2025\/04\/prodotti1-768x192.jpg 768w\" sizes=\"(max-width: 1240px) 100vw, 1240px\" \/><\/figure><div class=\"elementor-image-box-content\"><p class=\"elementor-image-box-description\">La Giara est un domaine d'environ 7 hectares, une petite entreprise qui, comme par le pass\u00e9, cherche \u00e0 \u00eatre autosuffisante. Dans nos serres et nos champs, nous cultivons toutes sortes de l\u00e9gumes, des pommes de terre, du bl\u00e9, de l'\u00e9peautre et du ma\u00efs en utilisant des syst\u00e8mes agricoles synergiques, la permaculture et la m\u00e9thode Fukuoka. Une production discr\u00e8te d'huile d'olive extra vierge peut \u00eatre d\u00e9gust\u00e9e par les h\u00f4tes. L'entreprise augmente la production de fruits indig\u00e8nes pour les transformer en confitures savoureuses qui figureront dans les petits d\u00e9jeuners du matin.<\/p><\/div><\/div>\t\t\t\t<\/div>\n\t\t\t\t<\/div>\n\t\t\t\t\t<\/div>\n\t\t\t\t<\/div>\n\t\t\t\t<\/div>\n\t\t","protected":false},"excerpt":{"rendered":"<p>PRODUITS LES CARACT\u00c9RISTIQUES DE NOTRE FERME La Giara est un domaine d&rsquo;environ 7 hectares, une petite entreprise qui, comme par le pass\u00e9, cherche \u00e0 \u00eatre autosuffisante. Dans nos serres et nos champs, nous cultivons toutes sortes de l\u00e9gumes, des pommes de terre, du bl\u00e9, de l&rsquo;\u00e9peautre et du ma\u00efs en utilisant des syst\u00e8mes agricoles synergiques, [&hellip;]<\/p>\n","protected":false},"author":1,"featured_media":0,"parent":0,"menu_order":0,"comment_status":"closed","ping_status":"open","template":"","meta":{"footnotes":""},"class_list":["post-7252","page","type-page","status-publish","hentry"],"yoast_head":"<!-- This site is optimized with the Yoast SEO plugin v27.0 - https:\/\/yoast.com\/product\/yoast-seo-wordpress\/ -->\n<title>Produits - Agriturismo La Giara<\/title>\n<meta name=\"robots\" content=\"index, follow, max-snippet:-1, max-image-preview:large, max-video-preview:-1\" \/>\n<link rel=\"canonical\" href=\"https:\/\/www.agriturismolagiara.it\/i-prodotti\/\" \/>\n<meta property=\"og:locale\" content=\"fr_FR\" \/>\n<meta property=\"og:type\" content=\"article\" \/>\n<meta property=\"og:title\" content=\"Produits - Agriturismo La Giara\" \/>\n<meta property=\"og:description\" content=\"PRODUITS LES CARACT\u00c9RISTIQUES DE NOTRE FERME La Giara est un domaine d&rsquo;environ 7 hectares, une petite entreprise qui, comme par le pass\u00e9, cherche \u00e0 \u00eatre autosuffisante. Dans nos serres et nos champs, nous cultivons toutes sortes de l\u00e9gumes, des pommes de terre, du bl\u00e9, de l&rsquo;\u00e9peautre et du ma\u00efs en utilisant des syst\u00e8mes agricoles synergiques, [&hellip;]\" \/>\n<meta property=\"og:url\" content=\"https:\/\/www.agriturismolagiara.it\/i-prodotti\/\" \/>\n<meta property=\"og:site_name\" content=\"Agriturismo La Giara\" \/>\n<meta property=\"article:modified_time\" content=\"2025-04-23T16:16:24+00:00\" \/>\n<meta property=\"og:image\" content=\"https:\/\/agriturismolagiara.it\/wp-content\/uploads\/2025\/04\/prodotti1.jpg\" \/>\n<meta name=\"twitter:label1\" content=\"Dur\u00e9e de lecture estim\u00e9e\" \/>\n\t<meta name=\"twitter:data1\" content=\"1 minute\" \/>\n<script type=\"application\/ld+json\" class=\"yoast-schema-graph\">{\"@context\":\"https:\/\/schema.org\",\"@graph\":[{\"@type\":\"WebPage\",\"@id\":\"https:\/\/www.agriturismolagiara.it\/i-prodotti\/\",\"url\":\"https:\/\/www.agriturismolagiara.it\/i-prodotti\/\",\"name\":\"Produits - Agriturismo La Giara\",\"isPartOf\":{\"@id\":\"https:\/\/www.agriturismolagiara.it\/#website\"},\"primaryImageOfPage\":{\"@id\":\"https:\/\/www.agriturismolagiara.it\/i-prodotti\/#primaryimage\"},\"image\":{\"@id\":\"https:\/\/www.agriturismolagiara.it\/i-prodotti\/#primaryimage\"},\"thumbnailUrl\":\"https:\/\/agriturismolagiara.it\/wp-content\/uploads\/2025\/04\/prodotti1.jpg\",\"datePublished\":\"2015-03-05T09:47:03+00:00\",\"dateModified\":\"2025-04-23T16:16:24+00:00\",\"breadcrumb\":{\"@id\":\"https:\/\/www.agriturismolagiara.it\/i-prodotti\/#breadcrumb\"},\"inLanguage\":\"fr-FR\",\"potentialAction\":[{\"@type\":\"ReadAction\",\"target\":[\"https:\/\/www.agriturismolagiara.it\/i-prodotti\/\"]}]},{\"@type\":\"ImageObject\",\"inLanguage\":\"fr-FR\",\"@id\":\"https:\/\/www.agriturismolagiara.it\/i-prodotti\/#primaryimage\",\"url\":\"https:\/\/agriturismolagiara.it\/wp-content\/uploads\/2025\/04\/prodotti1.jpg\",\"contentUrl\":\"https:\/\/agriturismolagiara.it\/wp-content\/uploads\/2025\/04\/prodotti1.jpg\"},{\"@type\":\"BreadcrumbList\",\"@id\":\"https:\/\/www.agriturismolagiara.it\/i-prodotti\/#breadcrumb\",\"itemListElement\":[{\"@type\":\"ListItem\",\"position\":1,\"name\":\"Home\",\"item\":\"https:\/\/www.agriturismolagiara.it\/fr\/page-daccueil\/\"},{\"@type\":\"ListItem\",\"position\":2,\"name\":\"Produits\"}]},{\"@type\":\"WebSite\",\"@id\":\"https:\/\/www.agriturismolagiara.it\/#website\",\"url\":\"https:\/\/www.agriturismolagiara.it\/\",\"name\":\"Agriturismo La Giara\",\"description\":\"Qui si incontrano la paziente forza della terra e la fatica delle sapienti mani dell\u2019uomo, qui nasce quel legame unico che lega paesaggio e cucina.\",\"publisher\":{\"@id\":\"https:\/\/www.agriturismolagiara.it\/#organization\"},\"potentialAction\":[{\"@type\":\"SearchAction\",\"target\":{\"@type\":\"EntryPoint\",\"urlTemplate\":\"https:\/\/www.agriturismolagiara.it\/?s={search_term_string}\"},\"query-input\":{\"@type\":\"PropertyValueSpecification\",\"valueRequired\":true,\"valueName\":\"search_term_string\"}}],\"inLanguage\":\"fr-FR\"},{\"@type\":\"Organization\",\"@id\":\"https:\/\/www.agriturismolagiara.it\/#organization\",\"name\":\"Agriturismo La Giara\",\"url\":\"https:\/\/www.agriturismolagiara.it\/\",\"logo\":{\"@type\":\"ImageObject\",\"inLanguage\":\"fr-FR\",\"@id\":\"https:\/\/www.agriturismolagiara.it\/#\/schema\/logo\/image\/\",\"url\":\"https:\/\/www.agriturismolagiara.it\/wp-content\/uploads\/2025\/04\/logo.png\",\"contentUrl\":\"https:\/\/www.agriturismolagiara.it\/wp-content\/uploads\/2025\/04\/logo.png\",\"width\":208,\"height\":163,\"caption\":\"Agriturismo La Giara\"},\"image\":{\"@id\":\"https:\/\/www.agriturismolagiara.it\/#\/schema\/logo\/image\/\"}}]}<\/script>\n<!-- \/ Yoast SEO plugin. -->","yoast_head_json":{"title":"Produits - Agriturismo La Giara","robots":{"index":"index","follow":"follow","max-snippet":"max-snippet:-1","max-image-preview":"max-image-preview:large","max-video-preview":"max-video-preview:-1"},"canonical":"https:\/\/www.agriturismolagiara.it\/i-prodotti\/","og_locale":"fr_FR","og_type":"article","og_title":"Produits - Agriturismo La Giara","og_description":"PRODUITS LES CARACT\u00c9RISTIQUES DE NOTRE FERME La Giara est un domaine d&rsquo;environ 7 hectares, une petite entreprise qui, comme par le pass\u00e9, cherche \u00e0 \u00eatre autosuffisante. Dans nos serres et nos champs, nous cultivons toutes sortes de l\u00e9gumes, des pommes de terre, du bl\u00e9, de l&rsquo;\u00e9peautre et du ma\u00efs en utilisant des syst\u00e8mes agricoles synergiques, [&hellip;]","og_url":"https:\/\/www.agriturismolagiara.it\/i-prodotti\/","og_site_name":"Agriturismo La Giara","article_modified_time":"2025-04-23T16:16:24+00:00","og_image":[{"url":"https:\/\/agriturismolagiara.it\/wp-content\/uploads\/2025\/04\/prodotti1.jpg","type":"","width":"","height":""}],"twitter_misc":{"Dur\u00e9e de lecture estim\u00e9e":"1 minute"},"schema":{"@context":"https:\/\/schema.org","@graph":[{"@type":"WebPage","@id":"https:\/\/www.agriturismolagiara.it\/i-prodotti\/","url":"https:\/\/www.agriturismolagiara.it\/i-prodotti\/","name":"Produits - Agriturismo La Giara","isPartOf":{"@id":"https:\/\/www.agriturismolagiara.it\/#website"},"primaryImageOfPage":{"@id":"https:\/\/www.agriturismolagiara.it\/i-prodotti\/#primaryimage"},"image":{"@id":"https:\/\/www.agriturismolagiara.it\/i-prodotti\/#primaryimage"},"thumbnailUrl":"https:\/\/agriturismolagiara.it\/wp-content\/uploads\/2025\/04\/prodotti1.jpg","datePublished":"2015-03-05T09:47:03+00:00","dateModified":"2025-04-23T16:16:24+00:00","breadcrumb":{"@id":"https:\/\/www.agriturismolagiara.it\/i-prodotti\/#breadcrumb"},"inLanguage":"fr-FR","potentialAction":[{"@type":"ReadAction","target":["https:\/\/www.agriturismolagiara.it\/i-prodotti\/"]}]},{"@type":"ImageObject","inLanguage":"fr-FR","@id":"https:\/\/www.agriturismolagiara.it\/i-prodotti\/#primaryimage","url":"https:\/\/agriturismolagiara.it\/wp-content\/uploads\/2025\/04\/prodotti1.jpg","contentUrl":"https:\/\/agriturismolagiara.it\/wp-content\/uploads\/2025\/04\/prodotti1.jpg"},{"@type":"BreadcrumbList","@id":"https:\/\/www.agriturismolagiara.it\/i-prodotti\/#breadcrumb","itemListElement":[{"@type":"ListItem","position":1,"name":"Home","item":"https:\/\/www.agriturismolagiara.it\/fr\/page-daccueil\/"},{"@type":"ListItem","position":2,"name":"Produits"}]},{"@type":"WebSite","@id":"https:\/\/www.agriturismolagiara.it\/#website","url":"https:\/\/www.agriturismolagiara.it\/","name":"Agriturismo La Giara","description":"Qui si incontrano la paziente forza della terra e la fatica delle sapienti mani dell\u2019uomo, qui nasce quel legame unico che lega paesaggio e cucina.","publisher":{"@id":"https:\/\/www.agriturismolagiara.it\/#organization"},"potentialAction":[{"@type":"SearchAction","target":{"@type":"EntryPoint","urlTemplate":"https:\/\/www.agriturismolagiara.it\/?s={search_term_string}"},"query-input":{"@type":"PropertyValueSpecification","valueRequired":true,"valueName":"search_term_string"}}],"inLanguage":"fr-FR"},{"@type":"Organization","@id":"https:\/\/www.agriturismolagiara.it\/#organization","name":"Agriturismo La Giara","url":"https:\/\/www.agriturismolagiara.it\/","logo":{"@type":"ImageObject","inLanguage":"fr-FR","@id":"https:\/\/www.agriturismolagiara.it\/#\/schema\/logo\/image\/","url":"https:\/\/www.agriturismolagiara.it\/wp-content\/uploads\/2025\/04\/logo.png","contentUrl":"https:\/\/www.agriturismolagiara.it\/wp-content\/uploads\/2025\/04\/logo.png","width":208,"height":163,"caption":"Agriturismo La Giara"},"image":{"@id":"https:\/\/www.agriturismolagiara.it\/#\/schema\/logo\/image\/"}}]}},"_links":{"self":[{"href":"https:\/\/www.agriturismolagiara.it\/fr\/wp-json\/wp\/v2\/pages\/7252","targetHints":{"allow":["GET"]}}],"collection":[{"href":"https:\/\/www.agriturismolagiara.it\/fr\/wp-json\/wp\/v2\/pages"}],"about":[{"href":"https:\/\/www.agriturismolagiara.it\/fr\/wp-json\/wp\/v2\/types\/page"}],"author":[{"embeddable":true,"href":"https:\/\/www.agriturismolagiara.it\/fr\/wp-json\/wp\/v2\/users\/1"}],"replies":[{"embeddable":true,"href":"https:\/\/www.agriturismolagiara.it\/fr\/wp-json\/wp\/v2\/comments?post=7252"}],"version-history":[{"count":2,"href":"https:\/\/www.agriturismolagiara.it\/fr\/wp-json\/wp\/v2\/pages\/7252\/revisions"}],"predecessor-version":[{"id":7358,"href":"https:\/\/www.agriturismolagiara.it\/fr\/wp-json\/wp\/v2\/pages\/7252\/revisions\/7358"}],"wp:attachment":[{"href":"https:\/\/www.agriturismolagiara.it\/fr\/wp-json\/wp\/v2\/media?parent=7252"}],"curies":[{"name":"wp","href":"https:\/\/api.w.org\/{rel}","templated":true}]}}