{"id":7248,"date":"2015-03-05T10:46:06","date_gmt":"2015-03-05T09:46:06","guid":{"rendered":"https:\/\/agriturismolagiara.it\/restaurant\/"},"modified":"2025-04-23T18:18:02","modified_gmt":"2025-04-23T16:18:02","slug":"restaurant","status":"publish","type":"page","link":"https:\/\/www.agriturismolagiara.it\/fr\/restaurant\/","title":{"rendered":"Le restaurant"},"content":{"rendered":"\t\t<div data-elementor-type=\"wp-page\" data-elementor-id=\"7248\" class=\"elementor elementor-7248 elementor-4921\" data-elementor-post-type=\"page\">\n\t\t\t\t<div class=\"elementor-element elementor-element-62fba75 e-con-full e-flex e-con e-parent\" data-id=\"62fba75\" data-element_type=\"container\" data-e-type=\"container\" data-settings=\"{&quot;background_background&quot;:&quot;slideshow&quot;,&quot;background_slideshow_gallery&quot;:[{&quot;id&quot;:5486,&quot;url&quot;:&quot;https:\\\/\\\/agriturismolagiara.it\\\/wp-content\\\/uploads\\\/2019\\\/04\\\/ristorant1-01.jpg&quot;},{&quot;id&quot;:5696,&quot;url&quot;:&quot;https:\\\/\\\/agriturismolagiara.it\\\/wp-content\\\/uploads\\\/2023\\\/10\\\/slide-camere-02.jpg&quot;},{&quot;id&quot;:5698,&quot;url&quot;:&quot;https:\\\/\\\/agriturismolagiara.it\\\/wp-content\\\/uploads\\\/2023\\\/10\\\/slide-ristorazione-cucina.jpg&quot;},{&quot;id&quot;:5488,&quot;url&quot;:&quot;https:\\\/\\\/agriturismolagiara.it\\\/wp-content\\\/uploads\\\/2019\\\/04\\\/IMG_1190-copia.jpg&quot;}],&quot;background_slideshow_loop&quot;:&quot;yes&quot;,&quot;background_slideshow_slide_duration&quot;:5000,&quot;background_slideshow_slide_transition&quot;:&quot;fade&quot;,&quot;background_slideshow_transition_duration&quot;:500}\">\n\t\t\t\t<div class=\"elementor-element elementor-element-ad9cefe elementor-widget elementor-widget-spacer\" data-id=\"ad9cefe\" data-element_type=\"widget\" data-e-type=\"widget\" data-widget_type=\"spacer.default\">\n\t\t\t\t<div class=\"elementor-widget-container\">\n\t\t\t\t\t\t\t<div class=\"elementor-spacer\">\n\t\t\t<div class=\"elementor-spacer-inner\"><\/div>\n\t\t<\/div>\n\t\t\t\t\t\t<\/div>\n\t\t\t\t<\/div>\n\t\t\t\t<\/div>\n\t\t<div class=\"elementor-element elementor-element-85e1885   e-flex e-con-boxed e-con e-parent\" data-id=\"85e1885\" data-element_type=\"container\" data-e-type=\"container\" data-settings=\"{&quot;background_background&quot;:&quot;classic&quot;}\">\n\t\t\t\t\t<div class=\"e-con-inner\">\n\t\t\t\t<div class=\"elementor-element elementor-element-7a6d57d0 elementor-widget__width-inherit elementor-widget-mobile__width-inherit   elementor-widget elementor-widget-heading\" data-id=\"7a6d57d0\" data-element_type=\"widget\" data-e-type=\"widget\" data-widget_type=\"heading.default\">\n\t\t\t\t<div class=\"elementor-widget-container\">\n\t\t\t\t\t<h4 class=\"elementor-heading-title elementor-size-default\">CE QUE NOUS ENTENDONS PAR RESTAURATION<\/h4>\t\t\t\t<\/div>\n\t\t\t\t<\/div>\n\t\t\t\t\t<\/div>\n\t\t\t\t<\/div>\n\t\t<div class=\"elementor-element elementor-element-1f22aed7   e-flex e-con-boxed e-con e-parent\" data-id=\"1f22aed7\" data-element_type=\"container\" data-e-type=\"container\" data-settings=\"{&quot;background_background&quot;:&quot;classic&quot;}\">\n\t\t\t\t\t<div class=\"e-con-inner\">\n\t\t\t\t<div class=\"elementor-element elementor-element-711ac48a elementor-widget__width-inherit elementor-widget-mobile__width-inherit   elementor-widget elementor-widget-text-editor\" data-id=\"711ac48a\" data-element_type=\"widget\" data-e-type=\"widget\" data-widget_type=\"text-editor.default\">\n\t\t\t\t<div class=\"elementor-widget-container\">\n\t\t\t\t\t\t\t\t\tLA TRADITION LIGURIENNE SUR NOTRE TABLE\t\t\t\t\t\t\t\t<\/div>\n\t\t\t\t<\/div>\n\t\t\t\t\t<\/div>\n\t\t\t\t<\/div>\n\t\t<div class=\"elementor-element elementor-element-2d1f9201   e-flex e-con-boxed e-con e-parent\" data-id=\"2d1f9201\" data-element_type=\"container\" data-e-type=\"container\" data-settings=\"{&quot;background_background&quot;:&quot;classic&quot;}\">\n\t\t\t\t\t<div class=\"e-con-inner\">\n\t\t\t\t<div class=\"elementor-element elementor-element-7f8058aa elementor-widget__width-inherit elementor-widget-mobile__width-inherit   elementor-widget elementor-widget-text-editor\" data-id=\"7f8058aa\" data-element_type=\"widget\" data-e-type=\"widget\" data-widget_type=\"text-editor.default\">\n\t\t\t\t<div class=\"elementor-widget-container\">\n\t\t\t\t\t\t\t\t\t2 ou 3 fois par semaine, nos h\u00f4tes peuvent passer \u00e0 la ferme le soir pour d\u00e9guster nos produits DE LA CUISINE \u00c0 LA TABLE. Uniquement des produits provenant de notre propre FERME ou de fermes situ\u00e9es \u00e0 0 km. Des plats uniques qui contiennent toutes les valeurs nutritionnelles dont nous avons besoin : de la salade d&rsquo;\u00e9peautre aux l\u00e9gumes vari\u00e9s, des testaroli \u00e0 base de c\u00e9r\u00e9ales anciennes et de farine d&rsquo;\u00e9peautre au pesto, des anchois de Monterosso aux tartes sal\u00e9es et sucr\u00e9es, des viandes grill\u00e9es aux plateaux de charcuterie et de fromages de notre VAL DI VARA.\t\t\t\t\t\t\t\t<\/div>\n\t\t\t\t<\/div>\n\t\t\t\t\t<\/div>\n\t\t\t\t<\/div>\n\t\t<div class=\"elementor-element elementor-element-6fbe32b7   e-flex e-con-boxed e-con e-parent\" data-id=\"6fbe32b7\" data-element_type=\"container\" data-e-type=\"container\" data-settings=\"{&quot;background_background&quot;:&quot;classic&quot;}\">\n\t\t\t\t\t<div class=\"e-con-inner\">\n\t\t\t\t<div class=\"elementor-element elementor-element-788b4117 elementor-widget__width-inherit elementor-widget-mobile__width-inherit   elementor-widget elementor-widget-text-editor\" data-id=\"788b4117\" data-element_type=\"widget\" data-e-type=\"widget\" data-widget_type=\"text-editor.default\">\n\t\t\t\t<div class=\"elementor-widget-container\">\n\t\t\t\t\t\t\t\t\tValoriser les produits locaux permet de mieux respecter l&rsquo;environnement, l&rsquo;air, et d&rsquo;assurer la survie de ces petites entreprises familiales rurales qui se battent pour survivre sur un terrain dur et difficile&#8230; Nous proposons \u00e9galement des TAKEAWAYS, des plats \u00e0 emporter \u00e0 d\u00e9guster dans le jardin, sur la terrasse, au bord de la piscine, ou m\u00eame \u00e0 la mer&#8230; &#8230;. le soir sur les belles plages au coucher du soleil, comme dans la tradition de ma famille !!!!\t\t\t\t\t\t\t\t<\/div>\n\t\t\t\t<\/div>\n\t\t\t\t\t<\/div>\n\t\t\t\t<\/div>\n\t\t<div class=\"elementor-element elementor-element-15861d61   e-flex e-con-boxed e-con e-parent\" data-id=\"15861d61\" data-element_type=\"container\" data-e-type=\"container\" data-settings=\"{&quot;background_background&quot;:&quot;classic&quot;}\">\n\t\t\t\t\t<div class=\"e-con-inner\">\n\t\t\t\t<div class=\"elementor-element elementor-element-1e85916f elementor-widget__width-inherit elementor-widget-mobile__width-inherit   elementor-widget elementor-widget-text-editor\" data-id=\"1e85916f\" data-element_type=\"widget\" data-e-type=\"widget\" data-widget_type=\"text-editor.default\">\n\t\t\t\t<div class=\"elementor-widget-container\">\n\t\t\t\t\t\t\t\t\tD\u00eener le soir sur la plage, sans confusion, avec la fra\u00eecheur de la brise marine est grav\u00e9 dans mon esprit comme un beau souvenir d&rsquo;enfance !<br>  Nous avons \u00e0 c\u0153ur d&rsquo;accompagner nos h\u00f4tes pour qu&rsquo;ils passent des vacances sp\u00e9ciales, aussi sp\u00e9ciales que les lieux de ce LEVANT LIGURIA !\t\t\t\t\t\t\t\t<\/div>\n\t\t\t\t<\/div>\n\t\t\t\t\t<\/div>\n\t\t\t\t<\/div>\n\t\t<div class=\"elementor-element elementor-element-50500203   e-flex e-con-boxed e-con e-parent\" data-id=\"50500203\" data-element_type=\"container\" data-e-type=\"container\" data-settings=\"{&quot;background_background&quot;:&quot;classic&quot;}\">\n\t\t\t\t\t<div class=\"e-con-inner\">\n\t\t\t\t<div class=\"elementor-element elementor-element-31d32f45 elementor-widget__width-inherit elementor-widget-mobile__width-inherit   elementor-widget elementor-widget-text-editor\" data-id=\"31d32f45\" data-element_type=\"widget\" data-e-type=\"widget\" data-widget_type=\"text-editor.default\">\n\t\t\t\t<div class=\"elementor-widget-container\">\n\t\t\t\t\t\t\t\t\t\u00c0 quelques kilom\u00e8tres de l&rsquo;Agriturismo, vous trouverez des restaurants et des trattorias :<br> OSTERIA DEL CASTELLO &#8211; RISTORANTE DA CLAUDIA &#8211; LOCANDA DEL GIGLIO &#8211; RISTORANTE DA PIETRO &#8211; PIZZERIA LAPOS\t\t\t\t\t\t\t\t<\/div>\n\t\t\t\t<\/div>\n\t\t\t\t\t<\/div>\n\t\t\t\t<\/div>\n\t\t<div class=\"elementor-element elementor-element-781cfcb e-con-full   e-flex e-con e-parent\" data-id=\"781cfcb\" data-element_type=\"container\" data-e-type=\"container\" data-settings=\"{&quot;background_background&quot;:&quot;classic&quot;}\">\n\t\t\t\t<div class=\"elementor-element elementor-element-7655ae0a elementor-widget__width-inherit elementor-widget-mobile__width-inherit   elementor-widget elementor-widget-image\" data-id=\"7655ae0a\" data-element_type=\"widget\" data-e-type=\"widget\" data-widget_type=\"image.default\">\n\t\t\t\t<div class=\"elementor-widget-container\">\n\t\t\t\t\t\t\t\t\t\t\t\t\t\t\t\t<a href=\"#iJ1HGoYh\">\n\t\t\t\t\t\t\t<img fetchpriority=\"high\" decoding=\"async\" width=\"1240\" height=\"310\" src=\"https:\/\/www.agriturismolagiara.it\/wp-content\/uploads\/2025\/04\/ristorante01.jpg\" class=\"attachment-full size-full wp-image-7217\" alt=\"\" srcset=\"https:\/\/www.agriturismolagiara.it\/wp-content\/uploads\/2025\/04\/ristorante01.jpg 1240w, https:\/\/www.agriturismolagiara.it\/wp-content\/uploads\/2025\/04\/ristorante01-300x75.jpg 300w, https:\/\/www.agriturismolagiara.it\/wp-content\/uploads\/2025\/04\/ristorante01-1024x256.jpg 1024w, https:\/\/www.agriturismolagiara.it\/wp-content\/uploads\/2025\/04\/ristorante01-768x192.jpg 768w\" sizes=\"(max-width: 1240px) 100vw, 1240px\" \/>\t\t\t\t\t\t\t\t<\/a>\n\t\t\t\t\t\t\t\t\t\t\t\t\t\t\t<\/div>\n\t\t\t\t<\/div>\n\t\t<div class=\"elementor-element elementor-element-3de641d4   e-flex e-con-boxed e-con e-child\" data-id=\"3de641d4\" data-element_type=\"container\" data-e-type=\"container\">\n\t\t\t\t\t<div class=\"e-con-inner\">\n\t\t<div class=\"elementor-element elementor-element-212d143b e-con-full   e-flex e-con e-child\" data-id=\"212d143b\" data-element_type=\"container\" data-e-type=\"container\">\n\t\t\t\t<div class=\"elementor-element elementor-element-1943cee1 elementor-widget__width-inherit elementor-widget-mobile__width-inherit   elementor-widget elementor-widget-text-editor\" data-id=\"1943cee1\" data-element_type=\"widget\" data-e-type=\"widget\" data-widget_type=\"text-editor.default\">\n\t\t\t\t<div class=\"elementor-widget-container\">\n\t\t\t\t\t\t\t\t\t<p>Le prix du menu varie de 23 \u00e0 27 euros par personne, hors boissons.<\/p>\t\t\t\t\t\t\t\t<\/div>\n\t\t\t\t<\/div>\n\t\t\t\t<div class=\"elementor-element elementor-element-18b15729 elementor-widget__width-inherit elementor-widget-mobile__width-inherit   elementor-widget elementor-widget-text-editor\" data-id=\"18b15729\" data-element_type=\"widget\" data-e-type=\"widget\" data-widget_type=\"text-editor.default\">\n\t\t\t\t<div class=\"elementor-widget-container\">\n\t\t\t\t\t\t\t\t\tDe savoureux menus v\u00e9g\u00e9tariens et v\u00e9g\u00e9taliens sont pr\u00e9par\u00e9s pour ceux qui le souhaitent, avec des l\u00e9gumes de saison.\t\t\t\t\t\t\t\t<\/div>\n\t\t\t\t<\/div>\n\t\t\t\t<div class=\"elementor-element elementor-element-1c7ea0e4 elementor-widget__width-inherit elementor-widget-mobile__width-inherit   elementor-widget elementor-widget-text-editor\" data-id=\"1c7ea0e4\" data-element_type=\"widget\" data-e-type=\"widget\" data-widget_type=\"text-editor.default\">\n\t\t\t\t<div class=\"elementor-widget-container\">\n\t\t\t\t\t\t\t\t\tNous organisons \u00e9galement pour nos h\u00f4tes de savoureux SNACKS avec cro\u00fbtons, salades, sgabei (pain frit), charcuteries m\u00e9lang\u00e9es, fromages locaux, l\u00e9gumes grill\u00e9s, etc., \u00e0 d\u00e9guster dans la fra\u00eecheur du jardin, au bord de la belle et fra\u00eeche piscine.\t\t\t\t\t\t\t\t<\/div>\n\t\t\t\t<\/div>\n\t\t\t\t<div class=\"elementor-element elementor-element-706f2e0e elementor-widget__width-inherit elementor-widget-mobile__width-inherit   elementor-widget elementor-widget-text-editor\" data-id=\"706f2e0e\" data-element_type=\"widget\" data-e-type=\"widget\" data-widget_type=\"text-editor.default\">\n\t\t\t\t<div class=\"elementor-widget-container\">\n\t\t\t\t\t\t\t\t\tLes visiteurs de ces lieux auront \u00e9galement l&rsquo;occasion de go\u00fbter un plat typique de la culture paysanne pauvre de la Ligurie orientale et de la Lunigiana : le TESTAROLO.<br>  D\u00e9gustez-le chaud avec du fromage et de la charcuterie, ou bouilli et assaisonn\u00e9 avec du pesto, de l&rsquo;huile et du fromage de brebis ou de la sauce aux champignons.\t\t\t\t\t\t\t\t<\/div>\n\t\t\t\t<\/div>\n\t\t\t\t<\/div>\n\t\t\t\t<div class=\"elementor-element elementor-element-6b4a6431 elementor-widget__width-initial elementor-widget-mobile__width-inherit   elementor-widget elementor-widget-image\" data-id=\"6b4a6431\" data-element_type=\"widget\" data-e-type=\"widget\" data-widget_type=\"image.default\">\n\t\t\t\t<div class=\"elementor-widget-container\">\n\t\t\t\t\t\t\t\t\t\t\t\t\t\t\t\t<a href=\"#cdhFa34Q\">\n\t\t\t\t\t\t\t<img decoding=\"async\" width=\"500\" height=\"520\" src=\"https:\/\/www.agriturismolagiara.it\/wp-content\/uploads\/2025\/04\/testaroli-foto.jpg\" class=\"attachment-full size-full wp-image-7220\" alt=\"\" srcset=\"https:\/\/www.agriturismolagiara.it\/wp-content\/uploads\/2025\/04\/testaroli-foto.jpg 500w, https:\/\/www.agriturismolagiara.it\/wp-content\/uploads\/2025\/04\/testaroli-foto-288x300.jpg 288w\" sizes=\"(max-width: 500px) 100vw, 500px\" \/>\t\t\t\t\t\t\t\t<\/a>\n\t\t\t\t\t\t\t\t\t\t\t\t\t\t\t<\/div>\n\t\t\t\t<\/div>\n\t\t\t\t\t<\/div>\n\t\t\t\t<\/div>\n\t\t\t\t<div class=\"elementor-element elementor-element-145b83d7 elementor-widget__width-inherit elementor-widget-mobile__width-inherit   elementor-widget elementor-widget-text-editor\" data-id=\"145b83d7\" data-element_type=\"widget\" data-e-type=\"widget\" data-widget_type=\"text-editor.default\">\n\t\t\t\t<div class=\"elementor-widget-container\">\n\t\t\t\t\t\t\t\t\tN&rsquo;h\u00e9sitez pas \u00e0 nous contacter au 0187-883129 ou 347-9112232 ou 347-3535940 pour plus de d\u00e9tails !\t\t\t\t\t\t\t\t<\/div>\n\t\t\t\t<\/div>\n\t\t\t\t<\/div>\n\t\t\t\t<\/div>\n\t\t","protected":false},"excerpt":{"rendered":"<p>CE QUE NOUS ENTENDONS PAR RESTAURATION LA TRADITION LIGURIENNE SUR NOTRE TABLE2 ou 3 fois par semaine, nos h\u00f4tes peuvent passer \u00e0 la ferme le soir pour d\u00e9guster nos produits DE LA CUISINE \u00c0 LA TABLE. Uniquement des produits provenant de notre propre FERME ou de fermes situ\u00e9es \u00e0 0 km. Des plats uniques qui [&hellip;]<\/p>\n","protected":false},"author":1,"featured_media":0,"parent":0,"menu_order":0,"comment_status":"closed","ping_status":"open","template":"","meta":{"footnotes":""},"class_list":["post-7248","page","type-page","status-publish","hentry"],"yoast_head":"<!-- This site is optimized with the Yoast SEO plugin v27.0 - https:\/\/yoast.com\/product\/yoast-seo-wordpress\/ -->\n<title>Le restaurant - Agriturismo La Giara<\/title>\n<meta name=\"robots\" content=\"index, follow, max-snippet:-1, max-image-preview:large, max-video-preview:-1\" \/>\n<link rel=\"canonical\" href=\"https:\/\/www.agriturismolagiara.it\/il-ristorante-2\/\" \/>\n<meta property=\"og:locale\" content=\"fr_FR\" \/>\n<meta property=\"og:type\" content=\"article\" \/>\n<meta property=\"og:title\" content=\"Le restaurant - Agriturismo La Giara\" \/>\n<meta property=\"og:description\" content=\"CE QUE NOUS ENTENDONS PAR RESTAURATION LA TRADITION LIGURIENNE SUR NOTRE TABLE2 ou 3 fois par semaine, nos h\u00f4tes peuvent passer \u00e0 la ferme le soir pour d\u00e9guster nos produits DE LA CUISINE \u00c0 LA TABLE. Uniquement des produits provenant de notre propre FERME ou de fermes situ\u00e9es \u00e0 0 km. Des plats uniques qui [&hellip;]\" \/>\n<meta property=\"og:url\" content=\"https:\/\/www.agriturismolagiara.it\/il-ristorante-2\/\" \/>\n<meta property=\"og:site_name\" content=\"Agriturismo La Giara\" \/>\n<meta property=\"article:modified_time\" content=\"2025-04-23T16:18:02+00:00\" \/>\n<meta property=\"og:image\" content=\"https:\/\/agriturismolagiara.it\/wp-content\/uploads\/2025\/04\/ristorante01.jpg\" \/>\n<meta name=\"twitter:label1\" content=\"Dur\u00e9e de lecture estim\u00e9e\" \/>\n\t<meta name=\"twitter:data1\" content=\"2 minutes\" \/>\n<script type=\"application\/ld+json\" class=\"yoast-schema-graph\">{\"@context\":\"https:\/\/schema.org\",\"@graph\":[{\"@type\":\"WebPage\",\"@id\":\"https:\/\/www.agriturismolagiara.it\/il-ristorante-2\/\",\"url\":\"https:\/\/www.agriturismolagiara.it\/il-ristorante-2\/\",\"name\":\"Le restaurant - Agriturismo La Giara\",\"isPartOf\":{\"@id\":\"https:\/\/www.agriturismolagiara.it\/#website\"},\"primaryImageOfPage\":{\"@id\":\"https:\/\/www.agriturismolagiara.it\/il-ristorante-2\/#primaryimage\"},\"image\":{\"@id\":\"https:\/\/www.agriturismolagiara.it\/il-ristorante-2\/#primaryimage\"},\"thumbnailUrl\":\"https:\/\/agriturismolagiara.it\/wp-content\/uploads\/2025\/04\/ristorante01.jpg\",\"datePublished\":\"2015-03-05T09:46:06+00:00\",\"dateModified\":\"2025-04-23T16:18:02+00:00\",\"breadcrumb\":{\"@id\":\"https:\/\/www.agriturismolagiara.it\/il-ristorante-2\/#breadcrumb\"},\"inLanguage\":\"fr-FR\",\"potentialAction\":[{\"@type\":\"ReadAction\",\"target\":[\"https:\/\/www.agriturismolagiara.it\/il-ristorante-2\/\"]}]},{\"@type\":\"ImageObject\",\"inLanguage\":\"fr-FR\",\"@id\":\"https:\/\/www.agriturismolagiara.it\/il-ristorante-2\/#primaryimage\",\"url\":\"https:\/\/agriturismolagiara.it\/wp-content\/uploads\/2025\/04\/ristorante01.jpg\",\"contentUrl\":\"https:\/\/agriturismolagiara.it\/wp-content\/uploads\/2025\/04\/ristorante01.jpg\"},{\"@type\":\"BreadcrumbList\",\"@id\":\"https:\/\/www.agriturismolagiara.it\/il-ristorante-2\/#breadcrumb\",\"itemListElement\":[{\"@type\":\"ListItem\",\"position\":1,\"name\":\"Home\",\"item\":\"https:\/\/www.agriturismolagiara.it\/fr\/page-daccueil\/\"},{\"@type\":\"ListItem\",\"position\":2,\"name\":\"Le restaurant\"}]},{\"@type\":\"WebSite\",\"@id\":\"https:\/\/www.agriturismolagiara.it\/#website\",\"url\":\"https:\/\/www.agriturismolagiara.it\/\",\"name\":\"Agriturismo La Giara\",\"description\":\"Qui si incontrano la paziente forza della terra e la fatica delle sapienti mani dell\u2019uomo, qui nasce quel legame unico che lega paesaggio e cucina.\",\"publisher\":{\"@id\":\"https:\/\/www.agriturismolagiara.it\/#organization\"},\"potentialAction\":[{\"@type\":\"SearchAction\",\"target\":{\"@type\":\"EntryPoint\",\"urlTemplate\":\"https:\/\/www.agriturismolagiara.it\/?s={search_term_string}\"},\"query-input\":{\"@type\":\"PropertyValueSpecification\",\"valueRequired\":true,\"valueName\":\"search_term_string\"}}],\"inLanguage\":\"fr-FR\"},{\"@type\":\"Organization\",\"@id\":\"https:\/\/www.agriturismolagiara.it\/#organization\",\"name\":\"Agriturismo La Giara\",\"url\":\"https:\/\/www.agriturismolagiara.it\/\",\"logo\":{\"@type\":\"ImageObject\",\"inLanguage\":\"fr-FR\",\"@id\":\"https:\/\/www.agriturismolagiara.it\/#\/schema\/logo\/image\/\",\"url\":\"https:\/\/www.agriturismolagiara.it\/wp-content\/uploads\/2025\/04\/logo.png\",\"contentUrl\":\"https:\/\/www.agriturismolagiara.it\/wp-content\/uploads\/2025\/04\/logo.png\",\"width\":208,\"height\":163,\"caption\":\"Agriturismo La Giara\"},\"image\":{\"@id\":\"https:\/\/www.agriturismolagiara.it\/#\/schema\/logo\/image\/\"}}]}<\/script>\n<!-- \/ Yoast SEO plugin. -->","yoast_head_json":{"title":"Le restaurant - Agriturismo La Giara","robots":{"index":"index","follow":"follow","max-snippet":"max-snippet:-1","max-image-preview":"max-image-preview:large","max-video-preview":"max-video-preview:-1"},"canonical":"https:\/\/www.agriturismolagiara.it\/il-ristorante-2\/","og_locale":"fr_FR","og_type":"article","og_title":"Le restaurant - Agriturismo La Giara","og_description":"CE QUE NOUS ENTENDONS PAR RESTAURATION LA TRADITION LIGURIENNE SUR NOTRE TABLE2 ou 3 fois par semaine, nos h\u00f4tes peuvent passer \u00e0 la ferme le soir pour d\u00e9guster nos produits DE LA CUISINE \u00c0 LA TABLE. Uniquement des produits provenant de notre propre FERME ou de fermes situ\u00e9es \u00e0 0 km. Des plats uniques qui [&hellip;]","og_url":"https:\/\/www.agriturismolagiara.it\/il-ristorante-2\/","og_site_name":"Agriturismo La Giara","article_modified_time":"2025-04-23T16:18:02+00:00","og_image":[{"url":"https:\/\/agriturismolagiara.it\/wp-content\/uploads\/2025\/04\/ristorante01.jpg","type":"","width":"","height":""}],"twitter_misc":{"Dur\u00e9e de lecture estim\u00e9e":"2 minutes"},"schema":{"@context":"https:\/\/schema.org","@graph":[{"@type":"WebPage","@id":"https:\/\/www.agriturismolagiara.it\/il-ristorante-2\/","url":"https:\/\/www.agriturismolagiara.it\/il-ristorante-2\/","name":"Le restaurant - Agriturismo La Giara","isPartOf":{"@id":"https:\/\/www.agriturismolagiara.it\/#website"},"primaryImageOfPage":{"@id":"https:\/\/www.agriturismolagiara.it\/il-ristorante-2\/#primaryimage"},"image":{"@id":"https:\/\/www.agriturismolagiara.it\/il-ristorante-2\/#primaryimage"},"thumbnailUrl":"https:\/\/agriturismolagiara.it\/wp-content\/uploads\/2025\/04\/ristorante01.jpg","datePublished":"2015-03-05T09:46:06+00:00","dateModified":"2025-04-23T16:18:02+00:00","breadcrumb":{"@id":"https:\/\/www.agriturismolagiara.it\/il-ristorante-2\/#breadcrumb"},"inLanguage":"fr-FR","potentialAction":[{"@type":"ReadAction","target":["https:\/\/www.agriturismolagiara.it\/il-ristorante-2\/"]}]},{"@type":"ImageObject","inLanguage":"fr-FR","@id":"https:\/\/www.agriturismolagiara.it\/il-ristorante-2\/#primaryimage","url":"https:\/\/agriturismolagiara.it\/wp-content\/uploads\/2025\/04\/ristorante01.jpg","contentUrl":"https:\/\/agriturismolagiara.it\/wp-content\/uploads\/2025\/04\/ristorante01.jpg"},{"@type":"BreadcrumbList","@id":"https:\/\/www.agriturismolagiara.it\/il-ristorante-2\/#breadcrumb","itemListElement":[{"@type":"ListItem","position":1,"name":"Home","item":"https:\/\/www.agriturismolagiara.it\/fr\/page-daccueil\/"},{"@type":"ListItem","position":2,"name":"Le restaurant"}]},{"@type":"WebSite","@id":"https:\/\/www.agriturismolagiara.it\/#website","url":"https:\/\/www.agriturismolagiara.it\/","name":"Agriturismo La Giara","description":"Qui si incontrano la paziente forza della terra e la fatica delle sapienti mani dell\u2019uomo, qui nasce quel legame unico che lega paesaggio e cucina.","publisher":{"@id":"https:\/\/www.agriturismolagiara.it\/#organization"},"potentialAction":[{"@type":"SearchAction","target":{"@type":"EntryPoint","urlTemplate":"https:\/\/www.agriturismolagiara.it\/?s={search_term_string}"},"query-input":{"@type":"PropertyValueSpecification","valueRequired":true,"valueName":"search_term_string"}}],"inLanguage":"fr-FR"},{"@type":"Organization","@id":"https:\/\/www.agriturismolagiara.it\/#organization","name":"Agriturismo La Giara","url":"https:\/\/www.agriturismolagiara.it\/","logo":{"@type":"ImageObject","inLanguage":"fr-FR","@id":"https:\/\/www.agriturismolagiara.it\/#\/schema\/logo\/image\/","url":"https:\/\/www.agriturismolagiara.it\/wp-content\/uploads\/2025\/04\/logo.png","contentUrl":"https:\/\/www.agriturismolagiara.it\/wp-content\/uploads\/2025\/04\/logo.png","width":208,"height":163,"caption":"Agriturismo La Giara"},"image":{"@id":"https:\/\/www.agriturismolagiara.it\/#\/schema\/logo\/image\/"}}]}},"_links":{"self":[{"href":"https:\/\/www.agriturismolagiara.it\/fr\/wp-json\/wp\/v2\/pages\/7248","targetHints":{"allow":["GET"]}}],"collection":[{"href":"https:\/\/www.agriturismolagiara.it\/fr\/wp-json\/wp\/v2\/pages"}],"about":[{"href":"https:\/\/www.agriturismolagiara.it\/fr\/wp-json\/wp\/v2\/types\/page"}],"author":[{"embeddable":true,"href":"https:\/\/www.agriturismolagiara.it\/fr\/wp-json\/wp\/v2\/users\/1"}],"replies":[{"embeddable":true,"href":"https:\/\/www.agriturismolagiara.it\/fr\/wp-json\/wp\/v2\/comments?post=7248"}],"version-history":[{"count":2,"href":"https:\/\/www.agriturismolagiara.it\/fr\/wp-json\/wp\/v2\/pages\/7248\/revisions"}],"predecessor-version":[{"id":7364,"href":"https:\/\/www.agriturismolagiara.it\/fr\/wp-json\/wp\/v2\/pages\/7248\/revisions\/7364"}],"wp:attachment":[{"href":"https:\/\/www.agriturismolagiara.it\/fr\/wp-json\/wp\/v2\/media?parent=7248"}],"curies":[{"name":"wp","href":"https:\/\/api.w.org\/{rel}","templated":true}]}}