{"id":5047,"date":"2015-03-05T19:24:40","date_gmt":"2015-03-05T18:24:40","guid":{"rendered":"http:\/\/agriturismolagiara.digiside.it\/?page_id=5047"},"modified":"2025-04-23T15:40:18","modified_gmt":"2025-04-23T13:40:18","slug":"vernazza","status":"publish","type":"page","link":"https:\/\/www.agriturismolagiara.it\/fr\/vernazza\/","title":{"rendered":"Vernazza"},"content":{"rendered":"<div style=\"background-color: #f8f6ee;\">\n<p>[vc_row][vc_column width=\u00a0\u00bb1\/1&Prime;]<\/p>\n<p>[trx_section align=\u00a0\u00bbcenter\u00a0\u00bb dedicated=\u00a0\u00bbno\u00a0\u00bb scroll=\u00a0\u00bbno\u00a0\u00bb dir=\u00a0\u00bbhorizontal\u00a0\u00bb]<\/p>\n<p>[trx_content bottom=\u00a0\u00bb10&Prime;]<\/p>\n<p>[trx_title type=\u00a0\u00bb4&Prime; align=\u00a0\u00bbcenter\u00a0\u00bb weight=\u00a0\u00bb700&Prime; bottom=\u00a0\u00bb25&Prime;]VERNAZZA[\/trx_title]<br \/>\n[\/trx_content]<\/p>\n<p>[\/trx_section]<\/p>\n<p>[\/vc_column]<\/p>\n<p>[\/vc_row]<\/p>\n<p>[vc_row][vc_column width=\u00a0\u00bb1\/1&Prime;]<br \/>\n[trx_section align=\u00a0\u00bbcenter\u00a0\u00bb dedicated=\u00a0\u00bbno\u00a0\u00bb scroll=\u00a0\u00bbno\u00a0\u00bb dir=\u00a0\u00bbhorizontal\u00a0\u00bb]<br \/>\n[trx_content bottom=\u00a0\u00bb70&Prime;]<br \/>\nLa zona di Vernazza era gi\u00e0 abitata in epoca romana: infatti le terre confiscate ai Liguri erano state cedute ai coloni romani. Nel secolo VII Vernazza compare come \u00ab\u00a0Vulnetia\u00a0\u00bb nell&rsquo;Anonimo Ravennate. L&rsquo;origine del borgo costiero \u00e8 da collegarsi al nucleo esistente attorno all&rsquo;antica chiesa di Reggio, oggi santuario di Vernazza. Verso l&rsquo;anno 1000 gli abitanti di Reggio lasciarono il paese: una parte si diresse verso l&rsquo;interno e si ferm\u00f2 nella piana di Pignone dove fond\u00f2 appunto tale paese, altri andarono invece verso la costa e unendosi ai nuclei gi\u00e0 esistenti diedero origine a Vernazza. Vernazza viene citata per la prima volta in un documento del 1050. Nei secoli XI e XII governarono la zona i signori Obertenghi, i quali fecero costruire anche un castello su uno sperone roccioso e difficile da assalire. Tale castello \u00e8 documentato dal 1056. Gi\u00e0 allora, grazie al suo porto naturale ben riparato, Vernazza era uno dei principali scali delle Cinque Terre. Gli abitanti di Vernazza erano abili marinai ma avevano compiuto scorrerie contro le comunit\u00e0 vicine ed anche contro Genova e Pisa.<br \/>\nIndubbiamente interessante sia dal punto di vista urbanistico che da quello dei valori ambientali, \u00e8 la piazza posto nella parte bassa dell&rsquo;abitato, circondata da un lato da un bel palazzo porticato e case a struttura medioevale con pavimentazione di lastroni di pietra, dall&rsquo;altro la parrocchiale dedicata a santa Margherita d&rsquo;Antiochia. La chiesa, edificata sulla roccia nel 1318 su una precedente costruzione dell&rsquo;XI sec., \u00e8 in puro stile gotico ligure. Un consistente restauro avvenuto tra il 1964 e il 1970 ha ripristinato la struttura originaria. L&rsquo;ingresso principale si trova sulla facciata nord, mentre quello comunemente usato \u00e8 stato aperto nell&rsquo;abside. Il fianco destro, che poggia in parte su un grande arco facente parte di un ampliamento longitudinale della chiesa avvenuto nel 1750, \u00e8 provvisto di tre bifore.<br \/>\n[\/trx_content]<\/p>\n<p>[\/trx_section]<\/p>\n<p>[\/vc_column]<\/p>\n<p>[\/vc_row]<\/p>\n<p>[vc_row][vc_column width=\u00a0\u00bb1\/1&Prime;]<\/p>\n<p>[trx_content]<\/p>\n<p><a href=\"\/wp-content\/uploads\/2015\/03\/vernazza-foto.jpg\"><img fetchpriority=\"high\" decoding=\"async\" src=\"\/wp-content\/uploads\/2015\/03\/vernazza-foto.jpg\" alt=\"vernazza-foto\" width=\"1240\" height=\"310\" class=\"alignnone size-full wp-image-5168\" srcset=\"https:\/\/www.agriturismolagiara.it\/wp-content\/uploads\/2015\/03\/vernazza-foto.jpg 1240w, https:\/\/www.agriturismolagiara.it\/wp-content\/uploads\/2015\/03\/vernazza-foto-300x75.jpg 300w, https:\/\/www.agriturismolagiara.it\/wp-content\/uploads\/2015\/03\/vernazza-foto-1024x256.jpg 1024w\" sizes=\"(max-width: 1240px) 100vw, 1240px\" \/><\/a><\/p>\n<p>[\/trx_content]<\/p>\n<p>[\/vc_column]<\/p>\n<p>[\/vc_row]<\/p>\n<\/div>\n","protected":false},"excerpt":{"rendered":"<p>[vc_row][vc_column width=\u00a0\u00bb1\/1&Prime;] [trx_section align=\u00a0\u00bbcenter\u00a0\u00bb dedicated=\u00a0\u00bbno\u00a0\u00bb scroll=\u00a0\u00bbno\u00a0\u00bb dir=\u00a0\u00bbhorizontal\u00a0\u00bb] [trx_content bottom=\u00a0\u00bb10&Prime;] [trx_title type=\u00a0\u00bb4&Prime; align=\u00a0\u00bbcenter\u00a0\u00bb weight=\u00a0\u00bb700&Prime; bottom=\u00a0\u00bb25&Prime;]VERNAZZA[\/trx_title] [\/trx_content] [\/trx_section] [\/vc_column] [\/vc_row] [vc_row][vc_column width=\u00a0\u00bb1\/1&Prime;] [trx_section align=\u00a0\u00bbcenter\u00a0\u00bb dedicated=\u00a0\u00bbno\u00a0\u00bb scroll=\u00a0\u00bbno\u00a0\u00bb dir=\u00a0\u00bbhorizontal\u00a0\u00bb] [trx_content bottom=\u00a0\u00bb70&Prime;] La zona di Vernazza era gi\u00e0 abitata in epoca romana: infatti le terre confiscate ai Liguri erano state cedute ai coloni romani. Nel secolo VII Vernazza compare come [&hellip;]<\/p>\n","protected":false},"author":1,"featured_media":0,"parent":0,"menu_order":0,"comment_status":"open","ping_status":"open","template":"","meta":{"footnotes":""},"class_list":["post-5047","page","type-page","status-publish","hentry"],"yoast_head":"<!-- This site is optimized with the Yoast SEO plugin v27.0 - https:\/\/yoast.com\/product\/yoast-seo-wordpress\/ -->\n<title>Agriturismo Vernazza - Agriturismo a Beverino<\/title>\n<meta name=\"robots\" content=\"index, follow, max-snippet:-1, max-image-preview:large, max-video-preview:-1\" \/>\n<link rel=\"canonical\" href=\"https:\/\/www.agriturismolagiara.it\/vernazza\/\" \/>\n<meta property=\"og:locale\" content=\"fr_FR\" \/>\n<meta property=\"og:type\" content=\"article\" \/>\n<meta property=\"og:title\" content=\"Agriturismo Vernazza - Agriturismo a Beverino\" \/>\n<meta property=\"og:description\" content=\"[vc_row][vc_column width=\u00a0\u00bb1\/1&Prime;] [trx_section align=\u00a0\u00bbcenter\u00a0\u00bb dedicated=\u00a0\u00bbno\u00a0\u00bb scroll=\u00a0\u00bbno\u00a0\u00bb dir=\u00a0\u00bbhorizontal\u00a0\u00bb] [trx_content bottom=\u00a0\u00bb10&Prime;] [trx_title type=\u00a0\u00bb4&Prime; align=\u00a0\u00bbcenter\u00a0\u00bb weight=\u00a0\u00bb700&Prime; bottom=\u00a0\u00bb25&Prime;]VERNAZZA[\/trx_title] [\/trx_content] [\/trx_section] [\/vc_column] [\/vc_row] [vc_row][vc_column width=\u00a0\u00bb1\/1&Prime;] [trx_section align=\u00a0\u00bbcenter\u00a0\u00bb dedicated=\u00a0\u00bbno\u00a0\u00bb scroll=\u00a0\u00bbno\u00a0\u00bb dir=\u00a0\u00bbhorizontal\u00a0\u00bb] [trx_content bottom=\u00a0\u00bb70&Prime;] La zona di Vernazza era gi\u00e0 abitata in epoca romana: infatti le terre confiscate ai Liguri erano state cedute ai coloni romani. Nel secolo VII Vernazza compare come [&hellip;]\" \/>\n<meta property=\"og:url\" content=\"https:\/\/www.agriturismolagiara.it\/vernazza\/\" \/>\n<meta property=\"og:site_name\" content=\"Agriturismo La Giara\" \/>\n<meta property=\"article:modified_time\" content=\"2025-04-23T13:40:18+00:00\" \/>\n<meta name=\"twitter:label1\" content=\"Dur\u00e9e de lecture estim\u00e9e\" \/>\n\t<meta name=\"twitter:data1\" content=\"2 minutes\" \/>\n<script type=\"application\/ld+json\" class=\"yoast-schema-graph\">{\"@context\":\"https:\/\/schema.org\",\"@graph\":[{\"@type\":\"WebPage\",\"@id\":\"https:\/\/www.agriturismolagiara.it\/vernazza\/\",\"url\":\"https:\/\/www.agriturismolagiara.it\/vernazza\/\",\"name\":\"Agriturismo Vernazza - Agriturismo a Beverino\",\"isPartOf\":{\"@id\":\"https:\/\/www.agriturismolagiara.it\/#website\"},\"datePublished\":\"2015-03-05T18:24:40+00:00\",\"dateModified\":\"2025-04-23T13:40:18+00:00\",\"breadcrumb\":{\"@id\":\"https:\/\/www.agriturismolagiara.it\/vernazza\/#breadcrumb\"},\"inLanguage\":\"fr-FR\",\"potentialAction\":[{\"@type\":\"ReadAction\",\"target\":[\"https:\/\/www.agriturismolagiara.it\/vernazza\/\"]}]},{\"@type\":\"BreadcrumbList\",\"@id\":\"https:\/\/www.agriturismolagiara.it\/vernazza\/#breadcrumb\",\"itemListElement\":[{\"@type\":\"ListItem\",\"position\":1,\"name\":\"Home\",\"item\":\"https:\/\/www.agriturismolagiara.it\/fr\/page-daccueil\/\"},{\"@type\":\"ListItem\",\"position\":2,\"name\":\"Vernazza\"}]},{\"@type\":\"WebSite\",\"@id\":\"https:\/\/www.agriturismolagiara.it\/#website\",\"url\":\"https:\/\/www.agriturismolagiara.it\/\",\"name\":\"Agriturismo La Giara\",\"description\":\"Qui si incontrano la paziente forza della terra e la fatica delle sapienti mani dell\u2019uomo, qui nasce quel legame unico che lega paesaggio e cucina.\",\"publisher\":{\"@id\":\"https:\/\/www.agriturismolagiara.it\/#organization\"},\"potentialAction\":[{\"@type\":\"SearchAction\",\"target\":{\"@type\":\"EntryPoint\",\"urlTemplate\":\"https:\/\/www.agriturismolagiara.it\/?s={search_term_string}\"},\"query-input\":{\"@type\":\"PropertyValueSpecification\",\"valueRequired\":true,\"valueName\":\"search_term_string\"}}],\"inLanguage\":\"fr-FR\"},{\"@type\":\"Organization\",\"@id\":\"https:\/\/www.agriturismolagiara.it\/#organization\",\"name\":\"Agriturismo La Giara\",\"url\":\"https:\/\/www.agriturismolagiara.it\/\",\"logo\":{\"@type\":\"ImageObject\",\"inLanguage\":\"fr-FR\",\"@id\":\"https:\/\/www.agriturismolagiara.it\/#\/schema\/logo\/image\/\",\"url\":\"https:\/\/www.agriturismolagiara.it\/wp-content\/uploads\/2025\/04\/logo.png\",\"contentUrl\":\"https:\/\/www.agriturismolagiara.it\/wp-content\/uploads\/2025\/04\/logo.png\",\"width\":208,\"height\":163,\"caption\":\"Agriturismo La Giara\"},\"image\":{\"@id\":\"https:\/\/www.agriturismolagiara.it\/#\/schema\/logo\/image\/\"}}]}<\/script>\n<!-- \/ Yoast SEO plugin. -->","yoast_head_json":{"title":"Agriturismo Vernazza - Agriturismo a Beverino","robots":{"index":"index","follow":"follow","max-snippet":"max-snippet:-1","max-image-preview":"max-image-preview:large","max-video-preview":"max-video-preview:-1"},"canonical":"https:\/\/www.agriturismolagiara.it\/vernazza\/","og_locale":"fr_FR","og_type":"article","og_title":"Agriturismo Vernazza - Agriturismo a Beverino","og_description":"[vc_row][vc_column width=\u00a0\u00bb1\/1&Prime;] [trx_section align=\u00a0\u00bbcenter\u00a0\u00bb dedicated=\u00a0\u00bbno\u00a0\u00bb scroll=\u00a0\u00bbno\u00a0\u00bb dir=\u00a0\u00bbhorizontal\u00a0\u00bb] [trx_content bottom=\u00a0\u00bb10&Prime;] [trx_title type=\u00a0\u00bb4&Prime; align=\u00a0\u00bbcenter\u00a0\u00bb weight=\u00a0\u00bb700&Prime; bottom=\u00a0\u00bb25&Prime;]VERNAZZA[\/trx_title] [\/trx_content] [\/trx_section] [\/vc_column] [\/vc_row] [vc_row][vc_column width=\u00a0\u00bb1\/1&Prime;] [trx_section align=\u00a0\u00bbcenter\u00a0\u00bb dedicated=\u00a0\u00bbno\u00a0\u00bb scroll=\u00a0\u00bbno\u00a0\u00bb dir=\u00a0\u00bbhorizontal\u00a0\u00bb] [trx_content bottom=\u00a0\u00bb70&Prime;] La zona di Vernazza era gi\u00e0 abitata in epoca romana: infatti le terre confiscate ai Liguri erano state cedute ai coloni romani. Nel secolo VII Vernazza compare come [&hellip;]","og_url":"https:\/\/www.agriturismolagiara.it\/vernazza\/","og_site_name":"Agriturismo La Giara","article_modified_time":"2025-04-23T13:40:18+00:00","twitter_misc":{"Dur\u00e9e de lecture estim\u00e9e":"2 minutes"},"schema":{"@context":"https:\/\/schema.org","@graph":[{"@type":"WebPage","@id":"https:\/\/www.agriturismolagiara.it\/vernazza\/","url":"https:\/\/www.agriturismolagiara.it\/vernazza\/","name":"Agriturismo Vernazza - Agriturismo a Beverino","isPartOf":{"@id":"https:\/\/www.agriturismolagiara.it\/#website"},"datePublished":"2015-03-05T18:24:40+00:00","dateModified":"2025-04-23T13:40:18+00:00","breadcrumb":{"@id":"https:\/\/www.agriturismolagiara.it\/vernazza\/#breadcrumb"},"inLanguage":"fr-FR","potentialAction":[{"@type":"ReadAction","target":["https:\/\/www.agriturismolagiara.it\/vernazza\/"]}]},{"@type":"BreadcrumbList","@id":"https:\/\/www.agriturismolagiara.it\/vernazza\/#breadcrumb","itemListElement":[{"@type":"ListItem","position":1,"name":"Home","item":"https:\/\/www.agriturismolagiara.it\/fr\/page-daccueil\/"},{"@type":"ListItem","position":2,"name":"Vernazza"}]},{"@type":"WebSite","@id":"https:\/\/www.agriturismolagiara.it\/#website","url":"https:\/\/www.agriturismolagiara.it\/","name":"Agriturismo La Giara","description":"Qui si incontrano la paziente forza della terra e la fatica delle sapienti mani dell\u2019uomo, qui nasce quel legame unico che lega paesaggio e cucina.","publisher":{"@id":"https:\/\/www.agriturismolagiara.it\/#organization"},"potentialAction":[{"@type":"SearchAction","target":{"@type":"EntryPoint","urlTemplate":"https:\/\/www.agriturismolagiara.it\/?s={search_term_string}"},"query-input":{"@type":"PropertyValueSpecification","valueRequired":true,"valueName":"search_term_string"}}],"inLanguage":"fr-FR"},{"@type":"Organization","@id":"https:\/\/www.agriturismolagiara.it\/#organization","name":"Agriturismo La Giara","url":"https:\/\/www.agriturismolagiara.it\/","logo":{"@type":"ImageObject","inLanguage":"fr-FR","@id":"https:\/\/www.agriturismolagiara.it\/#\/schema\/logo\/image\/","url":"https:\/\/www.agriturismolagiara.it\/wp-content\/uploads\/2025\/04\/logo.png","contentUrl":"https:\/\/www.agriturismolagiara.it\/wp-content\/uploads\/2025\/04\/logo.png","width":208,"height":163,"caption":"Agriturismo La Giara"},"image":{"@id":"https:\/\/www.agriturismolagiara.it\/#\/schema\/logo\/image\/"}}]}},"_links":{"self":[{"href":"https:\/\/www.agriturismolagiara.it\/fr\/wp-json\/wp\/v2\/pages\/5047","targetHints":{"allow":["GET"]}}],"collection":[{"href":"https:\/\/www.agriturismolagiara.it\/fr\/wp-json\/wp\/v2\/pages"}],"about":[{"href":"https:\/\/www.agriturismolagiara.it\/fr\/wp-json\/wp\/v2\/types\/page"}],"author":[{"embeddable":true,"href":"https:\/\/www.agriturismolagiara.it\/fr\/wp-json\/wp\/v2\/users\/1"}],"replies":[{"embeddable":true,"href":"https:\/\/www.agriturismolagiara.it\/fr\/wp-json\/wp\/v2\/comments?post=5047"}],"version-history":[{"count":5,"href":"https:\/\/www.agriturismolagiara.it\/fr\/wp-json\/wp\/v2\/pages\/5047\/revisions"}],"predecessor-version":[{"id":7265,"href":"https:\/\/www.agriturismolagiara.it\/fr\/wp-json\/wp\/v2\/pages\/5047\/revisions\/7265"}],"wp:attachment":[{"href":"https:\/\/www.agriturismolagiara.it\/fr\/wp-json\/wp\/v2\/media?parent=5047"}],"curies":[{"name":"wp","href":"https:\/\/api.w.org\/{rel}","templated":true}]}}