{"id":5041,"date":"2015-03-05T19:18:57","date_gmt":"2015-03-05T18:18:57","guid":{"rendered":"http:\/\/agriturismolagiara.digiside.it\/?page_id=5041"},"modified":"2025-04-23T15:40:18","modified_gmt":"2025-04-23T13:40:18","slug":"corniglia","status":"publish","type":"page","link":"https:\/\/www.agriturismolagiara.it\/fr\/corniglia\/","title":{"rendered":"Corniglia"},"content":{"rendered":"<div style=\"background-color: #f8f6ee;\">\n<p>[vc_row][vc_column width=\u00a0\u00bb1\/1&Prime;]<\/p>\n<p>[trx_section align=\u00a0\u00bbcenter\u00a0\u00bb dedicated=\u00a0\u00bbno\u00a0\u00bb scroll=\u00a0\u00bbno\u00a0\u00bb dir=\u00a0\u00bbhorizontal\u00a0\u00bb]<\/p>\n<p>[trx_content bottom=\u00a0\u00bb10&Prime;]<\/p>\n<p>[trx_title type=\u00a0\u00bb4&Prime; align=\u00a0\u00bbcenter\u00a0\u00bb weight=\u00a0\u00bb700&Prime; bottom=\u00a0\u00bb25&Prime;]CORNIGLIA[\/trx_title]<br \/>\n[\/trx_content]<\/p>\n<p>[\/trx_section]<\/p>\n<p>[\/vc_column]<\/p>\n<p>[\/vc_row]<\/p>\n<p>[vc_row][vc_column width=\u00a0\u00bb1\/1&Prime;]<br \/>\n[trx_section align=\u00a0\u00bbcenter\u00a0\u00bb dedicated=\u00a0\u00bbno\u00a0\u00bb scroll=\u00a0\u00bbno\u00a0\u00bb dir=\u00a0\u00bbhorizontal\u00a0\u00bb]<br \/>\n[trx_content bottom=\u00a0\u00bb70&Prime;]<br \/>\nIl paese, dall&rsquo;aspetto pi\u00f9 agricolo che marinaro, \u00e8 l&rsquo;unico le cui case non sono lambite dalle acque e sorge sulla sommit\u00e0 di un promontorio. Le colline circostanti sono anche qui coltivate a viti e ulivi ed \u00e8 normale incontrare donne che vanno e vengono dai \u00ab\u00a0cian\u00a0\u00bb &#8211; i piani delle vigne &#8211; con cesti e fagotti sulla testa.<br \/>\nIl primo tratto di sentiero che porta a Vernazza \u00e8 protetto da un alto muretto a secco che ripara dal sole e dal vento che a volte spira fortissimo dal mare: si snoda tra ulivi contorti e sale ancora alla sommit\u00e0 di alte colline coperte da lecci e pini marittimi. A met\u00e0 cammino si pu\u00f2 scendere al mare per un ripido sentiero appena tracciato che rivela la bella e solitaria spiaggia d\u00ec Guveno.<br \/>\nSecondo la tradizione popolare Corniglia ha origini romane. Si vuole infatti la gens Cornelia proprietaria di un fondo e produttrice di un vino rinomato gi\u00e0 allora, tanto \u00e8 vero che anfore vinarie con il nome di Cornelia sono state ritrovate a Pompei. La storia di Corniglia in epoca medievale \u00e8 simile a quella degli altri borghi delle Cinque Terre. Il paese appartenne nell&rsquo;ordine ai Fieschi, conti di Lavagna, in seguito ai signori di Carpena (antica podesteria nel golfo spezzino ) e poi al vescovo di Luni. La prima citazione di Corniglia in un documento \u00e8 del 1211. Da documenti d&rsquo;archivio si sa che esisteva un castello, del quale rimangono le tracce nelle mura del cimitero, occupato temporaneamente dai Pisani e restituito da costoro nel 1254. Nel 1254 il Papa Innocenzo IV, della famiglia dei Fieschi, il quale possedeva gi\u00e0 dei territori nel golfo spezzino e mirava ad espandersi ulteriormente. Ma il Fieschi fu fermato dalla dalla Repubblica di Genova, che gi\u00e0 dal 1211 aveva ottenuto la sottomissione di Corniglia e di Vernazza. Cos\u00ec da allora Corniglia segu\u00ec le sorti della Repubblica di Genova. Documenti dell&rsquo;archivio di stato di Genova riportano che nel 1556 la Repubblica deliber\u00f2 la costruzione di una rocca e di una cerchia muraria per difendere il borgo pi\u00f9 volte saccheggiato \u00ab\u00a0dagli infedeli e dai pirati\u00a0\u00bb. Di tale rocca esistono i ruderi nella parte alta dell&rsquo;abitato.<br \/>\n[\/trx_content]<\/p>\n<p>[\/trx_section]<\/p>\n<p>[\/vc_column]<\/p>\n<p>[\/vc_row]<\/p>\n<p>[vc_row][vc_column width=\u00a0\u00bb1\/1&Prime;]<\/p>\n<p>[trx_content]<\/p>\n<p><a href=\"\/wp-content\/uploads\/2015\/03\/corniglia-foto.jpg\"><img fetchpriority=\"high\" decoding=\"async\" src=\"\/wp-content\/uploads\/2015\/03\/corniglia-foto.jpg\" alt=\"corniglia-foto\" width=\"1240\" height=\"310\" class=\"alignnone size-full wp-image-5159\" srcset=\"https:\/\/www.agriturismolagiara.it\/wp-content\/uploads\/2015\/03\/corniglia-foto.jpg 1240w, https:\/\/www.agriturismolagiara.it\/wp-content\/uploads\/2015\/03\/corniglia-foto-300x75.jpg 300w, https:\/\/www.agriturismolagiara.it\/wp-content\/uploads\/2015\/03\/corniglia-foto-1024x256.jpg 1024w\" sizes=\"(max-width: 1240px) 100vw, 1240px\" \/><\/a><\/p>\n<p>[\/trx_content]<\/p>\n<p>[\/vc_column]<\/p>\n<p>[\/vc_row]<\/p>\n<\/div>\n","protected":false},"excerpt":{"rendered":"<p>[vc_row][vc_column width=\u00a0\u00bb1\/1&Prime;] [trx_section align=\u00a0\u00bbcenter\u00a0\u00bb dedicated=\u00a0\u00bbno\u00a0\u00bb scroll=\u00a0\u00bbno\u00a0\u00bb dir=\u00a0\u00bbhorizontal\u00a0\u00bb] [trx_content bottom=\u00a0\u00bb10&Prime;] [trx_title type=\u00a0\u00bb4&Prime; align=\u00a0\u00bbcenter\u00a0\u00bb weight=\u00a0\u00bb700&Prime; bottom=\u00a0\u00bb25&Prime;]CORNIGLIA[\/trx_title] [\/trx_content] [\/trx_section] [\/vc_column] [\/vc_row] [vc_row][vc_column width=\u00a0\u00bb1\/1&Prime;] [trx_section align=\u00a0\u00bbcenter\u00a0\u00bb dedicated=\u00a0\u00bbno\u00a0\u00bb scroll=\u00a0\u00bbno\u00a0\u00bb dir=\u00a0\u00bbhorizontal\u00a0\u00bb] [trx_content bottom=\u00a0\u00bb70&Prime;] Il paese, dall&rsquo;aspetto pi\u00f9 agricolo che marinaro, \u00e8 l&rsquo;unico le cui case non sono lambite dalle acque e sorge sulla sommit\u00e0 di un promontorio. Le colline circostanti sono [&hellip;]<\/p>\n","protected":false},"author":1,"featured_media":0,"parent":0,"menu_order":0,"comment_status":"open","ping_status":"open","template":"","meta":{"footnotes":""},"class_list":["post-5041","page","type-page","status-publish","hentry"],"yoast_head":"<!-- This site is optimized with the Yoast SEO plugin v27.0 - https:\/\/yoast.com\/product\/yoast-seo-wordpress\/ -->\n<title>Corniglia - Agriturismo La Giara<\/title>\n<meta name=\"robots\" content=\"index, follow, max-snippet:-1, max-image-preview:large, max-video-preview:-1\" \/>\n<link rel=\"canonical\" href=\"https:\/\/www.agriturismolagiara.it\/corniglia\/\" \/>\n<meta property=\"og:locale\" content=\"fr_FR\" \/>\n<meta property=\"og:type\" content=\"article\" \/>\n<meta property=\"og:title\" content=\"Corniglia - Agriturismo La Giara\" \/>\n<meta property=\"og:description\" content=\"[vc_row][vc_column width=\u00a0\u00bb1\/1&Prime;] [trx_section align=\u00a0\u00bbcenter\u00a0\u00bb dedicated=\u00a0\u00bbno\u00a0\u00bb scroll=\u00a0\u00bbno\u00a0\u00bb dir=\u00a0\u00bbhorizontal\u00a0\u00bb] [trx_content bottom=\u00a0\u00bb10&Prime;] [trx_title type=\u00a0\u00bb4&Prime; align=\u00a0\u00bbcenter\u00a0\u00bb weight=\u00a0\u00bb700&Prime; bottom=\u00a0\u00bb25&Prime;]CORNIGLIA[\/trx_title] [\/trx_content] [\/trx_section] [\/vc_column] [\/vc_row] [vc_row][vc_column width=\u00a0\u00bb1\/1&Prime;] [trx_section align=\u00a0\u00bbcenter\u00a0\u00bb dedicated=\u00a0\u00bbno\u00a0\u00bb scroll=\u00a0\u00bbno\u00a0\u00bb dir=\u00a0\u00bbhorizontal\u00a0\u00bb] [trx_content bottom=\u00a0\u00bb70&Prime;] Il paese, dall&rsquo;aspetto pi\u00f9 agricolo che marinaro, \u00e8 l&rsquo;unico le cui case non sono lambite dalle acque e sorge sulla sommit\u00e0 di un promontorio. Le colline circostanti sono [&hellip;]\" \/>\n<meta property=\"og:url\" content=\"https:\/\/www.agriturismolagiara.it\/corniglia\/\" \/>\n<meta property=\"og:site_name\" content=\"Agriturismo La Giara\" \/>\n<meta property=\"article:modified_time\" content=\"2025-04-23T13:40:18+00:00\" \/>\n<meta name=\"twitter:label1\" content=\"Dur\u00e9e de lecture estim\u00e9e\" \/>\n\t<meta name=\"twitter:data1\" content=\"2 minutes\" \/>\n<script type=\"application\/ld+json\" class=\"yoast-schema-graph\">{\"@context\":\"https:\/\/schema.org\",\"@graph\":[{\"@type\":\"WebPage\",\"@id\":\"https:\/\/www.agriturismolagiara.it\/corniglia\/\",\"url\":\"https:\/\/www.agriturismolagiara.it\/corniglia\/\",\"name\":\"Corniglia - Agriturismo La Giara\",\"isPartOf\":{\"@id\":\"https:\/\/www.agriturismolagiara.it\/#website\"},\"datePublished\":\"2015-03-05T18:18:57+00:00\",\"dateModified\":\"2025-04-23T13:40:18+00:00\",\"breadcrumb\":{\"@id\":\"https:\/\/www.agriturismolagiara.it\/corniglia\/#breadcrumb\"},\"inLanguage\":\"fr-FR\",\"potentialAction\":[{\"@type\":\"ReadAction\",\"target\":[\"https:\/\/www.agriturismolagiara.it\/corniglia\/\"]}]},{\"@type\":\"BreadcrumbList\",\"@id\":\"https:\/\/www.agriturismolagiara.it\/corniglia\/#breadcrumb\",\"itemListElement\":[{\"@type\":\"ListItem\",\"position\":1,\"name\":\"Home\",\"item\":\"https:\/\/www.agriturismolagiara.it\/fr\/page-daccueil\/\"},{\"@type\":\"ListItem\",\"position\":2,\"name\":\"Corniglia\"}]},{\"@type\":\"WebSite\",\"@id\":\"https:\/\/www.agriturismolagiara.it\/#website\",\"url\":\"https:\/\/www.agriturismolagiara.it\/\",\"name\":\"Agriturismo La Giara\",\"description\":\"Qui si incontrano la paziente forza della terra e la fatica delle sapienti mani dell\u2019uomo, qui nasce quel legame unico che lega paesaggio e cucina.\",\"publisher\":{\"@id\":\"https:\/\/www.agriturismolagiara.it\/#organization\"},\"potentialAction\":[{\"@type\":\"SearchAction\",\"target\":{\"@type\":\"EntryPoint\",\"urlTemplate\":\"https:\/\/www.agriturismolagiara.it\/?s={search_term_string}\"},\"query-input\":{\"@type\":\"PropertyValueSpecification\",\"valueRequired\":true,\"valueName\":\"search_term_string\"}}],\"inLanguage\":\"fr-FR\"},{\"@type\":\"Organization\",\"@id\":\"https:\/\/www.agriturismolagiara.it\/#organization\",\"name\":\"Agriturismo La Giara\",\"url\":\"https:\/\/www.agriturismolagiara.it\/\",\"logo\":{\"@type\":\"ImageObject\",\"inLanguage\":\"fr-FR\",\"@id\":\"https:\/\/www.agriturismolagiara.it\/#\/schema\/logo\/image\/\",\"url\":\"https:\/\/www.agriturismolagiara.it\/wp-content\/uploads\/2025\/04\/logo.png\",\"contentUrl\":\"https:\/\/www.agriturismolagiara.it\/wp-content\/uploads\/2025\/04\/logo.png\",\"width\":208,\"height\":163,\"caption\":\"Agriturismo La Giara\"},\"image\":{\"@id\":\"https:\/\/www.agriturismolagiara.it\/#\/schema\/logo\/image\/\"}}]}<\/script>\n<!-- \/ Yoast SEO plugin. -->","yoast_head_json":{"title":"Corniglia - Agriturismo La Giara","robots":{"index":"index","follow":"follow","max-snippet":"max-snippet:-1","max-image-preview":"max-image-preview:large","max-video-preview":"max-video-preview:-1"},"canonical":"https:\/\/www.agriturismolagiara.it\/corniglia\/","og_locale":"fr_FR","og_type":"article","og_title":"Corniglia - Agriturismo La Giara","og_description":"[vc_row][vc_column width=\u00a0\u00bb1\/1&Prime;] [trx_section align=\u00a0\u00bbcenter\u00a0\u00bb dedicated=\u00a0\u00bbno\u00a0\u00bb scroll=\u00a0\u00bbno\u00a0\u00bb dir=\u00a0\u00bbhorizontal\u00a0\u00bb] [trx_content bottom=\u00a0\u00bb10&Prime;] [trx_title type=\u00a0\u00bb4&Prime; align=\u00a0\u00bbcenter\u00a0\u00bb weight=\u00a0\u00bb700&Prime; bottom=\u00a0\u00bb25&Prime;]CORNIGLIA[\/trx_title] [\/trx_content] [\/trx_section] [\/vc_column] [\/vc_row] [vc_row][vc_column width=\u00a0\u00bb1\/1&Prime;] [trx_section align=\u00a0\u00bbcenter\u00a0\u00bb dedicated=\u00a0\u00bbno\u00a0\u00bb scroll=\u00a0\u00bbno\u00a0\u00bb dir=\u00a0\u00bbhorizontal\u00a0\u00bb] [trx_content bottom=\u00a0\u00bb70&Prime;] Il paese, dall&rsquo;aspetto pi\u00f9 agricolo che marinaro, \u00e8 l&rsquo;unico le cui case non sono lambite dalle acque e sorge sulla sommit\u00e0 di un promontorio. Le colline circostanti sono [&hellip;]","og_url":"https:\/\/www.agriturismolagiara.it\/corniglia\/","og_site_name":"Agriturismo La Giara","article_modified_time":"2025-04-23T13:40:18+00:00","twitter_misc":{"Dur\u00e9e de lecture estim\u00e9e":"2 minutes"},"schema":{"@context":"https:\/\/schema.org","@graph":[{"@type":"WebPage","@id":"https:\/\/www.agriturismolagiara.it\/corniglia\/","url":"https:\/\/www.agriturismolagiara.it\/corniglia\/","name":"Corniglia - Agriturismo La Giara","isPartOf":{"@id":"https:\/\/www.agriturismolagiara.it\/#website"},"datePublished":"2015-03-05T18:18:57+00:00","dateModified":"2025-04-23T13:40:18+00:00","breadcrumb":{"@id":"https:\/\/www.agriturismolagiara.it\/corniglia\/#breadcrumb"},"inLanguage":"fr-FR","potentialAction":[{"@type":"ReadAction","target":["https:\/\/www.agriturismolagiara.it\/corniglia\/"]}]},{"@type":"BreadcrumbList","@id":"https:\/\/www.agriturismolagiara.it\/corniglia\/#breadcrumb","itemListElement":[{"@type":"ListItem","position":1,"name":"Home","item":"https:\/\/www.agriturismolagiara.it\/fr\/page-daccueil\/"},{"@type":"ListItem","position":2,"name":"Corniglia"}]},{"@type":"WebSite","@id":"https:\/\/www.agriturismolagiara.it\/#website","url":"https:\/\/www.agriturismolagiara.it\/","name":"Agriturismo La Giara","description":"Qui si incontrano la paziente forza della terra e la fatica delle sapienti mani dell\u2019uomo, qui nasce quel legame unico che lega paesaggio e cucina.","publisher":{"@id":"https:\/\/www.agriturismolagiara.it\/#organization"},"potentialAction":[{"@type":"SearchAction","target":{"@type":"EntryPoint","urlTemplate":"https:\/\/www.agriturismolagiara.it\/?s={search_term_string}"},"query-input":{"@type":"PropertyValueSpecification","valueRequired":true,"valueName":"search_term_string"}}],"inLanguage":"fr-FR"},{"@type":"Organization","@id":"https:\/\/www.agriturismolagiara.it\/#organization","name":"Agriturismo La Giara","url":"https:\/\/www.agriturismolagiara.it\/","logo":{"@type":"ImageObject","inLanguage":"fr-FR","@id":"https:\/\/www.agriturismolagiara.it\/#\/schema\/logo\/image\/","url":"https:\/\/www.agriturismolagiara.it\/wp-content\/uploads\/2025\/04\/logo.png","contentUrl":"https:\/\/www.agriturismolagiara.it\/wp-content\/uploads\/2025\/04\/logo.png","width":208,"height":163,"caption":"Agriturismo La Giara"},"image":{"@id":"https:\/\/www.agriturismolagiara.it\/#\/schema\/logo\/image\/"}}]}},"_links":{"self":[{"href":"https:\/\/www.agriturismolagiara.it\/fr\/wp-json\/wp\/v2\/pages\/5041","targetHints":{"allow":["GET"]}}],"collection":[{"href":"https:\/\/www.agriturismolagiara.it\/fr\/wp-json\/wp\/v2\/pages"}],"about":[{"href":"https:\/\/www.agriturismolagiara.it\/fr\/wp-json\/wp\/v2\/types\/page"}],"author":[{"embeddable":true,"href":"https:\/\/www.agriturismolagiara.it\/fr\/wp-json\/wp\/v2\/users\/1"}],"replies":[{"embeddable":true,"href":"https:\/\/www.agriturismolagiara.it\/fr\/wp-json\/wp\/v2\/comments?post=5041"}],"version-history":[{"count":7,"href":"https:\/\/www.agriturismolagiara.it\/fr\/wp-json\/wp\/v2\/pages\/5041\/revisions"}],"predecessor-version":[{"id":7264,"href":"https:\/\/www.agriturismolagiara.it\/fr\/wp-json\/wp\/v2\/pages\/5041\/revisions\/7264"}],"wp:attachment":[{"href":"https:\/\/www.agriturismolagiara.it\/fr\/wp-json\/wp\/v2\/media?parent=5041"}],"curies":[{"name":"wp","href":"https:\/\/api.w.org\/{rel}","templated":true}]}}