{"id":7274,"date":"2016-05-12T16:15:56","date_gmt":"2016-05-12T14:15:56","guid":{"rendered":"https:\/\/agriturismolagiara.it\/wie-uns-erreichen-2\/"},"modified":"2025-05-05T18:04:10","modified_gmt":"2025-05-05T16:04:10","slug":"wie-uns-erreichen-2","status":"publish","type":"page","link":"https:\/\/www.agriturismolagiara.it\/de\/wie-uns-erreichen-2\/","title":{"rendered":"Wie uns Erreichen"},"content":{"rendered":"\t\t<div data-elementor-type=\"wp-page\" data-elementor-id=\"7274\" class=\"elementor elementor-7274 elementor-5365\" data-elementor-post-type=\"page\">\n\t\t\t\t<div class=\"elementor-element elementor-element-4c336a5 e-con-full e-flex e-con e-parent\" data-id=\"4c336a5\" data-element_type=\"container\" data-e-type=\"container\" data-settings=\"{&quot;background_background&quot;:&quot;classic&quot;}\">\n\t\t<div class=\"elementor-element elementor-element-2094d3d e-flex e-con-boxed e-con e-child\" data-id=\"2094d3d\" data-element_type=\"container\" data-e-type=\"container\">\n\t\t\t\t\t<div class=\"e-con-inner\">\n\t\t\t\t<div class=\"elementor-element elementor-element-4a1639d elementor-widget elementor-widget-text-editor\" data-id=\"4a1639d\" data-element_type=\"widget\" data-e-type=\"widget\" data-widget_type=\"text-editor.default\">\n\t\t\t\t<div class=\"elementor-widget-container\">\n\t\t\t\t\t\t\t\t\t<h1 class=\"sc_title sc_title_center\" style=\"text-align: center;\">AGROTOURISMUS-BETRIEB<\/h1><p style=\"text-align: center; font-size: 11px; font-weight: 500; letter-spacing: 2px;\">Der Traum&#8230; ist&#8230; Wirklichkeit geworden.<\/p><p>In diesen Jahren begann ich zusammen mit meiner Familie eine schwierige, aber wunderbare Reise!<br>Die Philosophie, die uns Schritt f\u00fcr Schritt vorantreibt, ist die Liebe&#8230; die Liebe zur Natur, die Liebe zu den Tieren, die Liebe zu anderen Menschen, die Liebe zu uns selbst, die Liebe zum Leben&#8230;<br>Deshalb finden Sie hier rundherum ECHTE NATUR, von der wir auf Zehenspitzen Teil sein m\u00f6chten&#8230; Es ist fantastisch, zwischen den Beeten des Gem\u00fcsegartens, den Olivenb\u00e4umen, den Obstb\u00e4umen und den Tieren spazieren zu gehen&#8230; Alles lebt hier in Harmonie und Gleichgewicht zusammen&#8230;<br>Wir haben noch einen langen Weg vor uns&#8230; Aber durch das Leben in der Natur habe ich gelernt, geduldig zu sein, inne zu halten und zu beobachten&#8230; zu respektieren&#8230; zu atmen&#8230; zuzuh\u00f6ren&#8230; mich zu begeistern wie damals, als ich noch ein Kind war&#8230;<\/p><p>La Giara ist ein Landgut von etwa 7 Hektar, ein kleiner Betrieb, der wie in der Vergangenheit versucht, sich selbst zu versorgen.<br>In unseren nach nat\u00fcrlichen Synergieprinzipien bewirtschafteten G\u00e4rten leben die Pflanzen in Harmonie.<br>Die Erde wird respektiert, Geduld wird belohnt<br>Wir probieren die Fukuoka-Methode f\u00fcr die Aussaat von Weizen, Dinkel und Mais auf festem Boden aus.<br>Wir s\u00e4en Hartweizen der Sorte SENATORE CAPPELLI;<br>Wir beteiligen uns an der Wiederbelebung der alten Weizensorte GRANO ANTICO BIANCO aus den T\u00e4lern von Suvero im Val di Vara.<br>Wir s\u00e4en Weichweizen der Sorte FRASSINETTO.<br>Eine bescheidene Produktion von nativem Oliven\u00f6l extra kann von den G\u00e4sten verkostet werden.<br>Die Produktion von einheimischen Fr\u00fcchten f\u00fcr die Herstellung von leckeren Marmeladen, die zum Fr\u00fchst\u00fcck angeboten werden, nimmt im Unternehmen zu.<\/p>\t\t\t\t\t\t\t\t<\/div>\n\t\t\t\t<\/div>\n\t\t\t\t\t<\/div>\n\t\t\t\t<\/div>\n\t\t\t\t<\/div>\n\t\t<div class=\"elementor-element elementor-element-3b6198c e-flex e-con-boxed e-con e-parent\" data-id=\"3b6198c\" data-element_type=\"container\" data-e-type=\"container\">\n\t\t\t\t\t<div class=\"e-con-inner\">\n\t\t<div class=\"elementor-element elementor-element-a33277c e-con-full e-flex e-con e-child\" data-id=\"a33277c\" data-element_type=\"container\" data-e-type=\"container\">\n\t\t\t\t<div class=\"elementor-element elementor-element-f342732 elementor-widget elementor-widget-text-editor\" data-id=\"f342732\" data-element_type=\"widget\" data-e-type=\"widget\" data-widget_type=\"text-editor.default\">\n\t\t\t\t<div class=\"elementor-widget-container\">\n\t\t\t\t\t\t\t\t\t<p>Hier treffen die geduldige Kraft der Erde und die Arbeit geschickter menschlicher H\u00e4nde aufeinander, hier entsteht das einzigartige Band, das Landschaft und K\u00fcche verbindet; eine Identit\u00e4t, die so stark ist wie dieses Land, ein Grenzland, rau und schwer zu vergessen.<\/p><p>Sie erscheinen wie blo\u00dfe Plattit\u00fcden, Erinnerungen an eine l\u00e4ndliche Welt, die heute nicht mehr existiert, aber der wachsende und weit verbreitete Wunsch nach einem zunehmend &#8222;\u00f6kologischen&#8220; Lebensstil erinnert an eine gewisse Vergangenheit.<\/p>\t\t\t\t\t\t\t\t<\/div>\n\t\t\t\t<\/div>\n\t\t\t\t<\/div>\n\t\t\t\t\t<\/div>\n\t\t\t\t<\/div>\n\t\t\t\t<\/div>\n\t\t","protected":false},"excerpt":{"rendered":"<p>AGROTOURISMUS-BETRIEB Der Traum&#8230; ist&#8230; Wirklichkeit geworden. In diesen Jahren begann ich zusammen mit meiner Familie eine schwierige, aber wunderbare Reise!Die Philosophie, die uns Schritt f\u00fcr Schritt vorantreibt, ist die Liebe&#8230; die Liebe zur Natur, die Liebe zu den Tieren, die Liebe zu anderen Menschen, die Liebe zu uns selbst, die Liebe zum Leben&#8230;Deshalb finden Sie [&hellip;]<\/p>\n","protected":false},"author":1,"featured_media":0,"parent":0,"menu_order":0,"comment_status":"closed","ping_status":"open","template":"","meta":{"footnotes":""},"class_list":["post-7274","page","type-page","status-publish","hentry"],"yoast_head":"<!-- This site is optimized with the Yoast SEO plugin v27.0 - https:\/\/yoast.com\/product\/yoast-seo-wordpress\/ -->\n<title>[:it]Come Arrivare all&#039;Agriturismo La Giara[:en]How to reach Agriturismo La Giara[:de]Wie Uns Erreichen Agriturismo La Giara[:fr]Comment se rendre \u00e0 Agriturismo La Giara[:]<\/title>\n<meta name=\"description\" content=\"Der Agriturismo La Giara befindet sich in Beverino in der Via M. Federici 15. F\u00fcr weitere Informationen stehen wir Ihnen gerne zur Verf\u00fcgung. Das Agriturismo La Giara befindet sich in Beverino in der Via M. Federici 15. Feel free to contact us for more informationDas Bauernhaus La Giara liegt in Beverino in Via M. Federici gelegen, 15. Gerne k\u00f6nnen Sie uns f\u00fcr weitere Informationen kontaktierenLa Ferme La Giara est situ\u00e9 \u00e0 Beverino en Via M. Federici, 15. Ne h\u00e9sitez pas \u00e0 nous contacter pour plus d&#039;informations\" \/>\n<meta name=\"robots\" content=\"index, follow, max-snippet:-1, max-image-preview:large, max-video-preview:-1\" \/>\n<link rel=\"canonical\" href=\"https:\/\/www.agriturismolagiara.it\/de\/wie-uns-erreichen-2\/\" \/>\n<meta property=\"og:locale\" content=\"de_DE\" \/>\n<meta property=\"og:type\" content=\"article\" \/>\n<meta property=\"og:title\" content=\"[:it]Come Arrivare all&#039;Agriturismo La Giara[:en]How to reach Agriturismo La Giara[:de]Wie Uns Erreichen Agriturismo La Giara[:fr]Comment se rendre \u00e0 Agriturismo La Giara[:]\" \/>\n<meta property=\"og:description\" content=\"Der Agriturismo La Giara befindet sich in Beverino in der Via M. Federici 15. F\u00fcr weitere Informationen stehen wir Ihnen gerne zur Verf\u00fcgung. Das Agriturismo La Giara befindet sich in Beverino in der Via M. Federici 15. Feel free to contact us for more informationDas Bauernhaus La Giara liegt in Beverino in Via M. Federici gelegen, 15. Gerne k\u00f6nnen Sie uns f\u00fcr weitere Informationen kontaktierenLa Ferme La Giara est situ\u00e9 \u00e0 Beverino en Via M. Federici, 15. Ne h\u00e9sitez pas \u00e0 nous contacter pour plus d&#039;informations\" \/>\n<meta property=\"og:url\" content=\"https:\/\/www.agriturismolagiara.it\/de\/wie-uns-erreichen-2\/\" \/>\n<meta property=\"og:site_name\" content=\"Agriturismo La Giara\" \/>\n<meta property=\"article:modified_time\" content=\"2025-05-05T16:04:10+00:00\" \/>\n<meta name=\"twitter:label1\" content=\"Gesch\u00e4tzte Lesezeit\" \/>\n\t<meta name=\"twitter:data1\" content=\"2\u00a0Minuten\" \/>\n<script type=\"application\/ld+json\" class=\"yoast-schema-graph\">{\"@context\":\"https:\/\/schema.org\",\"@graph\":[{\"@type\":\"WebPage\",\"@id\":\"https:\/\/www.agriturismolagiara.it\/de\/wie-uns-erreichen-2\/\",\"url\":\"https:\/\/www.agriturismolagiara.it\/de\/wie-uns-erreichen-2\/\",\"name\":\"[:it]Come Arrivare all'Agriturismo La Giara[:en]How to reach Agriturismo La Giara[:de]Wie Uns Erreichen Agriturismo La Giara[:fr]Comment se rendre \u00e0 Agriturismo La Giara[:]\",\"isPartOf\":{\"@id\":\"https:\/\/www.agriturismolagiara.it\/#website\"},\"datePublished\":\"2016-05-12T14:15:56+00:00\",\"dateModified\":\"2025-05-05T16:04:10+00:00\",\"description\":\"Der Agriturismo La Giara befindet sich in Beverino in der Via M. Federici 15. F\u00fcr weitere Informationen stehen wir Ihnen gerne zur Verf\u00fcgung. Das Agriturismo La Giara befindet sich in Beverino in der Via M. Federici 15. Feel free to contact us for more informationDas Bauernhaus La Giara liegt in Beverino in Via M. Federici gelegen, 15. Gerne k\u00f6nnen Sie uns f\u00fcr weitere Informationen kontaktierenLa Ferme La Giara est situ\u00e9 \u00e0 Beverino en Via M. Federici, 15. Ne h\u00e9sitez pas \u00e0 nous contacter pour plus d'informations\",\"breadcrumb\":{\"@id\":\"https:\/\/www.agriturismolagiara.it\/de\/wie-uns-erreichen-2\/#breadcrumb\"},\"inLanguage\":\"de\",\"potentialAction\":[{\"@type\":\"ReadAction\",\"target\":[\"https:\/\/www.agriturismolagiara.it\/de\/wie-uns-erreichen-2\/\"]}]},{\"@type\":\"BreadcrumbList\",\"@id\":\"https:\/\/www.agriturismolagiara.it\/de\/wie-uns-erreichen-2\/#breadcrumb\",\"itemListElement\":[{\"@type\":\"ListItem\",\"position\":1,\"name\":\"Home\",\"item\":\"https:\/\/www.agriturismolagiara.it\/de\/hauptseite\/\"},{\"@type\":\"ListItem\",\"position\":2,\"name\":\"Wie uns Erreichen\"}]},{\"@type\":\"WebSite\",\"@id\":\"https:\/\/www.agriturismolagiara.it\/#website\",\"url\":\"https:\/\/www.agriturismolagiara.it\/\",\"name\":\"Agriturismo La Giara\",\"description\":\"Qui si incontrano la paziente forza della terra e la fatica delle sapienti mani dell\u2019uomo, qui nasce quel legame unico che lega paesaggio e cucina.\",\"publisher\":{\"@id\":\"https:\/\/www.agriturismolagiara.it\/#organization\"},\"potentialAction\":[{\"@type\":\"SearchAction\",\"target\":{\"@type\":\"EntryPoint\",\"urlTemplate\":\"https:\/\/www.agriturismolagiara.it\/?s={search_term_string}\"},\"query-input\":{\"@type\":\"PropertyValueSpecification\",\"valueRequired\":true,\"valueName\":\"search_term_string\"}}],\"inLanguage\":\"de\"},{\"@type\":\"Organization\",\"@id\":\"https:\/\/www.agriturismolagiara.it\/#organization\",\"name\":\"Agriturismo La Giara\",\"url\":\"https:\/\/www.agriturismolagiara.it\/\",\"logo\":{\"@type\":\"ImageObject\",\"inLanguage\":\"de\",\"@id\":\"https:\/\/www.agriturismolagiara.it\/#\/schema\/logo\/image\/\",\"url\":\"https:\/\/www.agriturismolagiara.it\/wp-content\/uploads\/2025\/04\/logo.png\",\"contentUrl\":\"https:\/\/www.agriturismolagiara.it\/wp-content\/uploads\/2025\/04\/logo.png\",\"width\":208,\"height\":163,\"caption\":\"Agriturismo La Giara\"},\"image\":{\"@id\":\"https:\/\/www.agriturismolagiara.it\/#\/schema\/logo\/image\/\"}}]}<\/script>\n<!-- \/ Yoast SEO plugin. -->","yoast_head_json":{"title":"[:it]Come Arrivare all'Agriturismo La Giara[:en]How to reach Agriturismo La Giara[:de]Wie Uns Erreichen Agriturismo La Giara[:fr]Comment se rendre \u00e0 Agriturismo La Giara[:]","description":"Der Agriturismo La Giara befindet sich in Beverino in der Via M. Federici 15. F\u00fcr weitere Informationen stehen wir Ihnen gerne zur Verf\u00fcgung. Das Agriturismo La Giara befindet sich in Beverino in der Via M. Federici 15. Feel free to contact us for more informationDas Bauernhaus La Giara liegt in Beverino in Via M. Federici gelegen, 15. Gerne k\u00f6nnen Sie uns f\u00fcr weitere Informationen kontaktierenLa Ferme La Giara est situ\u00e9 \u00e0 Beverino en Via M. Federici, 15. Ne h\u00e9sitez pas \u00e0 nous contacter pour plus d'informations","robots":{"index":"index","follow":"follow","max-snippet":"max-snippet:-1","max-image-preview":"max-image-preview:large","max-video-preview":"max-video-preview:-1"},"canonical":"https:\/\/www.agriturismolagiara.it\/de\/wie-uns-erreichen-2\/","og_locale":"de_DE","og_type":"article","og_title":"[:it]Come Arrivare all'Agriturismo La Giara[:en]How to reach Agriturismo La Giara[:de]Wie Uns Erreichen Agriturismo La Giara[:fr]Comment se rendre \u00e0 Agriturismo La Giara[:]","og_description":"Der Agriturismo La Giara befindet sich in Beverino in der Via M. Federici 15. F\u00fcr weitere Informationen stehen wir Ihnen gerne zur Verf\u00fcgung. Das Agriturismo La Giara befindet sich in Beverino in der Via M. Federici 15. Feel free to contact us for more informationDas Bauernhaus La Giara liegt in Beverino in Via M. Federici gelegen, 15. Gerne k\u00f6nnen Sie uns f\u00fcr weitere Informationen kontaktierenLa Ferme La Giara est situ\u00e9 \u00e0 Beverino en Via M. Federici, 15. Ne h\u00e9sitez pas \u00e0 nous contacter pour plus d'informations","og_url":"https:\/\/www.agriturismolagiara.it\/de\/wie-uns-erreichen-2\/","og_site_name":"Agriturismo La Giara","article_modified_time":"2025-05-05T16:04:10+00:00","twitter_misc":{"Gesch\u00e4tzte Lesezeit":"2\u00a0Minuten"},"schema":{"@context":"https:\/\/schema.org","@graph":[{"@type":"WebPage","@id":"https:\/\/www.agriturismolagiara.it\/de\/wie-uns-erreichen-2\/","url":"https:\/\/www.agriturismolagiara.it\/de\/wie-uns-erreichen-2\/","name":"[:it]Come Arrivare all'Agriturismo La Giara[:en]How to reach Agriturismo La Giara[:de]Wie Uns Erreichen Agriturismo La Giara[:fr]Comment se rendre \u00e0 Agriturismo La Giara[:]","isPartOf":{"@id":"https:\/\/www.agriturismolagiara.it\/#website"},"datePublished":"2016-05-12T14:15:56+00:00","dateModified":"2025-05-05T16:04:10+00:00","description":"Der Agriturismo La Giara befindet sich in Beverino in der Via M. Federici 15. F\u00fcr weitere Informationen stehen wir Ihnen gerne zur Verf\u00fcgung. Das Agriturismo La Giara befindet sich in Beverino in der Via M. Federici 15. Feel free to contact us for more informationDas Bauernhaus La Giara liegt in Beverino in Via M. Federici gelegen, 15. Gerne k\u00f6nnen Sie uns f\u00fcr weitere Informationen kontaktierenLa Ferme La Giara est situ\u00e9 \u00e0 Beverino en Via M. Federici, 15. Ne h\u00e9sitez pas \u00e0 nous contacter pour plus d'informations","breadcrumb":{"@id":"https:\/\/www.agriturismolagiara.it\/de\/wie-uns-erreichen-2\/#breadcrumb"},"inLanguage":"de","potentialAction":[{"@type":"ReadAction","target":["https:\/\/www.agriturismolagiara.it\/de\/wie-uns-erreichen-2\/"]}]},{"@type":"BreadcrumbList","@id":"https:\/\/www.agriturismolagiara.it\/de\/wie-uns-erreichen-2\/#breadcrumb","itemListElement":[{"@type":"ListItem","position":1,"name":"Home","item":"https:\/\/www.agriturismolagiara.it\/de\/hauptseite\/"},{"@type":"ListItem","position":2,"name":"Wie uns Erreichen"}]},{"@type":"WebSite","@id":"https:\/\/www.agriturismolagiara.it\/#website","url":"https:\/\/www.agriturismolagiara.it\/","name":"Agriturismo La Giara","description":"Qui si incontrano la paziente forza della terra e la fatica delle sapienti mani dell\u2019uomo, qui nasce quel legame unico che lega paesaggio e cucina.","publisher":{"@id":"https:\/\/www.agriturismolagiara.it\/#organization"},"potentialAction":[{"@type":"SearchAction","target":{"@type":"EntryPoint","urlTemplate":"https:\/\/www.agriturismolagiara.it\/?s={search_term_string}"},"query-input":{"@type":"PropertyValueSpecification","valueRequired":true,"valueName":"search_term_string"}}],"inLanguage":"de"},{"@type":"Organization","@id":"https:\/\/www.agriturismolagiara.it\/#organization","name":"Agriturismo La Giara","url":"https:\/\/www.agriturismolagiara.it\/","logo":{"@type":"ImageObject","inLanguage":"de","@id":"https:\/\/www.agriturismolagiara.it\/#\/schema\/logo\/image\/","url":"https:\/\/www.agriturismolagiara.it\/wp-content\/uploads\/2025\/04\/logo.png","contentUrl":"https:\/\/www.agriturismolagiara.it\/wp-content\/uploads\/2025\/04\/logo.png","width":208,"height":163,"caption":"Agriturismo La Giara"},"image":{"@id":"https:\/\/www.agriturismolagiara.it\/#\/schema\/logo\/image\/"}}]}},"_links":{"self":[{"href":"https:\/\/www.agriturismolagiara.it\/de\/wp-json\/wp\/v2\/pages\/7274","targetHints":{"allow":["GET"]}}],"collection":[{"href":"https:\/\/www.agriturismolagiara.it\/de\/wp-json\/wp\/v2\/pages"}],"about":[{"href":"https:\/\/www.agriturismolagiara.it\/de\/wp-json\/wp\/v2\/types\/page"}],"author":[{"embeddable":true,"href":"https:\/\/www.agriturismolagiara.it\/de\/wp-json\/wp\/v2\/users\/1"}],"replies":[{"embeddable":true,"href":"https:\/\/www.agriturismolagiara.it\/de\/wp-json\/wp\/v2\/comments?post=7274"}],"version-history":[{"count":2,"href":"https:\/\/www.agriturismolagiara.it\/de\/wp-json\/wp\/v2\/pages\/7274\/revisions"}],"predecessor-version":[{"id":7576,"href":"https:\/\/www.agriturismolagiara.it\/de\/wp-json\/wp\/v2\/pages\/7274\/revisions\/7576"}],"wp:attachment":[{"href":"https:\/\/www.agriturismolagiara.it\/de\/wp-json\/wp\/v2\/media?parent=7274"}],"curies":[{"name":"wp","href":"https:\/\/api.w.org\/{rel}","templated":true}]}}