{"id":7247,"date":"2015-03-05T10:46:06","date_gmt":"2015-03-05T09:46:06","guid":{"rendered":"https:\/\/agriturismolagiara.it\/restaurant\/"},"modified":"2025-04-23T18:18:18","modified_gmt":"2025-04-23T16:18:18","slug":"restaurant","status":"publish","type":"page","link":"https:\/\/www.agriturismolagiara.it\/de\/restaurant\/","title":{"rendered":"Das Restaurant"},"content":{"rendered":"\t\t<div data-elementor-type=\"wp-page\" data-elementor-id=\"7247\" class=\"elementor elementor-7247 elementor-4921\" data-elementor-post-type=\"page\">\n\t\t\t\t<div class=\"elementor-element elementor-element-62fba75 e-con-full e-flex e-con e-parent\" data-id=\"62fba75\" data-element_type=\"container\" data-e-type=\"container\" data-settings=\"{&quot;background_background&quot;:&quot;slideshow&quot;,&quot;background_slideshow_gallery&quot;:[{&quot;id&quot;:5486,&quot;url&quot;:&quot;https:\\\/\\\/agriturismolagiara.it\\\/wp-content\\\/uploads\\\/2019\\\/04\\\/ristorant1-01.jpg&quot;},{&quot;id&quot;:5696,&quot;url&quot;:&quot;https:\\\/\\\/agriturismolagiara.it\\\/wp-content\\\/uploads\\\/2023\\\/10\\\/slide-camere-02.jpg&quot;},{&quot;id&quot;:5698,&quot;url&quot;:&quot;https:\\\/\\\/agriturismolagiara.it\\\/wp-content\\\/uploads\\\/2023\\\/10\\\/slide-ristorazione-cucina.jpg&quot;},{&quot;id&quot;:5488,&quot;url&quot;:&quot;https:\\\/\\\/agriturismolagiara.it\\\/wp-content\\\/uploads\\\/2019\\\/04\\\/IMG_1190-copia.jpg&quot;}],&quot;background_slideshow_loop&quot;:&quot;yes&quot;,&quot;background_slideshow_slide_duration&quot;:5000,&quot;background_slideshow_slide_transition&quot;:&quot;fade&quot;,&quot;background_slideshow_transition_duration&quot;:500}\">\n\t\t\t\t<div class=\"elementor-element elementor-element-ad9cefe elementor-widget elementor-widget-spacer\" data-id=\"ad9cefe\" data-element_type=\"widget\" data-e-type=\"widget\" data-widget_type=\"spacer.default\">\n\t\t\t\t<div class=\"elementor-widget-container\">\n\t\t\t\t\t\t\t<div class=\"elementor-spacer\">\n\t\t\t<div class=\"elementor-spacer-inner\"><\/div>\n\t\t<\/div>\n\t\t\t\t\t\t<\/div>\n\t\t\t\t<\/div>\n\t\t\t\t<\/div>\n\t\t<div class=\"elementor-element elementor-element-85e1885   e-flex e-con-boxed e-con e-parent\" data-id=\"85e1885\" data-element_type=\"container\" data-e-type=\"container\" data-settings=\"{&quot;background_background&quot;:&quot;classic&quot;}\">\n\t\t\t\t\t<div class=\"e-con-inner\">\n\t\t\t\t<div class=\"elementor-element elementor-element-7a6d57d0 elementor-widget__width-inherit elementor-widget-mobile__width-inherit   elementor-widget elementor-widget-heading\" data-id=\"7a6d57d0\" data-element_type=\"widget\" data-e-type=\"widget\" data-widget_type=\"heading.default\">\n\t\t\t\t<div class=\"elementor-widget-container\">\n\t\t\t\t\t<h4 class=\"elementor-heading-title elementor-size-default\">WAS WIR UNTER CATERING VERSTEHEN<\/h4>\t\t\t\t<\/div>\n\t\t\t\t<\/div>\n\t\t\t\t\t<\/div>\n\t\t\t\t<\/div>\n\t\t<div class=\"elementor-element elementor-element-1f22aed7   e-flex e-con-boxed e-con e-parent\" data-id=\"1f22aed7\" data-element_type=\"container\" data-e-type=\"container\" data-settings=\"{&quot;background_background&quot;:&quot;classic&quot;}\">\n\t\t\t\t\t<div class=\"e-con-inner\">\n\t\t\t\t<div class=\"elementor-element elementor-element-711ac48a elementor-widget__width-inherit elementor-widget-mobile__width-inherit   elementor-widget elementor-widget-text-editor\" data-id=\"711ac48a\" data-element_type=\"widget\" data-e-type=\"widget\" data-widget_type=\"text-editor.default\">\n\t\t\t\t<div class=\"elementor-widget-container\">\n\t\t\t\t\t\t\t\t\tLIGURISCHE TRADITION AUF UNSEREM TISCH\t\t\t\t\t\t\t\t<\/div>\n\t\t\t\t<\/div>\n\t\t\t\t\t<\/div>\n\t\t\t\t<\/div>\n\t\t<div class=\"elementor-element elementor-element-2d1f9201   e-flex e-con-boxed e-con e-parent\" data-id=\"2d1f9201\" data-element_type=\"container\" data-e-type=\"container\" data-settings=\"{&quot;background_background&quot;:&quot;classic&quot;}\">\n\t\t\t\t\t<div class=\"e-con-inner\">\n\t\t\t\t<div class=\"elementor-element elementor-element-7f8058aa elementor-widget__width-inherit elementor-widget-mobile__width-inherit   elementor-widget elementor-widget-text-editor\" data-id=\"7f8058aa\" data-element_type=\"widget\" data-e-type=\"widget\" data-widget_type=\"text-editor.default\">\n\t\t\t\t<div class=\"elementor-widget-container\">\n\t\t\t\t\t\t\t\t\t2 oder 3 Mal pro Woche k\u00f6nnen unsere G\u00e4ste abends im Bauernhaus vorbeischauen, um unsere Produkte VON DER K\u00dcCHE AUF DEN TISCH zu probieren. Nur Produkte von unserer eigenen FARM oder von 0 km entfernten Bauernh\u00f6fen. Einzigartige Gerichte, die alle N\u00e4hrwerte enthalten, die wir brauchen: vom Dinkelsalat bis zu verschiedenen Gem\u00fcsesorten, von Testaroli aus alten Getreidesorten und Dinkelmehl bis zu Pesto, von Sardellen aus Monterosso bis zu herzhaften und s\u00fc\u00dfen Pasteten, von gegrilltem Fleisch bis zu Platten mit Wurstwaren und K\u00e4se aus unserem VAL DI VARA.\t\t\t\t\t\t\t\t<\/div>\n\t\t\t\t<\/div>\n\t\t\t\t\t<\/div>\n\t\t\t\t<\/div>\n\t\t<div class=\"elementor-element elementor-element-6fbe32b7   e-flex e-con-boxed e-con e-parent\" data-id=\"6fbe32b7\" data-element_type=\"container\" data-e-type=\"container\" data-settings=\"{&quot;background_background&quot;:&quot;classic&quot;}\">\n\t\t\t\t\t<div class=\"e-con-inner\">\n\t\t\t\t<div class=\"elementor-element elementor-element-788b4117 elementor-widget__width-inherit elementor-widget-mobile__width-inherit   elementor-widget elementor-widget-text-editor\" data-id=\"788b4117\" data-element_type=\"widget\" data-e-type=\"widget\" data-widget_type=\"text-editor.default\">\n\t\t\t\t<div class=\"elementor-widget-container\">\n\t\t\t\t\t\t\t\t\tDie Wertsch\u00e4tzung lokaler Produkte hilft uns, die Umwelt und die Luft besser zu sch\u00fctzen und das \u00dcberleben der kleinen Familienbetriebe auf dem Lande zu sichern, die in einem rauen und schwierigen Terrain ums \u00dcberleben k\u00e4mpfen&#8230; Wir bieten auch TAKEAWAYS an, Essen zum Mitnehmen, das Sie im Garten, auf der Terrasse, im Poolbereich oder sogar am Meer genie\u00dfen k\u00f6nnen &#8230;. abends an den sch\u00f6nen Str\u00e4nden bei Sonnenuntergang, wie in der Tradition meiner Familie!!!!\t\t\t\t\t\t\t\t<\/div>\n\t\t\t\t<\/div>\n\t\t\t\t\t<\/div>\n\t\t\t\t<\/div>\n\t\t<div class=\"elementor-element elementor-element-15861d61   e-flex e-con-boxed e-con e-parent\" data-id=\"15861d61\" data-element_type=\"container\" data-e-type=\"container\" data-settings=\"{&quot;background_background&quot;:&quot;classic&quot;}\">\n\t\t\t\t\t<div class=\"e-con-inner\">\n\t\t\t\t<div class=\"elementor-element elementor-element-1e85916f elementor-widget__width-inherit elementor-widget-mobile__width-inherit   elementor-widget elementor-widget-text-editor\" data-id=\"1e85916f\" data-element_type=\"widget\" data-e-type=\"widget\" data-widget_type=\"text-editor.default\">\n\t\t\t\t<div class=\"elementor-widget-container\">\n\t\t\t\t\t\t\t\t\tAbends am Strand zu essen, ohne Verwirrung, mit der k\u00fchlen Meeresbrise, ist mir als sch\u00f6ne Erinnerung an meine Kindheit in Erinnerung geblieben!<br>  Es ist unser Anliegen, den Gast zu begleiten, um einen besonderen Urlaub zu verbringen, so besonders wie die Orte dieser LEVANT LIGURIA!\t\t\t\t\t\t\t\t<\/div>\n\t\t\t\t<\/div>\n\t\t\t\t\t<\/div>\n\t\t\t\t<\/div>\n\t\t<div class=\"elementor-element elementor-element-50500203   e-flex e-con-boxed e-con e-parent\" data-id=\"50500203\" data-element_type=\"container\" data-e-type=\"container\" data-settings=\"{&quot;background_background&quot;:&quot;classic&quot;}\">\n\t\t\t\t\t<div class=\"e-con-inner\">\n\t\t\t\t<div class=\"elementor-element elementor-element-31d32f45 elementor-widget__width-inherit elementor-widget-mobile__width-inherit   elementor-widget elementor-widget-text-editor\" data-id=\"31d32f45\" data-element_type=\"widget\" data-e-type=\"widget\" data-widget_type=\"text-editor.default\">\n\t\t\t\t<div class=\"elementor-widget-container\">\n\t\t\t\t\t\t\t\t\tNur wenige Kilometer vom Agriturismo entfernt befinden sich Restaurants und Trattorien:<br> OSTERIA DEL CASTELLO &#8211; RISTORANTE DA CLAUDIA &#8211; LOCANDA DEL GIGLIO &#8211; RISTORANTE DA PIETRO &#8211; PIZZERIA LAPOS\t\t\t\t\t\t\t\t<\/div>\n\t\t\t\t<\/div>\n\t\t\t\t\t<\/div>\n\t\t\t\t<\/div>\n\t\t<div class=\"elementor-element elementor-element-781cfcb e-con-full   e-flex e-con e-parent\" data-id=\"781cfcb\" data-element_type=\"container\" data-e-type=\"container\" data-settings=\"{&quot;background_background&quot;:&quot;classic&quot;}\">\n\t\t\t\t<div class=\"elementor-element elementor-element-7655ae0a elementor-widget__width-inherit elementor-widget-mobile__width-inherit   elementor-widget elementor-widget-image\" data-id=\"7655ae0a\" data-element_type=\"widget\" data-e-type=\"widget\" data-widget_type=\"image.default\">\n\t\t\t\t<div class=\"elementor-widget-container\">\n\t\t\t\t\t\t\t\t\t\t\t\t\t\t\t\t<a href=\"#iJ1HGoYh\">\n\t\t\t\t\t\t\t<img fetchpriority=\"high\" decoding=\"async\" width=\"1240\" height=\"310\" src=\"https:\/\/www.agriturismolagiara.it\/wp-content\/uploads\/2025\/04\/ristorante01.jpg\" class=\"attachment-full size-full wp-image-7218\" alt=\"\" srcset=\"https:\/\/www.agriturismolagiara.it\/wp-content\/uploads\/2025\/04\/ristorante01.jpg 1240w, https:\/\/www.agriturismolagiara.it\/wp-content\/uploads\/2025\/04\/ristorante01-300x75.jpg 300w, https:\/\/www.agriturismolagiara.it\/wp-content\/uploads\/2025\/04\/ristorante01-1024x256.jpg 1024w, https:\/\/www.agriturismolagiara.it\/wp-content\/uploads\/2025\/04\/ristorante01-768x192.jpg 768w\" sizes=\"(max-width: 1240px) 100vw, 1240px\" \/>\t\t\t\t\t\t\t\t<\/a>\n\t\t\t\t\t\t\t\t\t\t\t\t\t\t\t<\/div>\n\t\t\t\t<\/div>\n\t\t<div class=\"elementor-element elementor-element-3de641d4   e-flex e-con-boxed e-con e-child\" data-id=\"3de641d4\" data-element_type=\"container\" data-e-type=\"container\">\n\t\t\t\t\t<div class=\"e-con-inner\">\n\t\t<div class=\"elementor-element elementor-element-212d143b e-con-full   e-flex e-con e-child\" data-id=\"212d143b\" data-element_type=\"container\" data-e-type=\"container\">\n\t\t\t\t<div class=\"elementor-element elementor-element-1943cee1 elementor-widget__width-inherit elementor-widget-mobile__width-inherit   elementor-widget elementor-widget-text-editor\" data-id=\"1943cee1\" data-element_type=\"widget\" data-e-type=\"widget\" data-widget_type=\"text-editor.default\">\n\t\t\t\t<div class=\"elementor-widget-container\">\n\t\t\t\t\t\t\t\t\t<p>Die Kosten f\u00fcr das Men\u00fc liegen zwischen 23 und 27 Euro pro Person, ohne Getr\u00e4nke.<\/p>\t\t\t\t\t\t\t\t<\/div>\n\t\t\t\t<\/div>\n\t\t\t\t<div class=\"elementor-element elementor-element-18b15729 elementor-widget__width-inherit elementor-widget-mobile__width-inherit   elementor-widget elementor-widget-text-editor\" data-id=\"18b15729\" data-element_type=\"widget\" data-e-type=\"widget\" data-widget_type=\"text-editor.default\">\n\t\t\t\t<div class=\"elementor-widget-container\">\n\t\t\t\t\t\t\t\t\tF\u00fcr diejenigen, die es w\u00fcnschen, werden leckere VEGETARISCHE und VEGANISCHE MEN\u00dcS mit Gem\u00fcse der Saison zubereitet.\t\t\t\t\t\t\t\t<\/div>\n\t\t\t\t<\/div>\n\t\t\t\t<div class=\"elementor-element elementor-element-1c7ea0e4 elementor-widget__width-inherit elementor-widget-mobile__width-inherit   elementor-widget elementor-widget-text-editor\" data-id=\"1c7ea0e4\" data-element_type=\"widget\" data-e-type=\"widget\" data-widget_type=\"text-editor.default\">\n\t\t\t\t<div class=\"elementor-widget-container\">\n\t\t\t\t\t\t\t\t\tWir organisieren auch leckere SNACKS f\u00fcr unsere G\u00e4ste mit Croutons, Salaten, Sgabei (ger\u00f6stetes Brot), gemischtem Aufschnitt, lokalem K\u00e4se, gegrilltem Gem\u00fcse usw., die Sie in der K\u00fchle des Gartens am sch\u00f6nen, frischen Swimmingpool genie\u00dfen k\u00f6nnen.\t\t\t\t\t\t\t\t<\/div>\n\t\t\t\t<\/div>\n\t\t\t\t<div class=\"elementor-element elementor-element-706f2e0e elementor-widget__width-inherit elementor-widget-mobile__width-inherit   elementor-widget elementor-widget-text-editor\" data-id=\"706f2e0e\" data-element_type=\"widget\" data-e-type=\"widget\" data-widget_type=\"text-editor.default\">\n\t\t\t\t<div class=\"elementor-widget-container\">\n\t\t\t\t\t\t\t\t\tBesucher dieser Orte werden auch die Gelegenheit haben, ein typisches Gericht der armen Bauernkultur des \u00f6stlichen Liguriens und der Lunigiana zu probieren: TESTAROLO.<br>  Genie\u00dfen Sie ihn hei\u00df mit K\u00e4se und Aufschnitt oder gekocht und mit Pesto, \u00d6l und Pecorino oder Pilzsauce angemacht.\t\t\t\t\t\t\t\t<\/div>\n\t\t\t\t<\/div>\n\t\t\t\t<\/div>\n\t\t\t\t<div class=\"elementor-element elementor-element-6b4a6431 elementor-widget__width-initial elementor-widget-mobile__width-inherit   elementor-widget elementor-widget-image\" data-id=\"6b4a6431\" data-element_type=\"widget\" data-e-type=\"widget\" data-widget_type=\"image.default\">\n\t\t\t\t<div class=\"elementor-widget-container\">\n\t\t\t\t\t\t\t\t\t\t\t\t\t\t\t\t<a href=\"#cdhFa34Q\">\n\t\t\t\t\t\t\t<img decoding=\"async\" width=\"500\" height=\"520\" src=\"https:\/\/www.agriturismolagiara.it\/wp-content\/uploads\/2025\/04\/testaroli-foto.jpg\" class=\"attachment-full size-full wp-image-7221\" alt=\"\" srcset=\"https:\/\/www.agriturismolagiara.it\/wp-content\/uploads\/2025\/04\/testaroli-foto.jpg 500w, https:\/\/www.agriturismolagiara.it\/wp-content\/uploads\/2025\/04\/testaroli-foto-288x300.jpg 288w\" sizes=\"(max-width: 500px) 100vw, 500px\" \/>\t\t\t\t\t\t\t\t<\/a>\n\t\t\t\t\t\t\t\t\t\t\t\t\t\t\t<\/div>\n\t\t\t\t<\/div>\n\t\t\t\t\t<\/div>\n\t\t\t\t<\/div>\n\t\t\t\t<div class=\"elementor-element elementor-element-145b83d7 elementor-widget__width-inherit elementor-widget-mobile__width-inherit   elementor-widget elementor-widget-text-editor\" data-id=\"145b83d7\" data-element_type=\"widget\" data-e-type=\"widget\" data-widget_type=\"text-editor.default\">\n\t\t\t\t<div class=\"elementor-widget-container\">\n\t\t\t\t\t\t\t\t\tBitte z\u00f6gern Sie nicht, uns unter 0187-883129 oder 347-9112232 oder 347-3535940 f\u00fcr weitere Informationen zu kontaktieren!\t\t\t\t\t\t\t\t<\/div>\n\t\t\t\t<\/div>\n\t\t\t\t<\/div>\n\t\t\t\t<\/div>\n\t\t","protected":false},"excerpt":{"rendered":"<p>WAS WIR UNTER CATERING VERSTEHEN LIGURISCHE TRADITION AUF UNSEREM TISCH2 oder 3 Mal pro Woche k\u00f6nnen unsere G\u00e4ste abends im Bauernhaus vorbeischauen, um unsere Produkte VON DER K\u00dcCHE AUF DEN TISCH zu probieren. Nur Produkte von unserer eigenen FARM oder von 0 km entfernten Bauernh\u00f6fen. Einzigartige Gerichte, die alle N\u00e4hrwerte enthalten, die wir brauchen: vom [&hellip;]<\/p>\n","protected":false},"author":1,"featured_media":0,"parent":0,"menu_order":0,"comment_status":"closed","ping_status":"open","template":"","meta":{"footnotes":""},"class_list":["post-7247","page","type-page","status-publish","hentry"],"yoast_head":"<!-- This site is optimized with the Yoast SEO plugin v27.0 - https:\/\/yoast.com\/product\/yoast-seo-wordpress\/ -->\n<title>Das Restaurant - Agriturismo La Giara<\/title>\n<meta name=\"robots\" content=\"index, follow, max-snippet:-1, max-image-preview:large, max-video-preview:-1\" \/>\n<link rel=\"canonical\" href=\"https:\/\/www.agriturismolagiara.it\/il-ristorante-2\/\" \/>\n<meta property=\"og:locale\" content=\"de_DE\" \/>\n<meta property=\"og:type\" content=\"article\" \/>\n<meta property=\"og:title\" content=\"Das Restaurant - Agriturismo La Giara\" \/>\n<meta property=\"og:description\" content=\"WAS WIR UNTER CATERING VERSTEHEN LIGURISCHE TRADITION AUF UNSEREM TISCH2 oder 3 Mal pro Woche k\u00f6nnen unsere G\u00e4ste abends im Bauernhaus vorbeischauen, um unsere Produkte VON DER K\u00dcCHE AUF DEN TISCH zu probieren. Nur Produkte von unserer eigenen FARM oder von 0 km entfernten Bauernh\u00f6fen. Einzigartige Gerichte, die alle N\u00e4hrwerte enthalten, die wir brauchen: vom [&hellip;]\" \/>\n<meta property=\"og:url\" content=\"https:\/\/www.agriturismolagiara.it\/il-ristorante-2\/\" \/>\n<meta property=\"og:site_name\" content=\"Agriturismo La Giara\" \/>\n<meta property=\"article:modified_time\" content=\"2025-04-23T16:18:18+00:00\" \/>\n<meta property=\"og:image\" content=\"https:\/\/agriturismolagiara.it\/wp-content\/uploads\/2025\/04\/ristorante01.jpg\" \/>\n<meta name=\"twitter:label1\" content=\"Gesch\u00e4tzte Lesezeit\" \/>\n\t<meta name=\"twitter:data1\" content=\"2\u00a0Minuten\" \/>\n<script type=\"application\/ld+json\" class=\"yoast-schema-graph\">{\"@context\":\"https:\/\/schema.org\",\"@graph\":[{\"@type\":\"WebPage\",\"@id\":\"https:\/\/www.agriturismolagiara.it\/il-ristorante-2\/\",\"url\":\"https:\/\/www.agriturismolagiara.it\/il-ristorante-2\/\",\"name\":\"Das Restaurant - Agriturismo La Giara\",\"isPartOf\":{\"@id\":\"https:\/\/www.agriturismolagiara.it\/#website\"},\"primaryImageOfPage\":{\"@id\":\"https:\/\/www.agriturismolagiara.it\/il-ristorante-2\/#primaryimage\"},\"image\":{\"@id\":\"https:\/\/www.agriturismolagiara.it\/il-ristorante-2\/#primaryimage\"},\"thumbnailUrl\":\"https:\/\/agriturismolagiara.it\/wp-content\/uploads\/2025\/04\/ristorante01.jpg\",\"datePublished\":\"2015-03-05T09:46:06+00:00\",\"dateModified\":\"2025-04-23T16:18:18+00:00\",\"breadcrumb\":{\"@id\":\"https:\/\/www.agriturismolagiara.it\/il-ristorante-2\/#breadcrumb\"},\"inLanguage\":\"de\",\"potentialAction\":[{\"@type\":\"ReadAction\",\"target\":[\"https:\/\/www.agriturismolagiara.it\/il-ristorante-2\/\"]}]},{\"@type\":\"ImageObject\",\"inLanguage\":\"de\",\"@id\":\"https:\/\/www.agriturismolagiara.it\/il-ristorante-2\/#primaryimage\",\"url\":\"https:\/\/agriturismolagiara.it\/wp-content\/uploads\/2025\/04\/ristorante01.jpg\",\"contentUrl\":\"https:\/\/agriturismolagiara.it\/wp-content\/uploads\/2025\/04\/ristorante01.jpg\"},{\"@type\":\"BreadcrumbList\",\"@id\":\"https:\/\/www.agriturismolagiara.it\/il-ristorante-2\/#breadcrumb\",\"itemListElement\":[{\"@type\":\"ListItem\",\"position\":1,\"name\":\"Home\",\"item\":\"https:\/\/www.agriturismolagiara.it\/de\/hauptseite\/\"},{\"@type\":\"ListItem\",\"position\":2,\"name\":\"Das Restaurant\"}]},{\"@type\":\"WebSite\",\"@id\":\"https:\/\/www.agriturismolagiara.it\/#website\",\"url\":\"https:\/\/www.agriturismolagiara.it\/\",\"name\":\"Agriturismo La Giara\",\"description\":\"Qui si incontrano la paziente forza della terra e la fatica delle sapienti mani dell\u2019uomo, qui nasce quel legame unico che lega paesaggio e cucina.\",\"publisher\":{\"@id\":\"https:\/\/www.agriturismolagiara.it\/#organization\"},\"potentialAction\":[{\"@type\":\"SearchAction\",\"target\":{\"@type\":\"EntryPoint\",\"urlTemplate\":\"https:\/\/www.agriturismolagiara.it\/?s={search_term_string}\"},\"query-input\":{\"@type\":\"PropertyValueSpecification\",\"valueRequired\":true,\"valueName\":\"search_term_string\"}}],\"inLanguage\":\"de\"},{\"@type\":\"Organization\",\"@id\":\"https:\/\/www.agriturismolagiara.it\/#organization\",\"name\":\"Agriturismo La Giara\",\"url\":\"https:\/\/www.agriturismolagiara.it\/\",\"logo\":{\"@type\":\"ImageObject\",\"inLanguage\":\"de\",\"@id\":\"https:\/\/www.agriturismolagiara.it\/#\/schema\/logo\/image\/\",\"url\":\"https:\/\/www.agriturismolagiara.it\/wp-content\/uploads\/2025\/04\/logo.png\",\"contentUrl\":\"https:\/\/www.agriturismolagiara.it\/wp-content\/uploads\/2025\/04\/logo.png\",\"width\":208,\"height\":163,\"caption\":\"Agriturismo La Giara\"},\"image\":{\"@id\":\"https:\/\/www.agriturismolagiara.it\/#\/schema\/logo\/image\/\"}}]}<\/script>\n<!-- \/ Yoast SEO plugin. -->","yoast_head_json":{"title":"Das Restaurant - Agriturismo La Giara","robots":{"index":"index","follow":"follow","max-snippet":"max-snippet:-1","max-image-preview":"max-image-preview:large","max-video-preview":"max-video-preview:-1"},"canonical":"https:\/\/www.agriturismolagiara.it\/il-ristorante-2\/","og_locale":"de_DE","og_type":"article","og_title":"Das Restaurant - Agriturismo La Giara","og_description":"WAS WIR UNTER CATERING VERSTEHEN LIGURISCHE TRADITION AUF UNSEREM TISCH2 oder 3 Mal pro Woche k\u00f6nnen unsere G\u00e4ste abends im Bauernhaus vorbeischauen, um unsere Produkte VON DER K\u00dcCHE AUF DEN TISCH zu probieren. Nur Produkte von unserer eigenen FARM oder von 0 km entfernten Bauernh\u00f6fen. Einzigartige Gerichte, die alle N\u00e4hrwerte enthalten, die wir brauchen: vom [&hellip;]","og_url":"https:\/\/www.agriturismolagiara.it\/il-ristorante-2\/","og_site_name":"Agriturismo La Giara","article_modified_time":"2025-04-23T16:18:18+00:00","og_image":[{"url":"https:\/\/agriturismolagiara.it\/wp-content\/uploads\/2025\/04\/ristorante01.jpg","type":"","width":"","height":""}],"twitter_misc":{"Gesch\u00e4tzte Lesezeit":"2\u00a0Minuten"},"schema":{"@context":"https:\/\/schema.org","@graph":[{"@type":"WebPage","@id":"https:\/\/www.agriturismolagiara.it\/il-ristorante-2\/","url":"https:\/\/www.agriturismolagiara.it\/il-ristorante-2\/","name":"Das Restaurant - Agriturismo La Giara","isPartOf":{"@id":"https:\/\/www.agriturismolagiara.it\/#website"},"primaryImageOfPage":{"@id":"https:\/\/www.agriturismolagiara.it\/il-ristorante-2\/#primaryimage"},"image":{"@id":"https:\/\/www.agriturismolagiara.it\/il-ristorante-2\/#primaryimage"},"thumbnailUrl":"https:\/\/agriturismolagiara.it\/wp-content\/uploads\/2025\/04\/ristorante01.jpg","datePublished":"2015-03-05T09:46:06+00:00","dateModified":"2025-04-23T16:18:18+00:00","breadcrumb":{"@id":"https:\/\/www.agriturismolagiara.it\/il-ristorante-2\/#breadcrumb"},"inLanguage":"de","potentialAction":[{"@type":"ReadAction","target":["https:\/\/www.agriturismolagiara.it\/il-ristorante-2\/"]}]},{"@type":"ImageObject","inLanguage":"de","@id":"https:\/\/www.agriturismolagiara.it\/il-ristorante-2\/#primaryimage","url":"https:\/\/agriturismolagiara.it\/wp-content\/uploads\/2025\/04\/ristorante01.jpg","contentUrl":"https:\/\/agriturismolagiara.it\/wp-content\/uploads\/2025\/04\/ristorante01.jpg"},{"@type":"BreadcrumbList","@id":"https:\/\/www.agriturismolagiara.it\/il-ristorante-2\/#breadcrumb","itemListElement":[{"@type":"ListItem","position":1,"name":"Home","item":"https:\/\/www.agriturismolagiara.it\/de\/hauptseite\/"},{"@type":"ListItem","position":2,"name":"Das Restaurant"}]},{"@type":"WebSite","@id":"https:\/\/www.agriturismolagiara.it\/#website","url":"https:\/\/www.agriturismolagiara.it\/","name":"Agriturismo La Giara","description":"Qui si incontrano la paziente forza della terra e la fatica delle sapienti mani dell\u2019uomo, qui nasce quel legame unico che lega paesaggio e cucina.","publisher":{"@id":"https:\/\/www.agriturismolagiara.it\/#organization"},"potentialAction":[{"@type":"SearchAction","target":{"@type":"EntryPoint","urlTemplate":"https:\/\/www.agriturismolagiara.it\/?s={search_term_string}"},"query-input":{"@type":"PropertyValueSpecification","valueRequired":true,"valueName":"search_term_string"}}],"inLanguage":"de"},{"@type":"Organization","@id":"https:\/\/www.agriturismolagiara.it\/#organization","name":"Agriturismo La Giara","url":"https:\/\/www.agriturismolagiara.it\/","logo":{"@type":"ImageObject","inLanguage":"de","@id":"https:\/\/www.agriturismolagiara.it\/#\/schema\/logo\/image\/","url":"https:\/\/www.agriturismolagiara.it\/wp-content\/uploads\/2025\/04\/logo.png","contentUrl":"https:\/\/www.agriturismolagiara.it\/wp-content\/uploads\/2025\/04\/logo.png","width":208,"height":163,"caption":"Agriturismo La Giara"},"image":{"@id":"https:\/\/www.agriturismolagiara.it\/#\/schema\/logo\/image\/"}}]}},"_links":{"self":[{"href":"https:\/\/www.agriturismolagiara.it\/de\/wp-json\/wp\/v2\/pages\/7247","targetHints":{"allow":["GET"]}}],"collection":[{"href":"https:\/\/www.agriturismolagiara.it\/de\/wp-json\/wp\/v2\/pages"}],"about":[{"href":"https:\/\/www.agriturismolagiara.it\/de\/wp-json\/wp\/v2\/types\/page"}],"author":[{"embeddable":true,"href":"https:\/\/www.agriturismolagiara.it\/de\/wp-json\/wp\/v2\/users\/1"}],"replies":[{"embeddable":true,"href":"https:\/\/www.agriturismolagiara.it\/de\/wp-json\/wp\/v2\/comments?post=7247"}],"version-history":[{"count":2,"href":"https:\/\/www.agriturismolagiara.it\/de\/wp-json\/wp\/v2\/pages\/7247\/revisions"}],"predecessor-version":[{"id":7366,"href":"https:\/\/www.agriturismolagiara.it\/de\/wp-json\/wp\/v2\/pages\/7247\/revisions\/7366"}],"wp:attachment":[{"href":"https:\/\/www.agriturismolagiara.it\/de\/wp-json\/wp\/v2\/media?parent=7247"}],"curies":[{"name":"wp","href":"https:\/\/api.w.org\/{rel}","templated":true}]}}