{"id":5049,"date":"2015-03-05T19:25:41","date_gmt":"2015-03-05T18:25:41","guid":{"rendered":"http:\/\/agriturismolagiara.digiside.it\/?page_id=5049"},"modified":"2025-04-23T15:40:18","modified_gmt":"2025-04-23T13:40:18","slug":"monterosso","status":"publish","type":"page","link":"https:\/\/www.agriturismolagiara.it\/de\/monterosso\/","title":{"rendered":"Monterosso"},"content":{"rendered":"<div style=\"background-color: #f8f6ee;\">\n<p>[vc_row][vc_column width=&#8220;1\/1&#8243;]<\/p>\n<p>[trx_section align=&#8220;center&#8220; dedicated=&#8220;no&#8220; scroll=&#8220;no&#8220; dir=&#8220;horizontal&#8220;]<\/p>\n<p>[trx_content bottom=&#8220;10&#8243;]<\/p>\n<p>[trx_title type=&#8220;4&#8243; align=&#8220;center&#8220; weight=&#8220;700&#8243; bottom=&#8220;25&#8243;]MONTEROSSO[\/trx_title]<br \/>\n[\/trx_content]<\/p>\n<p>[\/trx_section]<\/p>\n<p>[\/vc_column]<\/p>\n<p>[\/vc_row]<\/p>\n<p>[vc_row][vc_column width=&#8220;1\/1&#8243;]<br \/>\n[trx_section align=&#8220;center&#8220; dedicated=&#8220;no&#8220; scroll=&#8220;no&#8220; dir=&#8220;horizontal&#8220;]<br \/>\n[trx_content bottom=&#8220;70&#8243;]<br \/>\nDa tempo accessibile da Levanto per la strada carrozzabile \u00e8 senza dubbio la pi\u00f9 frequentata, come localit\u00e0 di soggiorno, delle Cinque Terre. Dal Convento dei Cappuccini e ancor pi\u00f9 in alto dall&#8216; &#8218;antico Castello dei Fieschi, ora cimitero, lo sguardo abbraccia in una magnifica panoramica un grande tratto di litorale: da un lato la scoscesa Punta Mesco, dominata dalle rovine dell&#8217;Abbazia dl S. Antonio, dall&#8217;altro la ripida costa ammantata di viti con Vernazza, Corniglia e Manarola fino a capo di Monte Nero.<br \/>\nDa Monterosso si arriva, con una piacevole camminata, alla Madonna di Soviore, il pi\u00f9 antico Santuario della Liguria. Si fa risalire all&#8216; XI secolo quando, secondo la tradizione, genti scampate alle invasioni longobarde di Rotari trovarono rifugio in quei luoghi e avrebbero in seguito fondato Monterosso. Di particolare interesse naturalistico sono due piccoli boschi di sugheri di origine naturale (per individuarli chiedere del Colle Maddalena e della Costa Lapau). Al ricchissimo sottobosco di specie mediterranea si mescolano elementi dl origine centro europea e atlantica. L&#8217;origine di Monterosso come Corniglia e Vernazza, si fa risalire all&#8217;epoca della Repubblica romana quando, dopo la sconfitta dei Liguri nel 180 a.C., le loro terre passarono alle famiglie di coloni romani insediatesi lungo la zona costiera.<br \/>\nPer avere qualche notizia storica pi\u00f9 attendibile bisogna arrivare al 642-643, quando le truppe del longobardo Rotari seminarono distruzione in tutta la zona. Gli abitanti di Albereto, piccolo nucleo nelle vicinanze di Soviore, dopo la distruzione del borgo, si sarebbero rifugiati sulla costa, protetti dal castello che si estendeva sulla collina di S.Cristoforo, dando origine, nella valle del Buranco, al paese di Monterosso. Secondo altri storici il borgo avrebbe avuto origine intorno all&#8217;anno 1000 quando, diminuito il pericolo delle incursioni saracene, ci fu un fenomeno migratorio dai colli verso il mare.<br \/>\n[\/trx_content]<\/p>\n<p>[\/trx_section]<\/p>\n<p>[\/vc_column]<\/p>\n<p>[\/vc_row]<\/p>\n<p>[vc_row][vc_column width=&#8220;1\/1&#8243;]<\/p>\n<p>[trx_content]<\/p>\n<p><a href=\"\/wp-content\/uploads\/2015\/03\/monterosso-foto.jpg\"><img fetchpriority=\"high\" decoding=\"async\" src=\"\/wp-content\/uploads\/2015\/03\/monterosso-foto.jpg\" alt=\"monterosso-foto\" width=\"1240\" height=\"310\" class=\"alignnone size-full wp-image-5164\" srcset=\"https:\/\/www.agriturismolagiara.it\/wp-content\/uploads\/2015\/03\/monterosso-foto.jpg 1240w, https:\/\/www.agriturismolagiara.it\/wp-content\/uploads\/2015\/03\/monterosso-foto-300x75.jpg 300w, https:\/\/www.agriturismolagiara.it\/wp-content\/uploads\/2015\/03\/monterosso-foto-1024x256.jpg 1024w\" sizes=\"(max-width: 1240px) 100vw, 1240px\" \/><\/a><\/p>\n<p>[\/trx_content]<\/p>\n<p>[\/vc_column]<\/p>\n<p>[\/vc_row]<\/p>\n<\/div>\n","protected":false},"excerpt":{"rendered":"<p>[vc_row][vc_column width=&#8220;1\/1&#8243;] [trx_section align=&#8220;center&#8220; dedicated=&#8220;no&#8220; scroll=&#8220;no&#8220; dir=&#8220;horizontal&#8220;] [trx_content bottom=&#8220;10&#8243;] [trx_title type=&#8220;4&#8243; align=&#8220;center&#8220; weight=&#8220;700&#8243; bottom=&#8220;25&#8243;]MONTEROSSO[\/trx_title] [\/trx_content] [\/trx_section] [\/vc_column] [\/vc_row] [vc_row][vc_column width=&#8220;1\/1&#8243;] [trx_section align=&#8220;center&#8220; dedicated=&#8220;no&#8220; scroll=&#8220;no&#8220; dir=&#8220;horizontal&#8220;] [trx_content bottom=&#8220;70&#8243;] Da tempo accessibile da Levanto per la strada carrozzabile \u00e8 senza dubbio la pi\u00f9 frequentata, come localit\u00e0 di soggiorno, delle Cinque Terre. Dal Convento dei Cappuccini e ancor [&hellip;]<\/p>\n","protected":false},"author":1,"featured_media":0,"parent":0,"menu_order":0,"comment_status":"open","ping_status":"open","template":"","meta":{"footnotes":""},"class_list":["post-5049","page","type-page","status-publish","hentry"],"yoast_head":"<!-- This site is optimized with the Yoast SEO plugin v27.0 - https:\/\/yoast.com\/product\/yoast-seo-wordpress\/ -->\n<title>Monterosso - Agriturismo La Giara<\/title>\n<meta name=\"robots\" content=\"index, follow, max-snippet:-1, max-image-preview:large, max-video-preview:-1\" \/>\n<link rel=\"canonical\" href=\"https:\/\/www.agriturismolagiara.it\/en\/monterosso\/\" \/>\n<meta property=\"og:locale\" content=\"de_DE\" \/>\n<meta property=\"og:type\" content=\"article\" \/>\n<meta property=\"og:title\" content=\"Monterosso - Agriturismo La Giara\" \/>\n<meta property=\"og:description\" content=\"[vc_row][vc_column width=&#8220;1\/1&#8243;] [trx_section align=&#8220;center&#8220; dedicated=&#8220;no&#8220; scroll=&#8220;no&#8220; dir=&#8220;horizontal&#8220;] [trx_content bottom=&#8220;10&#8243;] [trx_title type=&#8220;4&#8243; align=&#8220;center&#8220; weight=&#8220;700&#8243; bottom=&#8220;25&#8243;]MONTEROSSO[\/trx_title] [\/trx_content] [\/trx_section] [\/vc_column] [\/vc_row] [vc_row][vc_column width=&#8220;1\/1&#8243;] [trx_section align=&#8220;center&#8220; dedicated=&#8220;no&#8220; scroll=&#8220;no&#8220; dir=&#8220;horizontal&#8220;] [trx_content bottom=&#8220;70&#8243;] Da tempo accessibile da Levanto per la strada carrozzabile \u00e8 senza dubbio la pi\u00f9 frequentata, come localit\u00e0 di soggiorno, delle Cinque Terre. Dal Convento dei Cappuccini e ancor [&hellip;]\" \/>\n<meta property=\"og:url\" content=\"https:\/\/www.agriturismolagiara.it\/en\/monterosso\/\" \/>\n<meta property=\"og:site_name\" content=\"Agriturismo La Giara\" \/>\n<meta property=\"article:modified_time\" content=\"2025-04-23T13:40:18+00:00\" \/>\n<meta name=\"twitter:label1\" content=\"Gesch\u00e4tzte Lesezeit\" \/>\n\t<meta name=\"twitter:data1\" content=\"2\u00a0Minuten\" \/>\n<script type=\"application\/ld+json\" class=\"yoast-schema-graph\">{\"@context\":\"https:\/\/schema.org\",\"@graph\":[{\"@type\":\"WebPage\",\"@id\":\"https:\/\/www.agriturismolagiara.it\/en\/monterosso\/\",\"url\":\"https:\/\/www.agriturismolagiara.it\/en\/monterosso\/\",\"name\":\"Monterosso - Agriturismo La Giara\",\"isPartOf\":{\"@id\":\"https:\/\/www.agriturismolagiara.it\/#website\"},\"datePublished\":\"2015-03-05T18:25:41+00:00\",\"dateModified\":\"2025-04-23T13:40:18+00:00\",\"breadcrumb\":{\"@id\":\"https:\/\/www.agriturismolagiara.it\/en\/monterosso\/#breadcrumb\"},\"inLanguage\":\"de\",\"potentialAction\":[{\"@type\":\"ReadAction\",\"target\":[\"https:\/\/www.agriturismolagiara.it\/en\/monterosso\/\"]}]},{\"@type\":\"BreadcrumbList\",\"@id\":\"https:\/\/www.agriturismolagiara.it\/en\/monterosso\/#breadcrumb\",\"itemListElement\":[{\"@type\":\"ListItem\",\"position\":1,\"name\":\"Home\",\"item\":\"https:\/\/www.agriturismolagiara.it\/de\/hauptseite\/\"},{\"@type\":\"ListItem\",\"position\":2,\"name\":\"Monterosso\"}]},{\"@type\":\"WebSite\",\"@id\":\"https:\/\/www.agriturismolagiara.it\/#website\",\"url\":\"https:\/\/www.agriturismolagiara.it\/\",\"name\":\"Agriturismo La Giara\",\"description\":\"Qui si incontrano la paziente forza della terra e la fatica delle sapienti mani dell\u2019uomo, qui nasce quel legame unico che lega paesaggio e cucina.\",\"publisher\":{\"@id\":\"https:\/\/www.agriturismolagiara.it\/#organization\"},\"potentialAction\":[{\"@type\":\"SearchAction\",\"target\":{\"@type\":\"EntryPoint\",\"urlTemplate\":\"https:\/\/www.agriturismolagiara.it\/?s={search_term_string}\"},\"query-input\":{\"@type\":\"PropertyValueSpecification\",\"valueRequired\":true,\"valueName\":\"search_term_string\"}}],\"inLanguage\":\"de\"},{\"@type\":\"Organization\",\"@id\":\"https:\/\/www.agriturismolagiara.it\/#organization\",\"name\":\"Agriturismo La Giara\",\"url\":\"https:\/\/www.agriturismolagiara.it\/\",\"logo\":{\"@type\":\"ImageObject\",\"inLanguage\":\"de\",\"@id\":\"https:\/\/www.agriturismolagiara.it\/#\/schema\/logo\/image\/\",\"url\":\"https:\/\/www.agriturismolagiara.it\/wp-content\/uploads\/2025\/04\/logo.png\",\"contentUrl\":\"https:\/\/www.agriturismolagiara.it\/wp-content\/uploads\/2025\/04\/logo.png\",\"width\":208,\"height\":163,\"caption\":\"Agriturismo La Giara\"},\"image\":{\"@id\":\"https:\/\/www.agriturismolagiara.it\/#\/schema\/logo\/image\/\"}}]}<\/script>\n<!-- \/ Yoast SEO plugin. -->","yoast_head_json":{"title":"Monterosso - Agriturismo La Giara","robots":{"index":"index","follow":"follow","max-snippet":"max-snippet:-1","max-image-preview":"max-image-preview:large","max-video-preview":"max-video-preview:-1"},"canonical":"https:\/\/www.agriturismolagiara.it\/en\/monterosso\/","og_locale":"de_DE","og_type":"article","og_title":"Monterosso - Agriturismo La Giara","og_description":"[vc_row][vc_column width=&#8220;1\/1&#8243;] [trx_section align=&#8220;center&#8220; dedicated=&#8220;no&#8220; scroll=&#8220;no&#8220; dir=&#8220;horizontal&#8220;] [trx_content bottom=&#8220;10&#8243;] [trx_title type=&#8220;4&#8243; align=&#8220;center&#8220; weight=&#8220;700&#8243; bottom=&#8220;25&#8243;]MONTEROSSO[\/trx_title] [\/trx_content] [\/trx_section] [\/vc_column] [\/vc_row] [vc_row][vc_column width=&#8220;1\/1&#8243;] [trx_section align=&#8220;center&#8220; dedicated=&#8220;no&#8220; scroll=&#8220;no&#8220; dir=&#8220;horizontal&#8220;] [trx_content bottom=&#8220;70&#8243;] Da tempo accessibile da Levanto per la strada carrozzabile \u00e8 senza dubbio la pi\u00f9 frequentata, come localit\u00e0 di soggiorno, delle Cinque Terre. Dal Convento dei Cappuccini e ancor [&hellip;]","og_url":"https:\/\/www.agriturismolagiara.it\/en\/monterosso\/","og_site_name":"Agriturismo La Giara","article_modified_time":"2025-04-23T13:40:18+00:00","twitter_misc":{"Gesch\u00e4tzte Lesezeit":"2\u00a0Minuten"},"schema":{"@context":"https:\/\/schema.org","@graph":[{"@type":"WebPage","@id":"https:\/\/www.agriturismolagiara.it\/en\/monterosso\/","url":"https:\/\/www.agriturismolagiara.it\/en\/monterosso\/","name":"Monterosso - Agriturismo La Giara","isPartOf":{"@id":"https:\/\/www.agriturismolagiara.it\/#website"},"datePublished":"2015-03-05T18:25:41+00:00","dateModified":"2025-04-23T13:40:18+00:00","breadcrumb":{"@id":"https:\/\/www.agriturismolagiara.it\/en\/monterosso\/#breadcrumb"},"inLanguage":"de","potentialAction":[{"@type":"ReadAction","target":["https:\/\/www.agriturismolagiara.it\/en\/monterosso\/"]}]},{"@type":"BreadcrumbList","@id":"https:\/\/www.agriturismolagiara.it\/en\/monterosso\/#breadcrumb","itemListElement":[{"@type":"ListItem","position":1,"name":"Home","item":"https:\/\/www.agriturismolagiara.it\/de\/hauptseite\/"},{"@type":"ListItem","position":2,"name":"Monterosso"}]},{"@type":"WebSite","@id":"https:\/\/www.agriturismolagiara.it\/#website","url":"https:\/\/www.agriturismolagiara.it\/","name":"Agriturismo La Giara","description":"Qui si incontrano la paziente forza della terra e la fatica delle sapienti mani dell\u2019uomo, qui nasce quel legame unico che lega paesaggio e cucina.","publisher":{"@id":"https:\/\/www.agriturismolagiara.it\/#organization"},"potentialAction":[{"@type":"SearchAction","target":{"@type":"EntryPoint","urlTemplate":"https:\/\/www.agriturismolagiara.it\/?s={search_term_string}"},"query-input":{"@type":"PropertyValueSpecification","valueRequired":true,"valueName":"search_term_string"}}],"inLanguage":"de"},{"@type":"Organization","@id":"https:\/\/www.agriturismolagiara.it\/#organization","name":"Agriturismo La Giara","url":"https:\/\/www.agriturismolagiara.it\/","logo":{"@type":"ImageObject","inLanguage":"de","@id":"https:\/\/www.agriturismolagiara.it\/#\/schema\/logo\/image\/","url":"https:\/\/www.agriturismolagiara.it\/wp-content\/uploads\/2025\/04\/logo.png","contentUrl":"https:\/\/www.agriturismolagiara.it\/wp-content\/uploads\/2025\/04\/logo.png","width":208,"height":163,"caption":"Agriturismo La Giara"},"image":{"@id":"https:\/\/www.agriturismolagiara.it\/#\/schema\/logo\/image\/"}}]}},"_links":{"self":[{"href":"https:\/\/www.agriturismolagiara.it\/de\/wp-json\/wp\/v2\/pages\/5049","targetHints":{"allow":["GET"]}}],"collection":[{"href":"https:\/\/www.agriturismolagiara.it\/de\/wp-json\/wp\/v2\/pages"}],"about":[{"href":"https:\/\/www.agriturismolagiara.it\/de\/wp-json\/wp\/v2\/types\/page"}],"author":[{"embeddable":true,"href":"https:\/\/www.agriturismolagiara.it\/de\/wp-json\/wp\/v2\/users\/1"}],"replies":[{"embeddable":true,"href":"https:\/\/www.agriturismolagiara.it\/de\/wp-json\/wp\/v2\/comments?post=5049"}],"version-history":[{"count":5,"href":"https:\/\/www.agriturismolagiara.it\/de\/wp-json\/wp\/v2\/pages\/5049\/revisions"}],"predecessor-version":[{"id":7266,"href":"https:\/\/www.agriturismolagiara.it\/de\/wp-json\/wp\/v2\/pages\/5049\/revisions\/7266"}],"wp:attachment":[{"href":"https:\/\/www.agriturismolagiara.it\/de\/wp-json\/wp\/v2\/media?parent=5049"}],"curies":[{"name":"wp","href":"https:\/\/api.w.org\/{rel}","templated":true}]}}